{"id":112981,"date":"2023-01-31T12:28:40","date_gmt":"2023-01-31T10:28:40","guid":{"rendered":"https:\/\/arbeitskleidung.de\/shop\/produkt\/bierbaum-proenen-damen-kochjacke"},"modified":"2023-01-31T12:28:43","modified_gmt":"2023-01-31T10:28:43","slug":"bierbaum-proenen-damen-kochjacke","status":"publish","type":"product","link":"https:\/\/arbeitskleidung.de\/shop\/produkt\/bierbaum-proenen-damen-kochjacke","title":{"rendered":"Bierbaum-Proenen Damen- Kochjacke"},"content":{"rendered":"<p><strong>Bierbaum-Proenen Damen- Kochjacke<\/strong><br \/>\nBodyStyle,<br \/>\nStehkragen, Teilungsn\u00e4hte, Bel\u00fcftungs\u00f6ffnungen,<br \/>\n\u00c4rmel mit Manschetten, 1 \u00c4rmeltasche,<br \/>\n65 % Polyester\/35 % Baumwolle,<br \/>\nIndustriew\u00e4sche-geeignet,<br \/>\nkochfest, pflegeleicht.<br \/>\ndoppelte Schlitzlochreihe f\u00fcr sechs Paar Kugelkn\u00f6pfe.<br \/>\nFarbe: Wei\u00df<\/p>\n<p>(Kugelkn\u00f6pfe bitte separat bestellen)<\/p>\n","protected":false},"excerpt":{"rendered":"<p>Bierbaum-Proenen Damen- Kochjacke BodyStyle, Stehkragen, Teilungsn\u00e4hte, Bel\u00fcftungs\u00f6ffnungen, \u00c4rmel mit Manschetten, 1 \u00c4rmeltasche, 65 % Polyester\/35 % Baumwolle, Industriew\u00e4sche-geeignet, kochfest, pflegeleicht. doppelte Schlitzlochreihe f\u00fcr sechs Paar Kugelkn\u00f6pfe. Farbe: Wei\u00df (Kugelkn\u00f6pfe bitte separat bestellen)<\/p>\n","protected":false},"featured_media":86781,"comment_status":"open","ping_status":"open","template":"","meta":[],"product_cat":[3144,779,3167],"product_tag":[3146,3168,3175],"class_list":["post-112981","product","type-product","status-publish","has-post-thumbnail","hentry","product_cat-kuechenkleidung-servicekleidung","product_cat-gastronomie-klinik","product_cat-damen-und-herren-kochjacken","product_tag-kuechenkleidung","product_tag-kochjacke","product_tag-bierbaum-proenen","pa_groesse-3069","pa_groesse-2874","pa_groesse-2875","pa_groesse-2876","pa_groesse-2877","pa_groesse-2878","pa_groesse-2891","pa_groesse-2939","pa_groesse-3011","pa_groesse-3012","pa_groesse-3013","pa_hersteller-bierbaum-proenen"],"_links":{"self":[{"href":"https:\/\/arbeitskleidung.de\/shop\/wp-json\/wp\/v2\/product\/112981"}],"collection":[{"href":"https:\/\/arbeitskleidung.de\/shop\/wp-json\/wp\/v2\/product"}],"about":[{"href":"https:\/\/arbeitskleidung.de\/shop\/wp-json\/wp\/v2\/types\/product"}],"replies":[{"embeddable":true,"href":"https:\/\/arbeitskleidung.de\/shop\/wp-json\/wp\/v2\/comments?post=112981"}],"wp:featuredmedia":[{"embeddable":true,"href":"https:\/\/arbeitskleidung.de\/shop\/wp-json\/wp\/v2\/media\/86781"}],"wp:attachment":[{"href":"https:\/\/arbeitskleidung.de\/shop\/wp-json\/wp\/v2\/media?parent=112981"}],"wp:term":[{"taxonomy":"product_cat","embeddable":true,"href":"https:\/\/arbeitskleidung.de\/shop\/wp-json\/wp\/v2\/product_cat?post=112981"},{"taxonomy":"product_tag","embeddable":true,"href":"https:\/\/arbeitskleidung.de\/shop\/wp-json\/wp\/v2\/product_tag?post=112981"}],"curies":[{"name":"wp","href":"https:\/\/api.w.org\/{rel}","templated":true}]}}