{"id":113058,"date":"2023-01-31T12:38:30","date_gmt":"2023-01-31T10:38:30","guid":{"rendered":"https:\/\/arbeitskleidung.de\/shop\/produkt\/bierbaum-proenen-damenhose-2"},"modified":"2023-01-31T12:38:32","modified_gmt":"2023-01-31T10:38:32","slug":"bierbaum-proenen-damenhose-2","status":"publish","type":"product","link":"https:\/\/arbeitskleidung.de\/shop\/produkt\/bierbaum-proenen-damenhose-2","title":{"rendered":"Bierbaum-Proenen Damenhose"},"content":{"rendered":"<p><strong>Bierbaum-Proenen Damenhose<\/strong><br \/>\nComfortec-Stretch<br \/>\nSeitlicher Gummizug,<br \/>\n2 Seitentaschen,<br \/>\n1 Ges\u00e4\u00dftasche<br \/>\nnormale Leibh\u00f6he, figurbetont<br \/>\npflegeleicht, kochfest<br \/>\nIndustriew\u00e4sche- geeignet<br \/>\n48 % Polyester \/ 47 % Baumwolle<br \/>\n5 % EOL ( elastische Faser )<\/p>\n","protected":false},"excerpt":{"rendered":"<p>Bierbaum-Proenen Damenhose Comfortec-Stretch Seitlicher Gummizug, 2 Seitentaschen, 1 Ges\u00e4\u00dftasche normale Leibh\u00f6he, figurbetont pflegeleicht, kochfest Industriew\u00e4sche- geeignet 48 % Polyester \/ 47 % Baumwolle 5 % EOL ( elastische Faser )<\/p>\n","protected":false},"featured_media":86691,"comment_status":"open","ping_status":"open","template":"","meta":[],"product_cat":[3144,3145,779],"product_tag":[3146,3175],"class_list":["post-113058","product","type-product","status-publish","has-post-thumbnail","hentry","product_cat-kuechenkleidung-servicekleidung","product_cat-servicehosen-oberbekleidung","product_cat-gastronomie-klinik","product_tag-kuechenkleidung","product_tag-bierbaum-proenen","pa_groesse-3069","pa_groesse-2874","pa_groesse-2875","pa_groesse-2876","pa_groesse-2877","pa_groesse-2878","pa_groesse-2891","pa_groesse-2939","pa_groesse-3011","pa_groesse-3012","pa_groesse-3013","pa_hersteller-bierbaum-proenen"],"_links":{"self":[{"href":"https:\/\/arbeitskleidung.de\/shop\/wp-json\/wp\/v2\/product\/113058"}],"collection":[{"href":"https:\/\/arbeitskleidung.de\/shop\/wp-json\/wp\/v2\/product"}],"about":[{"href":"https:\/\/arbeitskleidung.de\/shop\/wp-json\/wp\/v2\/types\/product"}],"replies":[{"embeddable":true,"href":"https:\/\/arbeitskleidung.de\/shop\/wp-json\/wp\/v2\/comments?post=113058"}],"wp:featuredmedia":[{"embeddable":true,"href":"https:\/\/arbeitskleidung.de\/shop\/wp-json\/wp\/v2\/media\/86691"}],"wp:attachment":[{"href":"https:\/\/arbeitskleidung.de\/shop\/wp-json\/wp\/v2\/media?parent=113058"}],"wp:term":[{"taxonomy":"product_cat","embeddable":true,"href":"https:\/\/arbeitskleidung.de\/shop\/wp-json\/wp\/v2\/product_cat?post=113058"},{"taxonomy":"product_tag","embeddable":true,"href":"https:\/\/arbeitskleidung.de\/shop\/wp-json\/wp\/v2\/product_tag?post=113058"}],"curies":[{"name":"wp","href":"https:\/\/api.w.org\/{rel}","templated":true}]}}