{"id":113445,"date":"2022-02-07T15:13:22","date_gmt":"2022-02-07T13:13:22","guid":{"rendered":"https:\/\/arbeitskleidung.de\/shop\/produkt\/exner-vorbinder-80-x-45-cm"},"modified":"2022-02-07T15:13:22","modified_gmt":"2022-02-07T13:13:22","slug":"exner-vorbinder-80-x-45-cm","status":"publish","type":"product","link":"https:\/\/arbeitskleidung.de\/shop\/produkt\/exner-vorbinder-80-x-45-cm","title":{"rendered":"EXNER Vorbinder 80 x 45 cm"},"content":{"rendered":"<p><strong>EXNER Vorbinder 80 x 45 cm<\/strong><br \/>\nmit durchgehenden Stoffb\u00e4ndern<br \/>\nBreite\/L\u00e4nge 80 x 45 cm<br \/>\nZusammensetzung:<br \/>\n100 % Baumwolle 230 gr.<br \/>\n65 % Baumwolle 35 % Polyester 220 gr.<\/p>\n<p>nach \u00d6ko-Tex Standard 100<\/p>\n<p>B\u00fcgelleichte &#8211; und Softausstattung<\/p>\n","protected":false},"excerpt":{"rendered":"<p>EXNER Vorbinder 80 x 45 cm mit durchgehenden Stoffb\u00e4ndern Breite\/L\u00e4nge 80 x 45 cm Zusammensetzung: 100 % Baumwolle 230 gr. 65 % Baumwolle 35 % Polyester 220 gr. nach \u00d6ko-Tex Standard 100 B\u00fcgelleichte &#8211; und Softausstattung<\/p>\n","protected":false},"featured_media":85805,"comment_status":"open","ping_status":"open","template":"","meta":[],"product_cat":[3144,3151,779,3156],"product_tag":[3146,3153,3157],"class_list":["post-113445","product","type-product","status-publish","has-post-thumbnail","hentry","product_cat-kuechenkleidung-servicekleidung","product_cat-exner-mode-mit-system","product_cat-gastronomie-klinik","product_cat-vorbinder-bistroschuerzen","product_tag-kuechenkleidung","product_tag-exner","product_tag-vorbinder","pa_farbe-nadelstreifen","pa_farbe-pepita","pa_hersteller-exner"],"_links":{"self":[{"href":"https:\/\/arbeitskleidung.de\/shop\/wp-json\/wp\/v2\/product\/113445"}],"collection":[{"href":"https:\/\/arbeitskleidung.de\/shop\/wp-json\/wp\/v2\/product"}],"about":[{"href":"https:\/\/arbeitskleidung.de\/shop\/wp-json\/wp\/v2\/types\/product"}],"replies":[{"embeddable":true,"href":"https:\/\/arbeitskleidung.de\/shop\/wp-json\/wp\/v2\/comments?post=113445"}],"wp:featuredmedia":[{"embeddable":true,"href":"https:\/\/arbeitskleidung.de\/shop\/wp-json\/wp\/v2\/media\/85805"}],"wp:attachment":[{"href":"https:\/\/arbeitskleidung.de\/shop\/wp-json\/wp\/v2\/media?parent=113445"}],"wp:term":[{"taxonomy":"product_cat","embeddable":true,"href":"https:\/\/arbeitskleidung.de\/shop\/wp-json\/wp\/v2\/product_cat?post=113445"},{"taxonomy":"product_tag","embeddable":true,"href":"https:\/\/arbeitskleidung.de\/shop\/wp-json\/wp\/v2\/product_tag?post=113445"}],"curies":[{"name":"wp","href":"https:\/\/api.w.org\/{rel}","templated":true}]}}