{"id":113448,"date":"2022-02-07T15:13:24","date_gmt":"2022-02-07T13:13:24","guid":{"rendered":"https:\/\/arbeitskleidung.de\/shop\/produkt\/exner-vorbinder-80-x-45-cm-2"},"modified":"2022-02-07T15:13:25","modified_gmt":"2022-02-07T13:13:25","slug":"exner-vorbinder-80-x-45-cm-2","status":"publish","type":"product","link":"https:\/\/arbeitskleidung.de\/shop\/produkt\/exner-vorbinder-80-x-45-cm-2","title":{"rendered":"EXNER Vorbinder 80 x 45 cm"},"content":{"rendered":"<p><strong>EXNER Vorbinder 80 x 45 cm<\/strong><br \/>\nmit durchgehenden Stoffb\u00e4ndern<br \/>\nBreite\/L\u00e4nge 80 x 45 cm<br \/>\nZusammensetzung:<br \/>\n65 % Baumwolle 35 % Polyester 220 gr.<br \/>\nnach \u00d6ko-Tex Standard 100<br \/>\nB\u00fcgelleichte &#8211; und Softausstattung.<\/p>\n","protected":false},"excerpt":{"rendered":"<p>EXNER Vorbinder 80 x 45 cm mit durchgehenden Stoffb\u00e4ndern Breite\/L\u00e4nge 80 x 45 cm Zusammensetzung: 65 % Baumwolle 35 % Polyester 220 gr. nach \u00d6ko-Tex Standard 100 B\u00fcgelleichte &#8211; und Softausstattung.<\/p>\n","protected":false},"featured_media":85810,"comment_status":"open","ping_status":"open","template":"","meta":[],"product_cat":[3144,3151,779,3156],"product_tag":[3146,3153,3157],"class_list":["post-113448","product","type-product","status-publish","has-post-thumbnail","hentry","product_cat-kuechenkleidung-servicekleidung","product_cat-exner-mode-mit-system","product_cat-gastronomie-klinik","product_cat-vorbinder-bistroschuerzen","product_tag-kuechenkleidung","product_tag-exner","product_tag-vorbinder","pa_farbe-schwarz","pa_farbe-weiss","pa_hersteller-exner"],"_links":{"self":[{"href":"https:\/\/arbeitskleidung.de\/shop\/wp-json\/wp\/v2\/product\/113448"}],"collection":[{"href":"https:\/\/arbeitskleidung.de\/shop\/wp-json\/wp\/v2\/product"}],"about":[{"href":"https:\/\/arbeitskleidung.de\/shop\/wp-json\/wp\/v2\/types\/product"}],"replies":[{"embeddable":true,"href":"https:\/\/arbeitskleidung.de\/shop\/wp-json\/wp\/v2\/comments?post=113448"}],"wp:featuredmedia":[{"embeddable":true,"href":"https:\/\/arbeitskleidung.de\/shop\/wp-json\/wp\/v2\/media\/85810"}],"wp:attachment":[{"href":"https:\/\/arbeitskleidung.de\/shop\/wp-json\/wp\/v2\/media?parent=113448"}],"wp:term":[{"taxonomy":"product_cat","embeddable":true,"href":"https:\/\/arbeitskleidung.de\/shop\/wp-json\/wp\/v2\/product_cat?post=113448"},{"taxonomy":"product_tag","embeddable":true,"href":"https:\/\/arbeitskleidung.de\/shop\/wp-json\/wp\/v2\/product_tag?post=113448"}],"curies":[{"name":"wp","href":"https:\/\/api.w.org\/{rel}","templated":true}]}}