{"id":113518,"date":"2023-01-31T12:23:18","date_gmt":"2023-01-31T10:23:18","guid":{"rendered":"https:\/\/arbeitskleidung.de\/shop\/produkt\/exner-koch-und-baeckerhose-nadelstreifen"},"modified":"2023-01-31T12:23:20","modified_gmt":"2023-01-31T10:23:20","slug":"exner-koch-und-baeckerhose-nadelstreifen","status":"publish","type":"product","link":"https:\/\/arbeitskleidung.de\/shop\/produkt\/exner-koch-und-baeckerhose-nadelstreifen","title":{"rendered":"EXNER Koch- und B\u00e4ckerhose Nadelstreifen"},"content":{"rendered":"<p><strong>EXNER Koch- und B\u00e4ckerhose Nadelstreifen<\/strong><br \/>\n1 Bundfalten, 2 Seitentaschen,<br \/>\n1 Ges\u00e4\u00dftasche,<br \/>\nSchlitz mit Metallrei\u00dfverschluss,<br \/>\nBund mit Dehnzone,<\/p>\n<p>100 % Baumwolle<br \/>\nca. 230 g\/m\u00b2<br \/>\nnach \u00d6ko- Tex Standard 100<\/p>\n<p>bis Gr\u00f6\u00dfe 68<\/p>\n","protected":false},"excerpt":{"rendered":"<p>EXNER Koch- und B\u00e4ckerhose Nadelstreifen 1 Bundfalten, 2 Seitentaschen, 1 Ges\u00e4\u00dftasche, Schlitz mit Metallrei\u00dfverschluss, Bund mit Dehnzone, 100 % Baumwolle ca. 230 g\/m\u00b2 nach \u00d6ko- Tex Standard 100 bis Gr\u00f6\u00dfe 68<\/p>\n","protected":false},"featured_media":85989,"comment_status":"open","ping_status":"open","template":"","meta":[],"product_cat":[3144,3151,779,3164],"product_tag":[3146,3153,3165],"class_list":["post-113518","product","type-product","status-publish","has-post-thumbnail","hentry","product_cat-kuechenkleidung-servicekleidung","product_cat-exner-mode-mit-system","product_cat-gastronomie-klinik","product_cat-kochhosen","product_tag-kuechenkleidung","product_tag-exner","product_tag-kochhose","pa_groesse-2878","pa_groesse-2891","pa_groesse-2939","pa_groesse-3011","pa_groesse-3012","pa_groesse-3013","pa_groesse-3014","pa_groesse-3015","pa_groesse-3016","pa_groesse-3017","pa_groesse-3018","pa_groesse-3019","pa_groesse-3070","pa_hersteller-exner"],"_links":{"self":[{"href":"https:\/\/arbeitskleidung.de\/shop\/wp-json\/wp\/v2\/product\/113518"}],"collection":[{"href":"https:\/\/arbeitskleidung.de\/shop\/wp-json\/wp\/v2\/product"}],"about":[{"href":"https:\/\/arbeitskleidung.de\/shop\/wp-json\/wp\/v2\/types\/product"}],"replies":[{"embeddable":true,"href":"https:\/\/arbeitskleidung.de\/shop\/wp-json\/wp\/v2\/comments?post=113518"}],"wp:featuredmedia":[{"embeddable":true,"href":"https:\/\/arbeitskleidung.de\/shop\/wp-json\/wp\/v2\/media\/85989"}],"wp:attachment":[{"href":"https:\/\/arbeitskleidung.de\/shop\/wp-json\/wp\/v2\/media?parent=113518"}],"wp:term":[{"taxonomy":"product_cat","embeddable":true,"href":"https:\/\/arbeitskleidung.de\/shop\/wp-json\/wp\/v2\/product_cat?post=113518"},{"taxonomy":"product_tag","embeddable":true,"href":"https:\/\/arbeitskleidung.de\/shop\/wp-json\/wp\/v2\/product_tag?post=113518"}],"curies":[{"name":"wp","href":"https:\/\/api.w.org\/{rel}","templated":true}]}}