{"id":113546,"date":"2023-01-31T12:28:31","date_gmt":"2023-01-31T10:28:31","guid":{"rendered":"https:\/\/arbeitskleidung.de\/shop\/produkt\/exner-kochjacke"},"modified":"2023-01-31T12:28:33","modified_gmt":"2023-01-31T10:28:33","slug":"exner-kochjacke","status":"publish","type":"product","link":"https:\/\/arbeitskleidung.de\/shop\/produkt\/exner-kochjacke","title":{"rendered":"EXNER Kochjacke"},"content":{"rendered":"<p><strong>EXNER Kochjacke<\/strong><br \/>\nlangarm, verdeckte Knopfleiste<br \/>\nmit Druckkn\u00f6pfen, Trapezform,<br \/>\nWienern\u00e4hte, Stehkragen,<br \/>\n\u00c4rmel mit doppelten Umschlag,<br \/>\ninnenliegende Brustleistentasche,<br \/>\nArmtasche.<br \/>\nnach \u00d6ko-Tex Standard 100,<br \/>\nB\u00fcgelleichte &#8211; und Softausstattung<\/p>\n<p>Wei\u00dfe Jacke: 100 % Baumwolle 230 gr. <\/p>\n<p>Schwarze Jacke: 65 % Baumwolle, 35 % Polyester 220 gr.<\/p>\n<p>Gr\u00f6\u00dfen:<br \/>\nS-M-L-XL-XXL-3-XL<\/p>\n","protected":false},"excerpt":{"rendered":"<p>EXNER Kochjacke langarm, verdeckte Knopfleiste mit Druckkn\u00f6pfen, Trapezform, Wienern\u00e4hte, Stehkragen, \u00c4rmel mit doppelten Umschlag, innenliegende Brustleistentasche, Armtasche. nach \u00d6ko-Tex Standard 100, B\u00fcgelleichte &#8211; und Softausstattung Wei\u00dfe Jacke: 100 % Baumwolle 230 gr. Schwarze Jacke: 65 % Baumwolle, 35 % Polyester 220 gr. Gr\u00f6\u00dfen: S-M-L-XL-XXL-3-XL<\/p>\n","protected":false},"featured_media":86018,"comment_status":"open","ping_status":"open","template":"","meta":[],"product_cat":[3144,3151,779,3167],"product_tag":[3146,3153,3168],"class_list":["post-113546","product","type-product","status-publish","has-post-thumbnail","hentry","product_cat-kuechenkleidung-servicekleidung","product_cat-exner-mode-mit-system","product_cat-gastronomie-klinik","product_cat-damen-und-herren-kochjacken","product_tag-kuechenkleidung","product_tag-exner","product_tag-kochjacke","pa_farbe-schwarz","pa_farbe-weiss","pa_groesse-3-xl","pa_groesse-l","pa_groesse-m","pa_groesse-s","pa_groesse-xl","pa_groesse-xxl","pa_hersteller-exner"],"_links":{"self":[{"href":"https:\/\/arbeitskleidung.de\/shop\/wp-json\/wp\/v2\/product\/113546"}],"collection":[{"href":"https:\/\/arbeitskleidung.de\/shop\/wp-json\/wp\/v2\/product"}],"about":[{"href":"https:\/\/arbeitskleidung.de\/shop\/wp-json\/wp\/v2\/types\/product"}],"replies":[{"embeddable":true,"href":"https:\/\/arbeitskleidung.de\/shop\/wp-json\/wp\/v2\/comments?post=113546"}],"wp:featuredmedia":[{"embeddable":true,"href":"https:\/\/arbeitskleidung.de\/shop\/wp-json\/wp\/v2\/media\/86018"}],"wp:attachment":[{"href":"https:\/\/arbeitskleidung.de\/shop\/wp-json\/wp\/v2\/media?parent=113546"}],"wp:term":[{"taxonomy":"product_cat","embeddable":true,"href":"https:\/\/arbeitskleidung.de\/shop\/wp-json\/wp\/v2\/product_cat?post=113546"},{"taxonomy":"product_tag","embeddable":true,"href":"https:\/\/arbeitskleidung.de\/shop\/wp-json\/wp\/v2\/product_tag?post=113546"}],"curies":[{"name":"wp","href":"https:\/\/api.w.org\/{rel}","templated":true}]}}