{"id":113578,"date":"2023-01-31T12:28:44","date_gmt":"2023-01-31T10:28:44","guid":{"rendered":"https:\/\/arbeitskleidung.de\/shop\/produkt\/exner-kochjacke-zweifarbig-2"},"modified":"2023-01-31T12:28:46","modified_gmt":"2023-01-31T10:28:46","slug":"exner-kochjacke-zweifarbig-2","status":"publish","type":"product","link":"https:\/\/arbeitskleidung.de\/shop\/produkt\/exner-kochjacke-zweifarbig-2","title":{"rendered":"EXNER Kochjacke zweifarbig"},"content":{"rendered":"<p><strong>EXNER Kochjacke zweifarbig<\/strong><br \/>\nlangarm, 2-reihig, 6 Knopfreihe, Trapezform,<br \/>\nWienern\u00e4hte Stehkragen, \u00c4rmel mit doppelten<br \/>\nUmschlag, innenliegende Brustleistentasche<br \/>\nSilber grau mit schwarzem Paspel <\/p>\n<p>Zusammensetzung:<br \/>\n65 % Polyester 35 % Baumwolle 220gr.<\/p>\n<p>nach \u00d6ko-Tex Standard 100<\/p>\n<p>B\u00fcgelleichte &#8211; und Softausstattung<\/p>\n<p>(Kugelkn\u00f6pfe bitte separat bestellen) <\/p>\n<p>Gr\u00f6\u00dfen: S \/ M \/ L \/ XL \/ XXL \/ 3-XL<\/p>\n","protected":false},"excerpt":{"rendered":"<p>EXNER Kochjacke zweifarbig langarm, 2-reihig, 6 Knopfreihe, Trapezform, Wienern\u00e4hte Stehkragen, \u00c4rmel mit doppelten Umschlag, innenliegende Brustleistentasche Silber grau mit schwarzem Paspel Zusammensetzung: 65 % Polyester 35 % Baumwolle 220gr. nach \u00d6ko-Tex Standard 100 B\u00fcgelleichte &#8211; und Softausstattung (Kugelkn\u00f6pfe bitte separat bestellen) Gr\u00f6\u00dfen: S \/ M \/ L \/ XL \/ XXL \/ 3-XL<\/p>\n","protected":false},"featured_media":86050,"comment_status":"open","ping_status":"open","template":"","meta":[],"product_cat":[3144,3151,779,3167],"product_tag":[3146,3153,3168],"class_list":["post-113578","product","type-product","status-publish","has-post-thumbnail","hentry","product_cat-kuechenkleidung-servicekleidung","product_cat-exner-mode-mit-system","product_cat-gastronomie-klinik","product_cat-damen-und-herren-kochjacken","product_tag-kuechenkleidung","product_tag-exner","product_tag-kochjacke","pa_groesse-3-xl","pa_groesse-l","pa_groesse-m","pa_groesse-s","pa_groesse-xl","pa_groesse-xxl","pa_hersteller-exner"],"_links":{"self":[{"href":"https:\/\/arbeitskleidung.de\/shop\/wp-json\/wp\/v2\/product\/113578"}],"collection":[{"href":"https:\/\/arbeitskleidung.de\/shop\/wp-json\/wp\/v2\/product"}],"about":[{"href":"https:\/\/arbeitskleidung.de\/shop\/wp-json\/wp\/v2\/types\/product"}],"replies":[{"embeddable":true,"href":"https:\/\/arbeitskleidung.de\/shop\/wp-json\/wp\/v2\/comments?post=113578"}],"wp:featuredmedia":[{"embeddable":true,"href":"https:\/\/arbeitskleidung.de\/shop\/wp-json\/wp\/v2\/media\/86050"}],"wp:attachment":[{"href":"https:\/\/arbeitskleidung.de\/shop\/wp-json\/wp\/v2\/media?parent=113578"}],"wp:term":[{"taxonomy":"product_cat","embeddable":true,"href":"https:\/\/arbeitskleidung.de\/shop\/wp-json\/wp\/v2\/product_cat?post=113578"},{"taxonomy":"product_tag","embeddable":true,"href":"https:\/\/arbeitskleidung.de\/shop\/wp-json\/wp\/v2\/product_tag?post=113578"}],"curies":[{"name":"wp","href":"https:\/\/api.w.org\/{rel}","templated":true}]}}