{"id":113585,"date":"2023-01-31T12:28:48","date_gmt":"2023-01-31T10:28:48","guid":{"rendered":"https:\/\/arbeitskleidung.de\/shop\/produkt\/exner-kochjacke-zweifarbig-3"},"modified":"2023-01-31T12:28:49","modified_gmt":"2023-01-31T10:28:49","slug":"exner-kochjacke-zweifarbig-3","status":"publish","type":"product","link":"https:\/\/arbeitskleidung.de\/shop\/produkt\/exner-kochjacke-zweifarbig-3","title":{"rendered":"EXNER Kochjacke zweifarbig"},"content":{"rendered":"<p><strong>EXNER Kochjacke zweifarbig<\/strong><br \/>\nlangarm, 1-reihig mit verdeckter Druckknopfleiste,<br \/>\npaspeliert, innenliegende Brustleistentasche<br \/>\nwei\u00df mit schwarzem Paspel<\/p>\n<p>Zusammensetzung:<br \/>\n100 % Baumwolle 230 gr. ( Kochjacke )<br \/>\n65 % Baumwolle 35 % Polyester 220gr. ( Paspel )<\/p>\n<p>nach \u00d6ko-Tex Standard 100<br \/>\nB\u00fcgelleichte &#8211; und Softausstattung<\/p>\n<p>Gr\u00f6\u00dfen: XS \/ S \/ M \/ L \/ XL \/ XXL \/ 3-XL<\/p>\n","protected":false},"excerpt":{"rendered":"<p>EXNER Kochjacke zweifarbig langarm, 1-reihig mit verdeckter Druckknopfleiste, paspeliert, innenliegende Brustleistentasche wei\u00df mit schwarzem Paspel Zusammensetzung: 100 % Baumwolle 230 gr. ( Kochjacke ) 65 % Baumwolle 35 % Polyester 220gr. ( Paspel ) nach \u00d6ko-Tex Standard 100 B\u00fcgelleichte &#8211; und Softausstattung Gr\u00f6\u00dfen: XS \/ S \/ M \/ L \/ XL \/ XXL \/ [&hellip;]<\/p>\n","protected":false},"featured_media":86058,"comment_status":"open","ping_status":"open","template":"","meta":[],"product_cat":[3144,3151,779,3167],"product_tag":[3146,3153,3168],"class_list":["post-113585","product","type-product","status-publish","has-post-thumbnail","hentry","product_cat-kuechenkleidung-servicekleidung","product_cat-exner-mode-mit-system","product_cat-gastronomie-klinik","product_cat-damen-und-herren-kochjacken","product_tag-kuechenkleidung","product_tag-exner","product_tag-kochjacke","pa_groesse-3-xl","pa_groesse-l","pa_groesse-m","pa_groesse-s","pa_groesse-xl","pa_groesse-xxl","pa_hersteller-exner"],"_links":{"self":[{"href":"https:\/\/arbeitskleidung.de\/shop\/wp-json\/wp\/v2\/product\/113585"}],"collection":[{"href":"https:\/\/arbeitskleidung.de\/shop\/wp-json\/wp\/v2\/product"}],"about":[{"href":"https:\/\/arbeitskleidung.de\/shop\/wp-json\/wp\/v2\/types\/product"}],"replies":[{"embeddable":true,"href":"https:\/\/arbeitskleidung.de\/shop\/wp-json\/wp\/v2\/comments?post=113585"}],"wp:featuredmedia":[{"embeddable":true,"href":"https:\/\/arbeitskleidung.de\/shop\/wp-json\/wp\/v2\/media\/86058"}],"wp:attachment":[{"href":"https:\/\/arbeitskleidung.de\/shop\/wp-json\/wp\/v2\/media?parent=113585"}],"wp:term":[{"taxonomy":"product_cat","embeddable":true,"href":"https:\/\/arbeitskleidung.de\/shop\/wp-json\/wp\/v2\/product_cat?post=113585"},{"taxonomy":"product_tag","embeddable":true,"href":"https:\/\/arbeitskleidung.de\/shop\/wp-json\/wp\/v2\/product_tag?post=113585"}],"curies":[{"name":"wp","href":"https:\/\/api.w.org\/{rel}","templated":true}]}}