{"id":114007,"date":"2022-03-07T10:29:28","date_gmt":"2022-03-07T08:29:28","guid":{"rendered":"https:\/\/arbeitskleidung.de\/shop\/produkt\/qualitex-warnschutz-sweatshirt"},"modified":"2022-03-07T10:29:29","modified_gmt":"2022-03-07T08:29:29","slug":"qualitex-warnschutz-sweatshirt","status":"publish","type":"product","link":"https:\/\/arbeitskleidung.de\/shop\/produkt\/qualitex-warnschutz-sweatshirt","title":{"rendered":"Qualitex Warnschutz- Sweatshirt"},"content":{"rendered":"<p><strong>Qualitex Warnschutz- Sweatshirt<\/strong><br \/>\nMaterial:<br \/>\nMischgewebe: 75 % Polyester \/ 25 % Baumwolle.<br \/>\nZertifiziert nach DIN EN 471:2003 + A1:2007, Klasse 2\/2<br \/>\nGewicht: ca. 300 g\/m\u00b2<\/p>\n<p>Langarm Sweatshirt.<br \/>\nElastische B\u00fcndchen an den \u00c4rmeln und am<br \/>\nShirtsaum in Marine. Rechte Brustseite mit<br \/>\neiner von innen aufgesteppten Brusttasche.<br \/>\nEingriff von au\u00dfen durch vertikal eingen\u00e4hte Rei\u00dfverschlussleiste,<br \/>\nStehkragen mit Kinnschutz (schwarz ges\u00e4umt),<br \/>\nKragenh\u00f6he 6 cm.<br \/>\nVorn verschlie\u00dfbar mit Kunststoffrei\u00dfverschluss (ca. 28cm lang).<br \/>\nRechts in Krageninnenseite eingen\u00e4hte Schlaufe<br \/>\nf\u00fcr Head-Set-Kabel. 2 umlaufend am Rumpf<br \/>\naufgen\u00e4hte Reflexstreifen, 3M-8910,<br \/>\nca. 5 cm breit sowie je 2 Reflexstreifen pro \u00c4rmel.<\/p>\n","protected":false},"excerpt":{"rendered":"<p>Qualitex Warnschutz- Sweatshirt Material: Mischgewebe: 75 % Polyester \/ 25 % Baumwolle. Zertifiziert nach DIN EN 471:2003 + A1:2007, Klasse 2\/2 Gewicht: ca. 300 g\/m\u00b2 Langarm Sweatshirt. Elastische B\u00fcndchen an den \u00c4rmeln und am Shirtsaum in Marine. Rechte Brustseite mit einer von innen aufgesteppten Brusttasche. Eingriff von au\u00dfen durch vertikal eingen\u00e4hte Rei\u00dfverschlussleiste, Stehkragen mit Kinnschutz [&hellip;]<\/p>\n","protected":false},"featured_media":87401,"comment_status":"open","ping_status":"open","template":"","meta":[],"product_cat":[3255,823,3253,3252],"product_tag":[2791,3004],"class_list":["post-114007","product","type-product","status-publish","has-post-thumbnail","hentry","product_cat-warnbekleidung","product_cat-industrie-handwerk","product_cat-warnkleidung","product_cat-qualitex-arbeitskleidung","product_tag-arbeitskleidung","product_tag-qualitex","pa_groesse-3-xl","pa_groesse-4-xl","pa_groesse-l","pa_groesse-m","pa_groesse-s","pa_groesse-xl","pa_groesse-xxl","pa_hersteller-qualitex"],"_links":{"self":[{"href":"https:\/\/arbeitskleidung.de\/shop\/wp-json\/wp\/v2\/product\/114007"}],"collection":[{"href":"https:\/\/arbeitskleidung.de\/shop\/wp-json\/wp\/v2\/product"}],"about":[{"href":"https:\/\/arbeitskleidung.de\/shop\/wp-json\/wp\/v2\/types\/product"}],"replies":[{"embeddable":true,"href":"https:\/\/arbeitskleidung.de\/shop\/wp-json\/wp\/v2\/comments?post=114007"}],"wp:featuredmedia":[{"embeddable":true,"href":"https:\/\/arbeitskleidung.de\/shop\/wp-json\/wp\/v2\/media\/87401"}],"wp:attachment":[{"href":"https:\/\/arbeitskleidung.de\/shop\/wp-json\/wp\/v2\/media?parent=114007"}],"wp:term":[{"taxonomy":"product_cat","embeddable":true,"href":"https:\/\/arbeitskleidung.de\/shop\/wp-json\/wp\/v2\/product_cat?post=114007"},{"taxonomy":"product_tag","embeddable":true,"href":"https:\/\/arbeitskleidung.de\/shop\/wp-json\/wp\/v2\/product_tag?post=114007"}],"curies":[{"name":"wp","href":"https:\/\/api.w.org\/{rel}","templated":true}]}}