{"id":114088,"date":"2022-03-07T10:29:56","date_gmt":"2022-03-07T08:29:56","guid":{"rendered":"https:\/\/arbeitskleidung.de\/shop\/produkt\/qualitex-warnschutz-bundhose"},"modified":"2022-03-07T10:29:59","modified_gmt":"2022-03-07T08:29:59","slug":"qualitex-warnschutz-bundhose","status":"publish","type":"product","link":"https:\/\/arbeitskleidung.de\/shop\/produkt\/qualitex-warnschutz-bundhose","title":{"rendered":"Qualitex Warnschutz-Bundhose"},"content":{"rendered":"<p><strong>Qualitex Warnschutz-Bundhose<\/strong><br \/>\n2-farbige, zertifizierte Bundhose.<br \/>\nMaterial: 65 % Polyester \/ 35 % Baumwolle<br \/>\nGrammatur: 245g\/m\u00b2<br \/>\nPSA-VO(EU) 2016\/425, Anhang II; EN ISO 20471:2013 &#8211; Klasse 2<\/p>\n<p>BESCHREIBUNG<\/p>\n<p>Bund mit 6 G\u00fcrtelschlaufen. Gummizug seitlich im Bund eingearbeitet. 2 eingesetzte<br \/>\nVordertaschen. 2 Ges\u00e4\u00dftaschen, verschlie\u00dfbar mit Klettverschluss. Rechts<br \/>\ndoppelte, abklappbare Ma\u00dfstabtasche mit aufgesetzter Werkzeugtasche. Links 1<br \/>\nOberschenkeltasche mit aufgesetzter Handytasche &#038; Werkzeugtasche, verschlie\u00dfbar<br \/>\nmit Patte+ Klettverschluss. Links zus\u00e4tzlich eine eingearbeitete Leistentasche und in<br \/>\nBundn\u00e4he eine Smartphonetasche mit Patte &#038; Klett. Hammerschlaufe. Hosenschlitz<br \/>\nmit YKK-Metallrei\u00dfverschlus. Vorgeformte Knie und Knietasche mit Klettverschluss.<br \/>\nElastischer Stretcheinsatz unter der Knietasche. Reflexpaspel an den vorderen<br \/>\nKontrasteins\u00e4tzen und der hinteren Passe. Je 2 umlaufende, 5cm breite Reflexstreifen<br \/>\n3M-8912 unten an den Beinen. 1 umlaufender 5cm breiter Reflexstreifen 3M-8912<br \/>\nunmittelbar oberhalb der Knietasche.<br \/>\nKontrastteile in marine: Seitentascheneingriffe und fortf\u00fchrend oberer, seitlicher<br \/>\nBeinkeil, oberer Rand der aufgesetzten Werkzeugtasche des rechten Beins,<br \/>\nHammerschlaufe<\/p>\n","protected":false},"excerpt":{"rendered":"<p>Qualitex Warnschutz-Bundhose 2-farbige, zertifizierte Bundhose. Material: 65 % Polyester \/ 35 % Baumwolle Grammatur: 245g\/m\u00b2 PSA-VO(EU) 2016\/425, Anhang II; EN ISO 20471:2013 &#8211; Klasse 2 BESCHREIBUNG Bund mit 6 G\u00fcrtelschlaufen. Gummizug seitlich im Bund eingearbeitet. 2 eingesetzte Vordertaschen. 2 Ges\u00e4\u00dftaschen, verschlie\u00dfbar mit Klettverschluss. Rechts doppelte, abklappbare Ma\u00dfstabtasche mit aufgesetzter Werkzeugtasche. Links 1 Oberschenkeltasche mit aufgesetzter [&hellip;]<\/p>\n","protected":false},"featured_media":113315,"comment_status":"open","ping_status":"open","template":"","meta":[],"product_cat":[3255,823,3253,3252],"product_tag":[3004,3199,2791],"class_list":["post-114088","product","type-product","status-publish","has-post-thumbnail","hentry","product_cat-warnbekleidung","product_cat-industrie-handwerk","product_cat-warnkleidung","product_cat-qualitex-arbeitskleidung","product_tag-qualitex","product_tag-bundhose","product_tag-arbeitskleidung","pa_farbe-warngelb-marine","pa_farbe-warnorange-marine","pa_groesse-3235","pa_groesse-3200","pa_groesse-3236","pa_groesse-3201","pa_groesse-3237","pa_groesse-2878","pa_groesse-2891","pa_groesse-2939","pa_groesse-3011","pa_groesse-3012","pa_groesse-3013","pa_groesse-3014","pa_groesse-3015","pa_groesse-3016","pa_groesse-3017","pa_groesse-3018","pa_hersteller-qualitex"],"_links":{"self":[{"href":"https:\/\/arbeitskleidung.de\/shop\/wp-json\/wp\/v2\/product\/114088"}],"collection":[{"href":"https:\/\/arbeitskleidung.de\/shop\/wp-json\/wp\/v2\/product"}],"about":[{"href":"https:\/\/arbeitskleidung.de\/shop\/wp-json\/wp\/v2\/types\/product"}],"replies":[{"embeddable":true,"href":"https:\/\/arbeitskleidung.de\/shop\/wp-json\/wp\/v2\/comments?post=114088"}],"wp:featuredmedia":[{"embeddable":true,"href":"https:\/\/arbeitskleidung.de\/shop\/wp-json\/wp\/v2\/media\/113315"}],"wp:attachment":[{"href":"https:\/\/arbeitskleidung.de\/shop\/wp-json\/wp\/v2\/media?parent=114088"}],"wp:term":[{"taxonomy":"product_cat","embeddable":true,"href":"https:\/\/arbeitskleidung.de\/shop\/wp-json\/wp\/v2\/product_cat?post=114088"},{"taxonomy":"product_tag","embeddable":true,"href":"https:\/\/arbeitskleidung.de\/shop\/wp-json\/wp\/v2\/product_tag?post=114088"}],"curies":[{"name":"wp","href":"https:\/\/api.w.org\/{rel}","templated":true}]}}