{"id":115413,"date":"2022-03-07T10:21:27","date_gmt":"2022-03-07T08:21:27","guid":{"rendered":"https:\/\/arbeitskleidung.de\/shop\/produkt\/qualitex-bundjacke-3"},"modified":"2022-03-07T16:23:23","modified_gmt":"2022-03-07T14:23:23","slug":"qualitex-bundjacke-3","status":"publish","type":"product","link":"https:\/\/arbeitskleidung.de\/shop\/produkt\/qualitex-bundjacke-3","title":{"rendered":"Qualitex Bundjacke"},"content":{"rendered":"<p><strong>Qualitex Bundjacke<\/strong><br \/>\n65 % Polyester \/ 35 % Baumwolle,<br \/>\nDiagonalk\u00f6per, ca.245 g\/m\u00b2, einlauffest.<\/p>\n<p>Umlegekragen.<br \/>\nVorn verdeckter Kunststoff-Rei\u00dfverschluss.<br \/>\n2 aufgesetzte Brusttaschen,verschlie\u00dfbar<br \/>\nmit Patte und verdecktem Klettverschluss,<br \/>\nrechts mit innen liegender Handytasche.<br \/>\n2 Innentaschen, rechts mit Rei\u00dfverschluss,<br \/>\nlinks mit Klettband verschlie\u00dfbar.<br \/>\n2 eingesetzte Seitentaschen.<br \/>\n Armtasche mit Patte und Klettverschluss.<br \/>\n \u00c4rmelb\u00fcndchen mit Klettverschluss.<br \/>\nVerl\u00e4ngertes R\u00fcckenteil. Bewegungsfalte im R\u00fccken.<br \/>\nReflexpaspel an Brust- und R\u00fcckenkoller.<br \/>\nBundweitenverstellung mit Lasche und verdecktem<br \/>\nDruckknopf.<\/p>\n","protected":false},"excerpt":{"rendered":"<p>Qualitex Bundjacke 65 % Polyester \/ 35 % Baumwolle, Diagonalk\u00f6per, ca.245 g\/m\u00b2, einlauffest. Umlegekragen. Vorn verdeckter Kunststoff-Rei\u00dfverschluss. 2 aufgesetzte Brusttaschen,verschlie\u00dfbar mit Patte und verdecktem Klettverschluss, rechts mit innen liegender Handytasche. 2 Innentaschen, rechts mit Rei\u00dfverschluss, links mit Klettband verschlie\u00dfbar. 2 eingesetzte Seitentaschen. Armtasche mit Patte und Klettverschluss. \u00c4rmelb\u00fcndchen mit Klettverschluss. Verl\u00e4ngertes R\u00fcckenteil. Bewegungsfalte im R\u00fccken. [&hellip;]<\/p>\n","protected":false},"featured_media":92673,"comment_status":"open","ping_status":"open","template":"","meta":[],"product_cat":[823,3391,3252],"product_tag":[3004,3344,3392,2791],"class_list":["post-115413","product","type-product","status-publish","has-post-thumbnail","hentry","product_cat-industrie-handwerk","product_cat-berufsbekleidung-zweifarbig","product_cat-qualitex-arbeitskleidung","product_tag-qualitex","product_tag-bundjacke","product_tag-berufsbekleidung","product_tag-arbeitskleidung","pa_farbe-grau-schwarz","pa_farbe-khaki-schwarz","pa_farbe-kornblau-schwarz","pa_farbe-marine-grau","pa_farbe-oliv-khaki","pa_farbe-rot-grau","pa_farbe-schwarz","pa_farbe-schwarz-grau","pa_farbe-weiss-grau","pa_groesse-3-xl","pa_groesse-l","pa_groesse-m","pa_groesse-s","pa_groesse-xl","pa_groesse-xxl","pa_hersteller-qualitex"],"_links":{"self":[{"href":"https:\/\/arbeitskleidung.de\/shop\/wp-json\/wp\/v2\/product\/115413"}],"collection":[{"href":"https:\/\/arbeitskleidung.de\/shop\/wp-json\/wp\/v2\/product"}],"about":[{"href":"https:\/\/arbeitskleidung.de\/shop\/wp-json\/wp\/v2\/types\/product"}],"replies":[{"embeddable":true,"href":"https:\/\/arbeitskleidung.de\/shop\/wp-json\/wp\/v2\/comments?post=115413"}],"wp:featuredmedia":[{"embeddable":true,"href":"https:\/\/arbeitskleidung.de\/shop\/wp-json\/wp\/v2\/media\/92673"}],"wp:attachment":[{"href":"https:\/\/arbeitskleidung.de\/shop\/wp-json\/wp\/v2\/media?parent=115413"}],"wp:term":[{"taxonomy":"product_cat","embeddable":true,"href":"https:\/\/arbeitskleidung.de\/shop\/wp-json\/wp\/v2\/product_cat?post=115413"},{"taxonomy":"product_tag","embeddable":true,"href":"https:\/\/arbeitskleidung.de\/shop\/wp-json\/wp\/v2\/product_tag?post=115413"}],"curies":[{"name":"wp","href":"https:\/\/api.w.org\/{rel}","templated":true}]}}