{"id":115468,"date":"2022-03-07T10:21:34","date_gmt":"2022-03-07T08:21:34","guid":{"rendered":"https:\/\/arbeitskleidung.de\/shop\/produkt\/qualitex-short"},"modified":"2022-03-07T10:21:42","modified_gmt":"2022-03-07T08:21:42","slug":"qualitex-short","status":"publish","type":"product","link":"https:\/\/arbeitskleidung.de\/shop\/produkt\/qualitex-short","title":{"rendered":"Qualitex Short"},"content":{"rendered":"<p><strong>Qualitex Short<\/strong><br \/>\n65 % Polyester \/ 35 % Baumwolle,<br \/>\nDiagonalk\u00f6per, ca.245 g\/m\u00b2, einlauffest.<\/p>\n<p>Bund mit 6 G\u00fcrtelschlaufen.<br \/>\nGummizug seitlich im Bund eingearbeitet.<br \/>\n2 eingesetzte Vordertaschen.<br \/>\n2 Ges\u00e4\u00dftaschen, verschlie\u00dfbar mit Klettverschluss.<br \/>\nRechts doppelte, abklappbare Ma\u00dfstabtasche<br \/>\nmit aufgesetzter Werkzeugtasche.<br \/>\nLinks 1 Oberschenkeltasche mit aufgesetzter<br \/>\nHandytasche + Werkzeugtasche,<br \/>\nverschlie\u00dfbar mit Patte und Klettverschluss.<br \/>\nLinks zus\u00e4tzlich eine eingearbeitete Leistentasche.<br \/>\nHammerschlaufe. Hosenschlitz mit Metallrei\u00dfverschluss.<br \/>\nVorgeformte Knie. Reflexpaspel an den vorderen<br \/>\nKontrasteins\u00e4tzen und an der hinteren Passe.<\/p>\n","protected":false},"excerpt":{"rendered":"<p>Qualitex Short 65 % Polyester \/ 35 % Baumwolle, Diagonalk\u00f6per, ca.245 g\/m\u00b2, einlauffest. Bund mit 6 G\u00fcrtelschlaufen. Gummizug seitlich im Bund eingearbeitet. 2 eingesetzte Vordertaschen. 2 Ges\u00e4\u00dftaschen, verschlie\u00dfbar mit Klettverschluss. Rechts doppelte, abklappbare Ma\u00dfstabtasche mit aufgesetzter Werkzeugtasche. Links 1 Oberschenkeltasche mit aufgesetzter Handytasche + Werkzeugtasche, verschlie\u00dfbar mit Patte und Klettverschluss. Links zus\u00e4tzlich eine eingearbeitete Leistentasche. [&hellip;]<\/p>\n","protected":false},"featured_media":90163,"comment_status":"open","ping_status":"open","template":"","meta":[],"product_cat":[823,3391,3252],"product_tag":[3004,3392,2791],"class_list":["post-115468","product","type-product","status-publish","has-post-thumbnail","hentry","product_cat-industrie-handwerk","product_cat-berufsbekleidung-zweifarbig","product_cat-qualitex-arbeitskleidung","product_tag-qualitex","product_tag-berufsbekleidung","product_tag-arbeitskleidung","pa_farbe-grau-schwarz","pa_farbe-khaki-schwarz","pa_farbe-kornblau-schwarz","pa_farbe-marine-grau","pa_farbe-oliv-khaki","pa_farbe-rot-grau","pa_farbe-schwarz","pa_farbe-schwarz-grau","pa_farbe-weiss-grau","pa_groesse-2877","pa_groesse-2878","pa_groesse-2891","pa_groesse-2939","pa_groesse-3011","pa_groesse-3012","pa_groesse-3013","pa_groesse-3014","pa_groesse-3015","pa_groesse-3016","pa_groesse-3017","pa_groesse-3018","pa_hersteller-qualitex"],"_links":{"self":[{"href":"https:\/\/arbeitskleidung.de\/shop\/wp-json\/wp\/v2\/product\/115468"}],"collection":[{"href":"https:\/\/arbeitskleidung.de\/shop\/wp-json\/wp\/v2\/product"}],"about":[{"href":"https:\/\/arbeitskleidung.de\/shop\/wp-json\/wp\/v2\/types\/product"}],"replies":[{"embeddable":true,"href":"https:\/\/arbeitskleidung.de\/shop\/wp-json\/wp\/v2\/comments?post=115468"}],"wp:featuredmedia":[{"embeddable":true,"href":"https:\/\/arbeitskleidung.de\/shop\/wp-json\/wp\/v2\/media\/90163"}],"wp:attachment":[{"href":"https:\/\/arbeitskleidung.de\/shop\/wp-json\/wp\/v2\/media?parent=115468"}],"wp:term":[{"taxonomy":"product_cat","embeddable":true,"href":"https:\/\/arbeitskleidung.de\/shop\/wp-json\/wp\/v2\/product_cat?post=115468"},{"taxonomy":"product_tag","embeddable":true,"href":"https:\/\/arbeitskleidung.de\/shop\/wp-json\/wp\/v2\/product_tag?post=115468"}],"curies":[{"name":"wp","href":"https:\/\/api.w.org\/{rel}","templated":true}]}}