{"id":115577,"date":"2022-03-07T10:21:45","date_gmt":"2022-03-07T08:21:45","guid":{"rendered":"https:\/\/arbeitskleidung.de\/shop\/produkt\/qualitex-bundhose-3"},"modified":"2022-03-07T16:22:37","modified_gmt":"2022-03-07T14:22:37","slug":"qualitex-bundhose-3","status":"publish","type":"product","link":"https:\/\/arbeitskleidung.de\/shop\/produkt\/qualitex-bundhose-3","title":{"rendered":"Qualitex Bundhose"},"content":{"rendered":"<p><strong>Qualitex Bundhose<\/strong><br \/>\n65 % Polyester \/ 35 % Baumwolle,<br \/>\nDiagonalk\u00f6per, ca.245 g\/m\u00b2, einlauffest.<\/p>\n<p>Bund mit 6 G\u00fcrtelschlaufen.<br \/>\nGummizug seitlich im Bund eingearbeitet.<br \/>\n2 eingesetzte Vordertaschen.<br \/>\n2 Ges\u00e4\u00dftaschen, verschlie\u00dfbar mit Klettverschluss.<br \/>\nRechts doppelte, abklappbare Ma\u00dfstabtasche<br \/>\nmit aufgesetzter Werkzeugtasche.<br \/>\nLinks 1 Oberschenkeltasche mit<br \/>\naufgesetzter Handytasche + Werkzeugtasche<br \/>\nund integrierter Stifttasche,<br \/>\nverschlie\u00dfbar mit Patte und Klettverschluss.<br \/>\nLinks zus\u00e4tzlich eine<br \/>\neingearbeitete Leistentasche.<br \/>\nHammerschlaufe. Hosenschlitz mit<br \/>\nMetallrei\u00dfverschluss.<br \/>\nVorgeformte Knie und Knietasche mit Klettverschluss.<br \/>\nelastischer Stretcheinsatz unter Knietasche.<br \/>\nReflexpaspel an den vorderen Kontrasteins\u00e4tzen,<br \/>\nhinteren Knien\u00e4hten und der hinteren Passe.<\/p>\n","protected":false},"excerpt":{"rendered":"<p>Qualitex Bundhose 65 % Polyester \/ 35 % Baumwolle, Diagonalk\u00f6per, ca.245 g\/m\u00b2, einlauffest. Bund mit 6 G\u00fcrtelschlaufen. Gummizug seitlich im Bund eingearbeitet. 2 eingesetzte Vordertaschen. 2 Ges\u00e4\u00dftaschen, verschlie\u00dfbar mit Klettverschluss. Rechts doppelte, abklappbare Ma\u00dfstabtasche mit aufgesetzter Werkzeugtasche. Links 1 Oberschenkeltasche mit aufgesetzter Handytasche + Werkzeugtasche und integrierter Stifttasche, verschlie\u00dfbar mit Patte und Klettverschluss. Links zus\u00e4tzlich [&hellip;]<\/p>\n","protected":false},"featured_media":92877,"comment_status":"open","ping_status":"open","template":"","meta":[],"product_cat":[823,3391,3252],"product_tag":[2791,3004,3199,3392],"class_list":["post-115577","product","type-product","status-publish","has-post-thumbnail","hentry","product_cat-industrie-handwerk","product_cat-berufsbekleidung-zweifarbig","product_cat-qualitex-arbeitskleidung","product_tag-arbeitskleidung","product_tag-qualitex","product_tag-bundhose","product_tag-berufsbekleidung","pa_farbe-grau-schwarz","pa_farbe-khaki-schwarz","pa_farbe-kornblau-schwarz","pa_farbe-marine-grau","pa_farbe-oliv-khaki","pa_farbe-rot-grau","pa_farbe-schwarz","pa_farbe-schwarz-grau","pa_farbe-weiss-grau","pa_groesse-3091","pa_groesse-3092","pa_groesse-3093","pa_groesse-3291","pa_groesse-3235","pa_groesse-3200","pa_groesse-3236","pa_groesse-3201","pa_groesse-3237","pa_groesse-2877","pa_groesse-2878","pa_groesse-2891","pa_groesse-2939","pa_groesse-3011","pa_groesse-3012","pa_groesse-3013","pa_groesse-3014","pa_groesse-3015","pa_groesse-3016","pa_groesse-3017","pa_groesse-3018","pa_groesse-2986","pa_groesse-3089","pa_groesse-3090","pa_hersteller-qualitex"],"_links":{"self":[{"href":"https:\/\/arbeitskleidung.de\/shop\/wp-json\/wp\/v2\/product\/115577"}],"collection":[{"href":"https:\/\/arbeitskleidung.de\/shop\/wp-json\/wp\/v2\/product"}],"about":[{"href":"https:\/\/arbeitskleidung.de\/shop\/wp-json\/wp\/v2\/types\/product"}],"replies":[{"embeddable":true,"href":"https:\/\/arbeitskleidung.de\/shop\/wp-json\/wp\/v2\/comments?post=115577"}],"wp:featuredmedia":[{"embeddable":true,"href":"https:\/\/arbeitskleidung.de\/shop\/wp-json\/wp\/v2\/media\/92877"}],"wp:attachment":[{"href":"https:\/\/arbeitskleidung.de\/shop\/wp-json\/wp\/v2\/media?parent=115577"}],"wp:term":[{"taxonomy":"product_cat","embeddable":true,"href":"https:\/\/arbeitskleidung.de\/shop\/wp-json\/wp\/v2\/product_cat?post=115577"},{"taxonomy":"product_tag","embeddable":true,"href":"https:\/\/arbeitskleidung.de\/shop\/wp-json\/wp\/v2\/product_tag?post=115577"}],"curies":[{"name":"wp","href":"https:\/\/api.w.org\/{rel}","templated":true}]}}