{"id":116011,"date":"2022-03-07T10:22:21","date_gmt":"2022-03-07T08:22:21","guid":{"rendered":"https:\/\/arbeitskleidung.de\/shop\/produkt\/qualitex-bundjacke-4"},"modified":"2022-03-07T10:22:25","modified_gmt":"2022-03-07T08:22:25","slug":"qualitex-bundjacke-4","status":"publish","type":"product","link":"https:\/\/arbeitskleidung.de\/shop\/produkt\/qualitex-bundjacke-4","title":{"rendered":"Qualitex Bundjacke"},"content":{"rendered":"<p><strong>Qualitex Bundjacke<\/strong><br \/>\nMischgewebe ( 65 % Baumwolle, 35 % Polyester ), ca. 300 g\/m\u00b2<\/p>\n<p>NEUE FARBKOMBINATIONEN<\/p>\n<p>Umlegekragen. 2 Seitentaschen.<br \/>\n2 Brusttaschen mit Patten.<br \/>\n1 Brusttasche abgeteilt f\u00fcr Handy.<br \/>\nOberarmstifttasche.<br \/>\nVerdeckter Rei\u00dfverschluss.<br \/>\n2 Altkupferdruckkn\u00f6pfe an der<br \/>\nRei\u00dfverschlussleiste.<br \/>\n\u00c4rmelb\u00fcndchen mit Druckknopfverstellung.<br \/>\nJackenbund mit Gummizug.<br \/>\nBrust- und R\u00fcckenkoller.<br \/>\nGolffalten am R\u00fccken sowie<br \/>\nEingriffe der Seitentaschen in Kontrastfarbe.<\/p>\n","protected":false},"excerpt":{"rendered":"<p>Qualitex Bundjacke Mischgewebe ( 65 % Baumwolle, 35 % Polyester ), ca. 300 g\/m\u00b2 NEUE FARBKOMBINATIONEN Umlegekragen. 2 Seitentaschen. 2 Brusttaschen mit Patten. 1 Brusttasche abgeteilt f\u00fcr Handy. Oberarmstifttasche. Verdeckter Rei\u00dfverschluss. 2 Altkupferdruckkn\u00f6pfe an der Rei\u00dfverschlussleiste. \u00c4rmelb\u00fcndchen mit Druckknopfverstellung. Jackenbund mit Gummizug. Brust- und R\u00fcckenkoller. Golffalten am R\u00fccken sowie Eingriffe der Seitentaschen in Kontrastfarbe.<\/p>\n","protected":false},"featured_media":93139,"comment_status":"open","ping_status":"open","template":"","meta":[],"product_cat":[823,3391,3252],"product_tag":[2791,3004,3344,3392],"class_list":["post-116011","product","type-product","status-publish","has-post-thumbnail","hentry","product_cat-industrie-handwerk","product_cat-berufsbekleidung-zweifarbig","product_cat-qualitex-arbeitskleidung","product_tag-arbeitskleidung","product_tag-qualitex","product_tag-bundjacke","product_tag-berufsbekleidung","pa_farbe-grau-schwarz","pa_farbe-kornblau-hellgrau","pa_farbe-kornblau-marineblau","pa_groesse-3091","pa_groesse-3092","pa_groesse-3093","pa_groesse-2878","pa_groesse-2891","pa_groesse-2939","pa_groesse-3011","pa_groesse-3012","pa_groesse-3013","pa_groesse-3014","pa_groesse-3015","pa_groesse-3016","pa_groesse-3017","pa_groesse-3089","pa_groesse-3090","pa_hersteller-qualitex"],"_links":{"self":[{"href":"https:\/\/arbeitskleidung.de\/shop\/wp-json\/wp\/v2\/product\/116011"}],"collection":[{"href":"https:\/\/arbeitskleidung.de\/shop\/wp-json\/wp\/v2\/product"}],"about":[{"href":"https:\/\/arbeitskleidung.de\/shop\/wp-json\/wp\/v2\/types\/product"}],"replies":[{"embeddable":true,"href":"https:\/\/arbeitskleidung.de\/shop\/wp-json\/wp\/v2\/comments?post=116011"}],"wp:featuredmedia":[{"embeddable":true,"href":"https:\/\/arbeitskleidung.de\/shop\/wp-json\/wp\/v2\/media\/93139"}],"wp:attachment":[{"href":"https:\/\/arbeitskleidung.de\/shop\/wp-json\/wp\/v2\/media?parent=116011"}],"wp:term":[{"taxonomy":"product_cat","embeddable":true,"href":"https:\/\/arbeitskleidung.de\/shop\/wp-json\/wp\/v2\/product_cat?post=116011"},{"taxonomy":"product_tag","embeddable":true,"href":"https:\/\/arbeitskleidung.de\/shop\/wp-json\/wp\/v2\/product_tag?post=116011"}],"curies":[{"name":"wp","href":"https:\/\/api.w.org\/{rel}","templated":true}]}}