{"id":116057,"date":"2022-03-07T10:22:27","date_gmt":"2022-03-07T08:22:27","guid":{"rendered":"https:\/\/arbeitskleidung.de\/shop\/produkt\/qualitex-bundhose-4"},"modified":"2022-03-07T10:22:32","modified_gmt":"2022-03-07T08:22:32","slug":"qualitex-bundhose-4","status":"publish","type":"product","link":"https:\/\/arbeitskleidung.de\/shop\/produkt\/qualitex-bundhose-4","title":{"rendered":"Qualitex Bundhose"},"content":{"rendered":"<p><strong>Qualitex Bundhose<\/strong><br \/>\nMischgewebe ( 65 % Baumwolle, 35 % Polyester ), ca. 300 g\/m\u00b2<\/p>\n<p>NEUE FARBKOMBINATIONEN<\/p>\n<p>Rundbund mit 7 Schlaufen<br \/>\nund Gummizug im R\u00fcckenbereich.<br \/>\n2 eingesetzte Vordertaschen.<br \/>\nTascheneingriffe in Kontrastfarbe.<br \/>\n1 Ges\u00e4\u00dftasche mit Patte in Kontrastfarbe.<br \/>\n2 Ma\u00dfstabtaschen,<br \/>\nuntere in Kontrastfarbe.<br \/>\n1 Oberschenkeltasche mit<br \/>\nKartoffelfalte und Patte in Kontrastfarbe.<br \/>\nHosenschlitz mit Messing-Rei\u00dfverschluss.<br \/>\nKnietaschen mit Klettverschluss zum Einschieben<br \/>\nvon Kniepolster.<\/p>\n","protected":false},"excerpt":{"rendered":"<p>Qualitex Bundhose Mischgewebe ( 65 % Baumwolle, 35 % Polyester ), ca. 300 g\/m\u00b2 NEUE FARBKOMBINATIONEN Rundbund mit 7 Schlaufen und Gummizug im R\u00fcckenbereich. 2 eingesetzte Vordertaschen. Tascheneingriffe in Kontrastfarbe. 1 Ges\u00e4\u00dftasche mit Patte in Kontrastfarbe. 2 Ma\u00dfstabtaschen, untere in Kontrastfarbe. 1 Oberschenkeltasche mit Kartoffelfalte und Patte in Kontrastfarbe. Hosenschlitz mit Messing-Rei\u00dfverschluss. Knietaschen mit Klettverschluss [&hellip;]<\/p>\n","protected":false},"featured_media":93208,"comment_status":"open","ping_status":"open","template":"","meta":[],"product_cat":[823,3391,3252],"product_tag":[2791,3004,3199,3392],"class_list":["post-116057","product","type-product","status-publish","has-post-thumbnail","hentry","product_cat-industrie-handwerk","product_cat-berufsbekleidung-zweifarbig","product_cat-qualitex-arbeitskleidung","product_tag-arbeitskleidung","product_tag-qualitex","product_tag-bundhose","product_tag-berufsbekleidung","pa_farbe-grau-schwarz","pa_farbe-kornblau-hellgrau","pa_farbe-kornblau-marineblau","pa_groesse-3091","pa_groesse-3092","pa_groesse-3093","pa_groesse-3291","pa_groesse-3235","pa_groesse-3200","pa_groesse-3236","pa_groesse-3201","pa_groesse-3237","pa_groesse-2878","pa_groesse-2891","pa_groesse-2939","pa_groesse-3011","pa_groesse-3012","pa_groesse-3013","pa_groesse-3014","pa_groesse-3015","pa_groesse-3016","pa_groesse-3017","pa_groesse-3089","pa_groesse-3090","pa_hersteller-qualitex"],"_links":{"self":[{"href":"https:\/\/arbeitskleidung.de\/shop\/wp-json\/wp\/v2\/product\/116057"}],"collection":[{"href":"https:\/\/arbeitskleidung.de\/shop\/wp-json\/wp\/v2\/product"}],"about":[{"href":"https:\/\/arbeitskleidung.de\/shop\/wp-json\/wp\/v2\/types\/product"}],"replies":[{"embeddable":true,"href":"https:\/\/arbeitskleidung.de\/shop\/wp-json\/wp\/v2\/comments?post=116057"}],"wp:featuredmedia":[{"embeddable":true,"href":"https:\/\/arbeitskleidung.de\/shop\/wp-json\/wp\/v2\/media\/93208"}],"wp:attachment":[{"href":"https:\/\/arbeitskleidung.de\/shop\/wp-json\/wp\/v2\/media?parent=116057"}],"wp:term":[{"taxonomy":"product_cat","embeddable":true,"href":"https:\/\/arbeitskleidung.de\/shop\/wp-json\/wp\/v2\/product_cat?post=116057"},{"taxonomy":"product_tag","embeddable":true,"href":"https:\/\/arbeitskleidung.de\/shop\/wp-json\/wp\/v2\/product_tag?post=116057"}],"curies":[{"name":"wp","href":"https:\/\/api.w.org\/{rel}","templated":true}]}}