{"id":116121,"date":"2022-03-07T10:22:34","date_gmt":"2022-03-07T08:22:34","guid":{"rendered":"https:\/\/arbeitskleidung.de\/shop\/produkt\/qualitex-latzhose-4"},"modified":"2022-03-07T10:22:39","modified_gmt":"2022-03-07T08:22:39","slug":"qualitex-latzhose-4","status":"publish","type":"product","link":"https:\/\/arbeitskleidung.de\/shop\/produkt\/qualitex-latzhose-4","title":{"rendered":"Qualitex Latzhose"},"content":{"rendered":"<p><strong>Qualitex Latzhose<\/strong><br \/>\nMischgewebe ( 65 % Baumwolle, 35 % Polyester ), ca. 300 g\/m\u00b2<\/p>\n<p>NEUE FARBKOMBINATIONEN<\/p>\n<p>Doppelter Brustlatz mit Messing-Rei\u00dfverschluss,<br \/>\nverdeckt in Kontrastfarbe.<br \/>\nZus\u00e4tzlich aufgesetzte Latztasche mit Patte<br \/>\nund Altkupferdruckkn\u00f6pfen.<br \/>\n2 eingesetzte Vordertaschen.<br \/>\nTascheneingriffe in Kontrastfarbe.<br \/>\n1 Ges\u00e4\u00dftasche mit Patte in Kontrastfarbe.<br \/>\n2 Ma\u00dfstabtaschen, untere in Kontrastfarbe.<br \/>\n1 Oberschenkeltasche mit Kartoffelfalte<br \/>\nund Patte in Kontrastfarbe.<br \/>\nKnietaschen mit Klettverschluss.<br \/>\nSeitenschlitze.<br \/>\nVerstellbarer Bundumfang mit<br \/>\nJeanskn\u00f6pfen im Altkupferdesign.<br \/>\nhochgezogenes, gekreuztes R\u00fcckenteil<br \/>\nmit elastischen Tr\u00e4gern.<br \/>\nSicherheitsschnalle an den Tr\u00e4gern.<br \/>\nHosenschlitz mit Messing-Rei\u00dfverschluss.<\/p>\n","protected":false},"excerpt":{"rendered":"<p>Qualitex Latzhose Mischgewebe ( 65 % Baumwolle, 35 % Polyester ), ca. 300 g\/m\u00b2 NEUE FARBKOMBINATIONEN Doppelter Brustlatz mit Messing-Rei\u00dfverschluss, verdeckt in Kontrastfarbe. Zus\u00e4tzlich aufgesetzte Latztasche mit Patte und Altkupferdruckkn\u00f6pfen. 2 eingesetzte Vordertaschen. Tascheneingriffe in Kontrastfarbe. 1 Ges\u00e4\u00dftasche mit Patte in Kontrastfarbe. 2 Ma\u00dfstabtaschen, untere in Kontrastfarbe. 1 Oberschenkeltasche mit Kartoffelfalte und Patte in Kontrastfarbe. [&hellip;]<\/p>\n","protected":false},"featured_media":93275,"comment_status":"open","ping_status":"open","template":"","meta":[],"product_cat":[823,3391,3252],"product_tag":[3004,3259,3392,2791],"class_list":["post-116121","product","type-product","status-publish","has-post-thumbnail","hentry","product_cat-industrie-handwerk","product_cat-berufsbekleidung-zweifarbig","product_cat-qualitex-arbeitskleidung","product_tag-qualitex","product_tag-latzhose","product_tag-berufsbekleidung","product_tag-arbeitskleidung","pa_farbe-grau-schwarz","pa_farbe-kornblau-hellgrau","pa_farbe-kornblau-marineblau","pa_groesse-3091","pa_groesse-3092","pa_groesse-3093","pa_groesse-3291","pa_groesse-3235","pa_groesse-3200","pa_groesse-3236","pa_groesse-3201","pa_groesse-3237","pa_groesse-2878","pa_groesse-2891","pa_groesse-2939","pa_groesse-3011","pa_groesse-3012","pa_groesse-3013","pa_groesse-3014","pa_groesse-3015","pa_groesse-3016","pa_groesse-3017","pa_groesse-3089","pa_groesse-3090","pa_hersteller-qualitex"],"_links":{"self":[{"href":"https:\/\/arbeitskleidung.de\/shop\/wp-json\/wp\/v2\/product\/116121"}],"collection":[{"href":"https:\/\/arbeitskleidung.de\/shop\/wp-json\/wp\/v2\/product"}],"about":[{"href":"https:\/\/arbeitskleidung.de\/shop\/wp-json\/wp\/v2\/types\/product"}],"replies":[{"embeddable":true,"href":"https:\/\/arbeitskleidung.de\/shop\/wp-json\/wp\/v2\/comments?post=116121"}],"wp:featuredmedia":[{"embeddable":true,"href":"https:\/\/arbeitskleidung.de\/shop\/wp-json\/wp\/v2\/media\/93275"}],"wp:attachment":[{"href":"https:\/\/arbeitskleidung.de\/shop\/wp-json\/wp\/v2\/media?parent=116121"}],"wp:term":[{"taxonomy":"product_cat","embeddable":true,"href":"https:\/\/arbeitskleidung.de\/shop\/wp-json\/wp\/v2\/product_cat?post=116121"},{"taxonomy":"product_tag","embeddable":true,"href":"https:\/\/arbeitskleidung.de\/shop\/wp-json\/wp\/v2\/product_tag?post=116121"}],"curies":[{"name":"wp","href":"https:\/\/api.w.org\/{rel}","templated":true}]}}