{"id":116222,"date":"2022-03-07T10:26:29","date_gmt":"2022-03-07T08:26:29","guid":{"rendered":"https:\/\/arbeitskleidung.de\/shop\/produkt\/qualitex-bundhose-5"},"modified":"2022-03-07T10:26:32","modified_gmt":"2022-03-07T08:26:32","slug":"qualitex-bundhose-5","status":"publish","type":"product","link":"https:\/\/arbeitskleidung.de\/shop\/produkt\/qualitex-bundhose-5","title":{"rendered":"Qualitex Bundhose"},"content":{"rendered":"<p><strong>Qualitex Bundhose<\/strong><br \/>\nNORM: EN 470 \/ 1 DIN EN- 531<br \/>\nMATERIAL: Proban 370 g\/m\u00b2 <\/p>\n<p>Rundbund mit 7 Schlaufen,<br \/>\nseitl. eingearbeitem Gummi und<br \/>\nKnopfverschlu\u00df,<br \/>\nHosenschlitz durch Kn\u00f6pfe<br \/>\nverschlie\u00dfbar,<br \/>\n2 Seitentaschen,<br \/>\n1 Ges\u00e4\u00dftasche mit Patte,<br \/>\n1 schmale Beintasche mit seitlichen<br \/>\nEingriff.<\/p>\n<p>Jetzt auch in Blau lieferbar.<\/p>\n","protected":false},"excerpt":{"rendered":"<p>Qualitex Bundhose NORM: EN 470 \/ 1 DIN EN- 531 MATERIAL: Proban 370 g\/m\u00b2 Rundbund mit 7 Schlaufen, seitl. eingearbeitem Gummi und Knopfverschlu\u00df, Hosenschlitz durch Kn\u00f6pfe verschlie\u00dfbar, 2 Seitentaschen, 1 Ges\u00e4\u00dftasche mit Patte, 1 schmale Beintasche mit seitlichen Eingriff. Jetzt auch in Blau lieferbar.<\/p>\n","protected":false},"featured_media":90739,"comment_status":"open","ping_status":"open","template":"","meta":[],"product_cat":[3357,823,3252],"product_tag":[3004,3199,2791],"class_list":["post-116222","product","type-product","status-publish","has-post-thumbnail","hentry","product_cat-schweisserschutzbekleidung","product_cat-industrie-handwerk","product_cat-qualitex-arbeitskleidung","product_tag-qualitex","product_tag-bundhose","product_tag-arbeitskleidung","pa_farbe-blau","pa_farbe-grau","pa_groesse-3091","pa_groesse-3092","pa_groesse-3093","pa_groesse-2877","pa_groesse-2878","pa_groesse-2891","pa_groesse-2939","pa_groesse-3011","pa_groesse-3012","pa_groesse-3013","pa_groesse-3014","pa_groesse-3015","pa_groesse-3016","pa_groesse-3017","pa_groesse-3018","pa_groesse-2986","pa_groesse-3089","pa_groesse-3090","pa_hersteller-qualitex"],"_links":{"self":[{"href":"https:\/\/arbeitskleidung.de\/shop\/wp-json\/wp\/v2\/product\/116222"}],"collection":[{"href":"https:\/\/arbeitskleidung.de\/shop\/wp-json\/wp\/v2\/product"}],"about":[{"href":"https:\/\/arbeitskleidung.de\/shop\/wp-json\/wp\/v2\/types\/product"}],"replies":[{"embeddable":true,"href":"https:\/\/arbeitskleidung.de\/shop\/wp-json\/wp\/v2\/comments?post=116222"}],"wp:featuredmedia":[{"embeddable":true,"href":"https:\/\/arbeitskleidung.de\/shop\/wp-json\/wp\/v2\/media\/90739"}],"wp:attachment":[{"href":"https:\/\/arbeitskleidung.de\/shop\/wp-json\/wp\/v2\/media?parent=116222"}],"wp:term":[{"taxonomy":"product_cat","embeddable":true,"href":"https:\/\/arbeitskleidung.de\/shop\/wp-json\/wp\/v2\/product_cat?post=116222"},{"taxonomy":"product_tag","embeddable":true,"href":"https:\/\/arbeitskleidung.de\/shop\/wp-json\/wp\/v2\/product_tag?post=116222"}],"curies":[{"name":"wp","href":"https:\/\/api.w.org\/{rel}","templated":true}]}}