{"id":116307,"date":"2022-03-07T10:29:41","date_gmt":"2022-03-07T08:29:41","guid":{"rendered":"https:\/\/arbeitskleidung.de\/shop\/produkt\/qualitex-warnbundhose"},"modified":"2022-03-07T10:29:42","modified_gmt":"2022-03-07T08:29:42","slug":"qualitex-warnbundhose","status":"publish","type":"product","link":"https:\/\/arbeitskleidung.de\/shop\/produkt\/qualitex-warnbundhose","title":{"rendered":"Qualitex Warnbundhose"},"content":{"rendered":"<p><strong>Qualitex Warnbundhose<\/strong><br \/>\nZertifiziert nach DIN EN &#8211; 471 280 g\/m\u00b2<br \/>\nRundbund mit 7 Schlaufen<br \/>\nseitl. eingearbeitem Gummi und<br \/>\nKnopfverschlu\u00df<br \/>\nHosenschlitz durch Kn\u00f6pfe<br \/>\nverschlie\u00dfbar<br \/>\n2 Seitentaschen<br \/>\n1 Zollstocktasche<br \/>\n1 Ges\u00e4\u00dftasche<br \/>\n2 Reflexstreifen pro Bein<\/p>\n<p>Material :<br \/>\n88 % Polyester \/ 12 % Baumwolle<\/p>\n<p>Farbe : fluoreszierend Orange<\/p>\n","protected":false},"excerpt":{"rendered":"<p>Qualitex Warnbundhose Zertifiziert nach DIN EN &#8211; 471 280 g\/m\u00b2 Rundbund mit 7 Schlaufen seitl. eingearbeitem Gummi und Knopfverschlu\u00df Hosenschlitz durch Kn\u00f6pfe verschlie\u00dfbar 2 Seitentaschen 1 Zollstocktasche 1 Ges\u00e4\u00dftasche 2 Reflexstreifen pro Bein Material : 88 % Polyester \/ 12 % Baumwolle Farbe : fluoreszierend Orange<\/p>\n","protected":false},"featured_media":87474,"comment_status":"open","ping_status":"open","template":"","meta":[],"product_cat":[823,3253,3252],"product_tag":[3004,2791],"class_list":["post-116307","product","type-product","status-publish","has-post-thumbnail","hentry","product_cat-industrie-handwerk","product_cat-warnkleidung","product_cat-qualitex-arbeitskleidung","product_tag-qualitex","product_tag-arbeitskleidung","pa_groesse-3091","pa_groesse-3092","pa_groesse-3093","pa_groesse-2877","pa_groesse-2878","pa_groesse-2891","pa_groesse-2939","pa_groesse-3011","pa_groesse-3012","pa_groesse-3013","pa_groesse-3014","pa_groesse-3015","pa_groesse-3016","pa_groesse-3017","pa_groesse-3018","pa_groesse-2986","pa_groesse-3089","pa_groesse-3090","pa_hersteller-qualitex"],"_links":{"self":[{"href":"https:\/\/arbeitskleidung.de\/shop\/wp-json\/wp\/v2\/product\/116307"}],"collection":[{"href":"https:\/\/arbeitskleidung.de\/shop\/wp-json\/wp\/v2\/product"}],"about":[{"href":"https:\/\/arbeitskleidung.de\/shop\/wp-json\/wp\/v2\/types\/product"}],"replies":[{"embeddable":true,"href":"https:\/\/arbeitskleidung.de\/shop\/wp-json\/wp\/v2\/comments?post=116307"}],"wp:featuredmedia":[{"embeddable":true,"href":"https:\/\/arbeitskleidung.de\/shop\/wp-json\/wp\/v2\/media\/87474"}],"wp:attachment":[{"href":"https:\/\/arbeitskleidung.de\/shop\/wp-json\/wp\/v2\/media?parent=116307"}],"wp:term":[{"taxonomy":"product_cat","embeddable":true,"href":"https:\/\/arbeitskleidung.de\/shop\/wp-json\/wp\/v2\/product_cat?post=116307"},{"taxonomy":"product_tag","embeddable":true,"href":"https:\/\/arbeitskleidung.de\/shop\/wp-json\/wp\/v2\/product_tag?post=116307"}],"curies":[{"name":"wp","href":"https:\/\/api.w.org\/{rel}","templated":true}]}}