{"id":116764,"date":"2022-09-15T08:10:39","date_gmt":"2022-09-15T06:10:39","guid":{"rendered":"https:\/\/arbeitskleidung.de\/shop\/produkt\/bierbaum-proenen-workerhose-4"},"modified":"2022-09-15T08:10:40","modified_gmt":"2022-09-15T06:10:40","slug":"bierbaum-proenen-workerhose-4","status":"publish","type":"product","link":"https:\/\/arbeitskleidung.de\/shop\/produkt\/bierbaum-proenen-workerhose-4","title":{"rendered":"Bierbaum-Proenen Workerhose"},"content":{"rendered":"<p><strong>Bierbaum-Proenen Workerhose<\/strong><br \/>\nBund mit G\u00fcrtelschlaufen f\u00fcr G\u00fcrtel<br \/>\nbis ca. 5 cm Breite,<br \/>\n2 Seitentaschen,<br \/>\n2 Ges\u00e4\u00dftaschen,<br \/>\n2 Zollstocktaschen mit je<br \/>\n1 aufgesetzten verschlie\u00dfbaren<br \/>\nMultifunktionstasche,<br \/>\ninnenliegende Einschubtaschen<br \/>\nf\u00fcr Kniepolster. <\/p>\n<p>54 % Polyester<br \/>\n43 % Baumwolle<br \/>\n3 % EOL Lastol DOW XLA<\/p>\n<p>bei Jeansstoff:<br \/>\n78 % Baumwolle<br \/>\n22 % EF<\/p>\n","protected":false},"excerpt":{"rendered":"<p>Restpostenverkauf vom Umtausch ausgeschlossen<\/p>\n","protected":false},"featured_media":116775,"comment_status":"open","ping_status":"open","template":"","meta":[],"product_cat":[3718,823,3440],"product_tag":[3175,3240],"class_list":["post-116764","product","type-product","status-publish","has-post-thumbnail","hentry","product_cat-bp-workfashion-restposten","product_cat-industrie-handwerk","product_cat-bierbaum-proenen-kollektion","product_tag-bierbaum-proenen","product_tag-guertel","pa_auswahl-cognac-62","pa_auswahl-cognac-64","pa_auswahl-dunkelblau-62","pa_auswahl-dunkelblau-64","pa_auswahl-jeans-52","pa_auswahl-jeans-56","pa_auswahl-schwarz-64","pa_auswahl-schwarz-90","pa_auswahl-schwarz-98","pa_auswahl-schwarz-48","pa_hersteller-bierbaum-proenen"],"_links":{"self":[{"href":"https:\/\/arbeitskleidung.de\/shop\/wp-json\/wp\/v2\/product\/116764"}],"collection":[{"href":"https:\/\/arbeitskleidung.de\/shop\/wp-json\/wp\/v2\/product"}],"about":[{"href":"https:\/\/arbeitskleidung.de\/shop\/wp-json\/wp\/v2\/types\/product"}],"replies":[{"embeddable":true,"href":"https:\/\/arbeitskleidung.de\/shop\/wp-json\/wp\/v2\/comments?post=116764"}],"wp:featuredmedia":[{"embeddable":true,"href":"https:\/\/arbeitskleidung.de\/shop\/wp-json\/wp\/v2\/media\/116775"}],"wp:attachment":[{"href":"https:\/\/arbeitskleidung.de\/shop\/wp-json\/wp\/v2\/media?parent=116764"}],"wp:term":[{"taxonomy":"product_cat","embeddable":true,"href":"https:\/\/arbeitskleidung.de\/shop\/wp-json\/wp\/v2\/product_cat?post=116764"},{"taxonomy":"product_tag","embeddable":true,"href":"https:\/\/arbeitskleidung.de\/shop\/wp-json\/wp\/v2\/product_tag?post=116764"}],"curies":[{"name":"wp","href":"https:\/\/api.w.org\/{rel}","templated":true}]}}