{"id":116879,"date":"2025-11-04T16:57:18","date_gmt":"2025-11-04T14:57:18","guid":{"rendered":"https:\/\/arbeitskleidung.de\/shop\/produkt\/boetticher-meisterhose-mit-schlag-trenckercord"},"modified":"2025-11-04T16:57:21","modified_gmt":"2025-11-04T14:57:21","slug":"boetticher-meisterhose-mit-schlag-trenckercord","status":"publish","type":"product","link":"https:\/\/arbeitskleidung.de\/shop\/produkt\/boetticher-meisterhose-mit-schlag-trenckercord","title":{"rendered":"Boetticher Meisterhose mit Schlag TRENCKERCORD"},"content":{"rendered":"<p><strong>Boetticher Meisterhose mit Schlag TRENCKERCORD<\/strong><br \/>\n20-25 Rippen auf 10 cm L\u00e4nge<br \/>\n550 g\/m\u00b2<br \/>\nEinlaufwert: ca 1 % in der L\u00e4nge<\/p>\n<p>Eigenschaften:<br \/>\ntraditionelle Cordqualit\u00e4t<br \/>\nansteigende Rei\u00dffestigkeit<\/p>\n<p>Material:<br \/>\n85 % Baumwolle \/ 15 % Polyester<\/p>\n<p>2 Zollstocktaschen<\/p>\n<p>Farbe: Schwarz<\/p>\n","protected":false},"excerpt":{"rendered":"<p>Boetticher Meisterhose mit Schlag TRENCKERCORD 20-25 Rippen auf 10 cm L\u00e4nge 550 g\/m\u00b2 Einlaufwert: ca 1 % in der L\u00e4nge Eigenschaften: traditionelle Cordqualit\u00e4t ansteigende Rei\u00dffestigkeit Material: 85 % Baumwolle \/ 15 % Polyester 2 Zollstocktaschen Farbe: Schwarz<\/p>\n","protected":false},"featured_media":116899,"comment_status":"open","ping_status":"open","template":"","meta":[],"product_cat":[1025,3001],"product_tag":[3003,3008,3010],"class_list":["post-116879","product","type-product","status-publish","has-post-thumbnail","hentry","product_cat-zunftbekleidung","product_cat-meisterhose-boetticher-zunftkleidung","product_tag-boetticher","product_tag-meisterhose","product_tag-zunftkleidung","pa_groesse-3091","pa_groesse-3092","pa_groesse-3093","pa_groesse-2878","pa_groesse-2891","pa_groesse-2939","pa_groesse-3011","pa_groesse-3012","pa_groesse-3013","pa_groesse-3014","pa_groesse-3015","pa_groesse-3016","pa_groesse-3017","pa_groesse-3074","pa_groesse-3088","pa_groesse-3075","pa_groesse-2986","pa_groesse-3089","pa_groesse-3090","pa_hersteller-boetticher"],"_links":{"self":[{"href":"https:\/\/arbeitskleidung.de\/shop\/wp-json\/wp\/v2\/product\/116879"}],"collection":[{"href":"https:\/\/arbeitskleidung.de\/shop\/wp-json\/wp\/v2\/product"}],"about":[{"href":"https:\/\/arbeitskleidung.de\/shop\/wp-json\/wp\/v2\/types\/product"}],"replies":[{"embeddable":true,"href":"https:\/\/arbeitskleidung.de\/shop\/wp-json\/wp\/v2\/comments?post=116879"}],"wp:featuredmedia":[{"embeddable":true,"href":"https:\/\/arbeitskleidung.de\/shop\/wp-json\/wp\/v2\/media\/116899"}],"wp:attachment":[{"href":"https:\/\/arbeitskleidung.de\/shop\/wp-json\/wp\/v2\/media?parent=116879"}],"wp:term":[{"taxonomy":"product_cat","embeddable":true,"href":"https:\/\/arbeitskleidung.de\/shop\/wp-json\/wp\/v2\/product_cat?post=116879"},{"taxonomy":"product_tag","embeddable":true,"href":"https:\/\/arbeitskleidung.de\/shop\/wp-json\/wp\/v2\/product_tag?post=116879"}],"curies":[{"name":"wp","href":"https:\/\/api.w.org\/{rel}","templated":true}]}}