{"id":116900,"date":"2025-11-04T16:57:03","date_gmt":"2025-11-04T14:57:03","guid":{"rendered":"https:\/\/arbeitskleidung.de\/shop\/produkt\/boetticher-gildehose-ohne-schlag-rips-moleskin"},"modified":"2025-11-04T16:57:07","modified_gmt":"2025-11-04T14:57:07","slug":"boetticher-gildehose-ohne-schlag-rips-moleskin","status":"publish","type":"product","link":"https:\/\/arbeitskleidung.de\/shop\/produkt\/boetticher-gildehose-ohne-schlag-rips-moleskin","title":{"rendered":"Boetticher Gildehose ohne Schlag RIPS- MOLESKIN"},"content":{"rendered":"<p><strong>Boetticher Gildehose ohne Schlag RIPS- MOLESKIN<\/strong><br \/>\n330 g\/m\u00b2<br \/>\nEinlaufwert: ca. 3 % in der L\u00e4nge<\/p>\n<p>Eigenschaften:<br \/>\nstrapazierf\u00e4hig, atmungsaktiv,<br \/>\nfeuchtigkeitsabsorbierend<br \/>\nSchutz vor Schwei\u00dffunken<\/p>\n<p>Material:<br \/>\n100 % Baumwolle <\/p>\n<p>2 Zollstocktaschen,<br \/>\nmit Knietaschen<\/p>\n<p>Farbe: Schwarz<\/p>\n","protected":false},"excerpt":{"rendered":"<p>Boetticher Gildehose ohne Schlag RIPS- MOLESKIN 330 g\/m\u00b2 Einlaufwert: ca. 3 % in der L\u00e4nge Eigenschaften: strapazierf\u00e4hig, atmungsaktiv, feuchtigkeitsabsorbierend Schutz vor Schwei\u00dffunken Material: 100 % Baumwolle 2 Zollstocktaschen, mit Knietaschen Farbe: Schwarz<\/p>\n","protected":false},"featured_media":85150,"comment_status":"open","ping_status":"open","template":"","meta":[],"product_cat":[1025,3000],"product_tag":[3003,3006,3010],"class_list":["post-116900","product","type-product","status-publish","has-post-thumbnail","hentry","product_cat-zunftbekleidung","product_cat-gildehose-botticher-zunftkleidung","product_tag-boetticher","product_tag-gildehose","product_tag-zunftkleidung","pa_groesse-3091","pa_groesse-3092","pa_groesse-3093","pa_groesse-2878","pa_groesse-2891","pa_groesse-2939","pa_groesse-3011","pa_groesse-3012","pa_groesse-3013","pa_groesse-3014","pa_groesse-3015","pa_groesse-3016","pa_groesse-3017","pa_groesse-3074","pa_groesse-3088","pa_groesse-3075","pa_groesse-2986","pa_groesse-3089","pa_groesse-3090","pa_hersteller-boetticher"],"_links":{"self":[{"href":"https:\/\/arbeitskleidung.de\/shop\/wp-json\/wp\/v2\/product\/116900"}],"collection":[{"href":"https:\/\/arbeitskleidung.de\/shop\/wp-json\/wp\/v2\/product"}],"about":[{"href":"https:\/\/arbeitskleidung.de\/shop\/wp-json\/wp\/v2\/types\/product"}],"replies":[{"embeddable":true,"href":"https:\/\/arbeitskleidung.de\/shop\/wp-json\/wp\/v2\/comments?post=116900"}],"wp:featuredmedia":[{"embeddable":true,"href":"https:\/\/arbeitskleidung.de\/shop\/wp-json\/wp\/v2\/media\/85150"}],"wp:attachment":[{"href":"https:\/\/arbeitskleidung.de\/shop\/wp-json\/wp\/v2\/media?parent=116900"}],"wp:term":[{"taxonomy":"product_cat","embeddable":true,"href":"https:\/\/arbeitskleidung.de\/shop\/wp-json\/wp\/v2\/product_cat?post=116900"},{"taxonomy":"product_tag","embeddable":true,"href":"https:\/\/arbeitskleidung.de\/shop\/wp-json\/wp\/v2\/product_tag?post=116900"}],"curies":[{"name":"wp","href":"https:\/\/api.w.org\/{rel}","templated":true}]}}