{"id":116971,"date":"2022-11-15T12:27:17","date_gmt":"2022-11-15T10:27:17","guid":{"rendered":"https:\/\/arbeitskleidung.de\/shop\/produkt\/boetticher-zunftweste-zwirn-doppel-pilot-2"},"modified":"2022-11-15T12:27:18","modified_gmt":"2022-11-15T10:27:18","slug":"boetticher-zunftweste-zwirn-doppel-pilot-2","status":"publish","type":"product","link":"https:\/\/arbeitskleidung.de\/shop\/produkt\/boetticher-zunftweste-zwirn-doppel-pilot-2","title":{"rendered":"Boetticher Zunftweste ZWIRN- DOPPEL- PILOT"},"content":{"rendered":"<p><strong>Boetticher Zunftweste ZWIRN- DOPPEL- PILOT<\/strong><br \/>\n520 g\/m\u00b2<br \/>\nEinlaufwert: ca. 4 % in der L\u00e4nge<\/p>\n<p>Eigenschaften:<br \/>\nbesonders robust, hohe Scheuerfestigkeit,<br \/>\natmungsaktiv, angenehmer Tragekomfort<br \/>\ndurch aufgerauhte Innenseite,<br \/>\nfeuchtigkeitsabsorbierend<br \/>\nSchutz vor Schwei\u00dffunken<\/p>\n<p>Material:<br \/>\n100 % Baumwolle <\/p>\n<p>mit Nierenschutz<br \/>\nzweireihig,<br \/>\nachtkn\u00f6pfig<br \/>\n1 Innentasche<br \/>\n2 Au\u00dfentaschen<\/p>\n<p>R\u00fcckenteil: Zwirn-Doppel-Pilot<\/p>\n<p>Farbe: Schwarz<\/p>\n","protected":false},"excerpt":{"rendered":"<p>Boetticher Zunftweste ZWIRN- DOPPEL- PILOT 520 g\/m\u00b2 Einlaufwert: ca. 4 % in der L\u00e4nge Eigenschaften: besonders robust, hohe Scheuerfestigkeit, atmungsaktiv, angenehmer Tragekomfort durch aufgerauhte Innenseite, feuchtigkeitsabsorbierend Schutz vor Schwei\u00dffunken Material: 100 % Baumwolle mit Nierenschutz zweireihig, achtkn\u00f6pfig 1 Innentasche 2 Au\u00dfentaschen R\u00fcckenteil: Zwirn-Doppel-Pilot Farbe: Schwarz<\/p>\n","protected":false},"featured_media":85083,"comment_status":"open","ping_status":"open","template":"","meta":[],"product_cat":[1025,2999],"product_tag":[2975,3003,3010],"class_list":["post-116971","product","type-product","status-publish","has-post-thumbnail","hentry","product_cat-zunftbekleidung","product_cat-zunftwesten-botticher-zunftkleidung","product_tag-zunftweste","product_tag-boetticher","product_tag-zunftkleidung","pa_groesse-2878","pa_groesse-2891","pa_groesse-2939","pa_groesse-3011","pa_groesse-3012","pa_groesse-3013","pa_groesse-3014","pa_groesse-3015","pa_groesse-3016","pa_groesse-3017","pa_hersteller-boetticher"],"_links":{"self":[{"href":"https:\/\/arbeitskleidung.de\/shop\/wp-json\/wp\/v2\/product\/116971"}],"collection":[{"href":"https:\/\/arbeitskleidung.de\/shop\/wp-json\/wp\/v2\/product"}],"about":[{"href":"https:\/\/arbeitskleidung.de\/shop\/wp-json\/wp\/v2\/types\/product"}],"replies":[{"embeddable":true,"href":"https:\/\/arbeitskleidung.de\/shop\/wp-json\/wp\/v2\/comments?post=116971"}],"wp:featuredmedia":[{"embeddable":true,"href":"https:\/\/arbeitskleidung.de\/shop\/wp-json\/wp\/v2\/media\/85083"}],"wp:attachment":[{"href":"https:\/\/arbeitskleidung.de\/shop\/wp-json\/wp\/v2\/media?parent=116971"}],"wp:term":[{"taxonomy":"product_cat","embeddable":true,"href":"https:\/\/arbeitskleidung.de\/shop\/wp-json\/wp\/v2\/product_cat?post=116971"},{"taxonomy":"product_tag","embeddable":true,"href":"https:\/\/arbeitskleidung.de\/shop\/wp-json\/wp\/v2\/product_tag?post=116971"}],"curies":[{"name":"wp","href":"https:\/\/api.w.org\/{rel}","templated":true}]}}