{"id":118359,"date":"2023-10-31T17:00:06","date_gmt":"2023-10-31T15:00:06","guid":{"rendered":"https:\/\/arbeitskleidung.de\/shop\/produkt\/pka-praktika-bundhose"},"modified":"2025-12-01T08:36:43","modified_gmt":"2025-12-01T06:36:43","slug":"pka-praktika-bundhose","status":"publish","type":"product","link":"https:\/\/arbeitskleidung.de\/shop\/produkt\/pka-praktika-bundhose","title":{"rendered":"PKA- Praktika Bundhose"},"content":{"rendered":"<p><strong>PKA- Praktika Bundhose<\/strong><br \/>\nMischgewebe 60 % Polyester \/ 40 % Baumwolle<br \/>\nDiagonalk\u00f6per 260 g\/m\u00b2<\/p>\n<p>\u00d6ko-Tex Standard 100<\/p>\n<p>Eingearbeiteter Gummizug im Hosenbund,<br \/>\n2 integrierte Eingrifftaschen,<br \/>\nMetallrei\u00dfverschluss im Hosenschlitz,<br \/>\n2 verst\u00e4rkte Ges\u00e4\u00dftaschen mit Patte und Klett,<br \/>\n1 Cargotasche,<br \/>\ndoppelte Zollstocktasche mit integrierter<br \/>\nHandytasche am rechten Bein,<br \/>\nKnietaschen fur Einschubkissen aus CORDURA,<br \/>\nnach DIN EN 14404 Typ 2, Level 1.<\/p>\n","protected":false},"excerpt":{"rendered":"<p>Restpostenverkauf vom Umtausch ausgeschlossen<\/p>\n","protected":false},"featured_media":88448,"comment_status":"open","ping_status":"closed","template":"","meta":[],"product_cat":[3799,823,3798],"product_tag":[3330,3199],"class_list":["post-118359","product","type-product","status-publish","has-post-thumbnail","hentry","product_cat-pka-serie-praktika-damenlatzhosen-pka-kollektion","product_cat-industrie-handwerk","product_cat-pka-kollektion","product_tag-pka","product_tag-bundhose","pa_auswahl-schwarz-58","pa_auswahl-kornblau-hydronblau-27","pa_auswahl-kornblau-hydronblau-52","pa_auswahl-kornblau-hydronblau-58","pa_auswahl-kornblau-hydronblau-60","pa_auswahl-mittelgrau-grau-27","pa_auswahl-mittelgrau-grau-44","pa_auswahl-mittelgrau-grau-46","pa_auswahl-mittelgrau-grau-48","pa_auswahl-mittelgrau-grau-50","pa_auswahl-mittelgrau-grau-52","pa_auswahl-mittelgrau-grau-54","pa_auswahl-mittelgrau-grau-56","pa_auswahl-mittelgrau-grau-58","pa_auswahl-mittelgrau-grau-60","pa_auswahl-sand-braun-27","pa_auswahl-sand-braun-44","pa_auswahl-sand-braun-46","pa_auswahl-sand-braun-48","pa_auswahl-sand-braun-50","pa_auswahl-sand-braun-52","pa_auswahl-sand-braun-54","pa_auswahl-sand-braun-56","pa_auswahl-sand-braun-58","pa_auswahl-schwarz-42","pa_auswahl-schwarz-44","pa_auswahl-schwarz-46","pa_auswahl-schwarz-48","pa_auswahl-schwarz-50","pa_auswahl-schwarz-52","pa_auswahl-schwarz-54","pa_auswahl-schwarz-56","pa_hersteller-pka"],"_links":{"self":[{"href":"https:\/\/arbeitskleidung.de\/shop\/wp-json\/wp\/v2\/product\/118359"}],"collection":[{"href":"https:\/\/arbeitskleidung.de\/shop\/wp-json\/wp\/v2\/product"}],"about":[{"href":"https:\/\/arbeitskleidung.de\/shop\/wp-json\/wp\/v2\/types\/product"}],"replies":[{"embeddable":true,"href":"https:\/\/arbeitskleidung.de\/shop\/wp-json\/wp\/v2\/comments?post=118359"}],"wp:featuredmedia":[{"embeddable":true,"href":"https:\/\/arbeitskleidung.de\/shop\/wp-json\/wp\/v2\/media\/88448"}],"wp:attachment":[{"href":"https:\/\/arbeitskleidung.de\/shop\/wp-json\/wp\/v2\/media?parent=118359"}],"wp:term":[{"taxonomy":"product_cat","embeddable":true,"href":"https:\/\/arbeitskleidung.de\/shop\/wp-json\/wp\/v2\/product_cat?post=118359"},{"taxonomy":"product_tag","embeddable":true,"href":"https:\/\/arbeitskleidung.de\/shop\/wp-json\/wp\/v2\/product_tag?post=118359"}],"curies":[{"name":"wp","href":"https:\/\/api.w.org\/{rel}","templated":true}]}}