{"id":118392,"date":"2023-10-31T17:00:10","date_gmt":"2023-10-31T15:00:10","guid":{"rendered":"https:\/\/arbeitskleidung.de\/shop\/produkt\/pka-praktika-damenlatzhose"},"modified":"2026-01-15T10:37:32","modified_gmt":"2026-01-15T08:37:32","slug":"pka-praktika-damenlatzhose","status":"publish","type":"product","link":"https:\/\/arbeitskleidung.de\/shop\/produkt\/pka-praktika-damenlatzhose","title":{"rendered":"PKA- Praktika Damenlatzhose"},"content":{"rendered":"<p><strong>PKA- Praktika Damenlatzhose<\/strong><br \/>\n\u00d6ko-Tex Standard 100<br \/>\nDiagonalk\u00f6per 260 g\/m\u00b2<br \/>\n60 % Polyester, 40 % Baumwolle<\/p>\n<p>Brustlatztasche mit verdecktem Metallrei\u00dfverschluss,<br \/>\nzus\u00e4tzlich aufgesetzte Brustlatztasche,<br \/>\nmit Patte und Druckkn\u00f6pfe verschliesbar,<br \/>\nClippy Schnellverschluss,,elastische Latztr\u00e4ger<br \/>\nBundweite seitlich mit je 2 Knopfen und durch<br \/>\nein zus\u00e4tzliches Taillengummi regulierbar,<br \/>\n2 integrierte Eingrifftaschen,<br \/>\n2 verst\u00e4rkte Ges\u00e4\u00dftaschen, davon eine<br \/>\nmit Patte und Klett verschliesbar,<br \/>\n1 Cargotasche,<br \/>\ndoppelte Zollstocktasche mit integrierter<br \/>\nHandytasche am rechten Bein,<br \/>\nKnietaschen f\u00fcr Einschubkissen <\/p>\n<p>ideale Passform f\u00fcr Frauen<\/p>\n","protected":false},"excerpt":{"rendered":"<p>Restpostenverkauf vom Umtausch ausgeschlossen<\/p>\n","protected":false},"featured_media":88472,"comment_status":"open","ping_status":"closed","template":"","meta":[],"product_cat":[3799,823,3798],"product_tag":[3330],"class_list":["post-118392","product","type-product","status-publish","has-post-thumbnail","hentry","product_cat-pka-serie-praktika-damenlatzhosen-pka-kollektion","product_cat-industrie-handwerk","product_cat-pka-kollektion","product_tag-pka","pa_auswahl-sand-braun-34","pa_auswahl-sand-braun-36","pa_auswahl-sand-braun-38","pa_auswahl-sand-braun-40","pa_auswahl-sand-braun-42","pa_auswahl-sand-braun-44","pa_auswahl-sand-braun-54","pa_auswahl-weiss-hydronblau-34","pa_auswahl-weiss-hydronblau-36","pa_auswahl-weiss-hydronblau-38","pa_auswahl-weiss-hydronblau-40","pa_auswahl-weiss-hydronblau-42","pa_auswahl-weiss-hydronblau-44","pa_auswahl-weiss-hydronblau-46","pa_auswahl-weiss-hydronblau-48","pa_auswahl-weiss-hydronblau-50","pa_auswahl-weiss-hydronblau-52","pa_auswahl-weiss-hydronblau-54","pa_hersteller-pka"],"_links":{"self":[{"href":"https:\/\/arbeitskleidung.de\/shop\/wp-json\/wp\/v2\/product\/118392"}],"collection":[{"href":"https:\/\/arbeitskleidung.de\/shop\/wp-json\/wp\/v2\/product"}],"about":[{"href":"https:\/\/arbeitskleidung.de\/shop\/wp-json\/wp\/v2\/types\/product"}],"replies":[{"embeddable":true,"href":"https:\/\/arbeitskleidung.de\/shop\/wp-json\/wp\/v2\/comments?post=118392"}],"wp:featuredmedia":[{"embeddable":true,"href":"https:\/\/arbeitskleidung.de\/shop\/wp-json\/wp\/v2\/media\/88472"}],"wp:attachment":[{"href":"https:\/\/arbeitskleidung.de\/shop\/wp-json\/wp\/v2\/media?parent=118392"}],"wp:term":[{"taxonomy":"product_cat","embeddable":true,"href":"https:\/\/arbeitskleidung.de\/shop\/wp-json\/wp\/v2\/product_cat?post=118392"},{"taxonomy":"product_tag","embeddable":true,"href":"https:\/\/arbeitskleidung.de\/shop\/wp-json\/wp\/v2\/product_tag?post=118392"}],"curies":[{"name":"wp","href":"https:\/\/api.w.org\/{rel}","templated":true}]}}