{"id":118411,"date":"2023-10-31T17:00:12","date_gmt":"2023-10-31T15:00:12","guid":{"rendered":"https:\/\/arbeitskleidung.de\/shop\/produkt\/pka-praktika-latzhose"},"modified":"2025-11-07T10:02:11","modified_gmt":"2025-11-07T08:02:11","slug":"pka-praktika-latzhose","status":"publish","type":"product","link":"https:\/\/arbeitskleidung.de\/shop\/produkt\/pka-praktika-latzhose","title":{"rendered":"PKA- Praktika Latzhose"},"content":{"rendered":"<p><strong>PKA- Praktika Latzhose<\/strong><br \/>\nMischgewebe 60 % Polyester \/ 40 % Baumwolle<br \/>\nDiagonalk\u00f6per 260 g\/m\u00b2<\/p>\n<p>\u00d6ko-Tex Standard 100<\/p>\n<p>Brustlatztasche mit verdecktem<br \/>\nMetallrei\u00dfverschluss,<br \/>\nzus\u00e4tzlich aufgesetzte Brustlatztasche mit<br \/>\nPatte und Druckkn\u00f6pfen verschliesbar,<br \/>\nClippy Schnellverschluss,<br \/>\nelastische Latztr\u00e4ger,<br \/>\nBundweite seitlich mit je 2 Kn\u00f6pfen regulierbar,<br \/>\nH\u00fcftweite durch Taillengummi verstellbar,<br \/>\n2 integrierte Eingrifftaschen,<br \/>\nMetallreisverschluss im Hosenschlitz,<br \/>\n2 verst\u00e4rkte Ges\u00e4\u00dftaschen, davon eine<br \/>\nmit Patte und Klett verschliesbar,<br \/>\n1 Cargotasche,<br \/>\ndoppelte Zollstocktasche mit integrierter<br \/>\nHandytasche am rechten Bein,<br \/>\nKnietaschen fur Einschubkissen,<br \/>\nnach DIN EN 14404 Typ 2, Level 1<br \/>\nzus\u00e4tzlich mit modischen Applikationen.<\/p>\n","protected":false},"excerpt":{"rendered":"<p>Restpostenverkauf vom Umtausch ausgeschlossen<\/p>\n","protected":false},"featured_media":88296,"comment_status":"open","ping_status":"closed","template":"","meta":[],"product_cat":[3799,823,3798],"product_tag":[3259,3330],"class_list":["post-118411","product","type-product","status-publish","has-post-thumbnail","hentry","product_cat-pka-serie-praktika-damenlatzhosen-pka-kollektion","product_cat-industrie-handwerk","product_cat-pka-kollektion","product_tag-latzhose","product_tag-pka","pa_auswahl-kornblau-hydronblau-48","pa_auswahl-kornblau-hydronblau-50","pa_auswahl-kornblau-hydronblau-52","pa_auswahl-kornblau-hydronblau-56","pa_auswahl-kornblau-hydronblau-58","pa_auswahl-kornblau-hydronblau-60","pa_auswahl-mittelgrau-grau-110","pa_auswahl-mittelgrau-grau-46","pa_auswahl-mittelgrau-grau-48","pa_auswahl-mittelgrau-grau-50","pa_auswahl-mittelgrau-grau-52","pa_auswahl-mittelgrau-grau-54","pa_auswahl-mittelgrau-grau-56","pa_auswahl-mittelgrau-grau-58","pa_auswahl-sand-braun-28","pa_auswahl-sand-braun-29","pa_auswahl-sand-braun-46","pa_auswahl-sand-braun-48","pa_auswahl-sand-braun-50","pa_auswahl-sand-braun-56","pa_hersteller-pka"],"_links":{"self":[{"href":"https:\/\/arbeitskleidung.de\/shop\/wp-json\/wp\/v2\/product\/118411"}],"collection":[{"href":"https:\/\/arbeitskleidung.de\/shop\/wp-json\/wp\/v2\/product"}],"about":[{"href":"https:\/\/arbeitskleidung.de\/shop\/wp-json\/wp\/v2\/types\/product"}],"replies":[{"embeddable":true,"href":"https:\/\/arbeitskleidung.de\/shop\/wp-json\/wp\/v2\/comments?post=118411"}],"wp:featuredmedia":[{"embeddable":true,"href":"https:\/\/arbeitskleidung.de\/shop\/wp-json\/wp\/v2\/media\/88296"}],"wp:attachment":[{"href":"https:\/\/arbeitskleidung.de\/shop\/wp-json\/wp\/v2\/media?parent=118411"}],"wp:term":[{"taxonomy":"product_cat","embeddable":true,"href":"https:\/\/arbeitskleidung.de\/shop\/wp-json\/wp\/v2\/product_cat?post=118411"},{"taxonomy":"product_tag","embeddable":true,"href":"https:\/\/arbeitskleidung.de\/shop\/wp-json\/wp\/v2\/product_tag?post=118411"}],"curies":[{"name":"wp","href":"https:\/\/api.w.org\/{rel}","templated":true}]}}