{"id":118506,"date":"2023-10-31T18:35:50","date_gmt":"2023-10-31T16:35:50","guid":{"rendered":"https:\/\/arbeitskleidung.de\/shop\/produkt\/pka-deluxe-latzhose"},"modified":"2026-01-27T16:52:08","modified_gmt":"2026-01-27T14:52:08","slug":"pka-deluxe-latzhose","status":"publish","type":"product","link":"https:\/\/arbeitskleidung.de\/shop\/produkt\/pka-deluxe-latzhose","title":{"rendered":"PKA- DeLuxe Latzhose"},"content":{"rendered":"<p><strong>PKA- DeLuxe Latzhose<\/strong><br \/>\n\u00d6ko-Tex Standard 100<br \/>\nCanvas 330 g\/m\u00b2<br \/>\n65 % Polyester, 35 % Baumwolle mit Cordura &#8211; Besatz<br \/>\nnach DIN EN 14404 Typ 2, Level 1<br \/>\nCORDURA -besatz mit Teflonbeschichtung<br \/>\nCORDURA -besatz bei Knietaschen fur Einschubkissen<br \/>\nCORDURA -besatz im Ges\u00e4\u00dfbereich<\/p>\n<p>Reflexstreifen, doppelte Zollstocktasche,<br \/>\nmit integrierter Handy-tasche am rechten Bein,<br \/>\nCargotasche mit Rei\u00dfverschluss am linken Bein,<br \/>\nBrustlatztasche mit verdecktem Metallrei\u00dfverschluss,<br \/>\nzus\u00e4tzlich aufgesetzte Brustlatztasche mit<br \/>\nPatte und Druckkn\u00f6pfen verschliesbar,<br \/>\nClippy Schnellverschluss<br \/>\nelastische Latztr\u00e4ger, Bundweite seitlich mit<br \/>\nje 2 Jeanskn\u00f6pfen regulierbar,<br \/>\nH\u00fcftweite durch Taillengummi verstellbar,<br \/>\n2 aufgesetzte Eingrifftaschen,<br \/>\nMetallrei\u00dfverschluss im Hosenschlitz,<br \/>\n2 verst\u00e4rkte Ges\u00e4\u00dftaschen mit<br \/>\nPatte und Klett,<br \/>\n1 innenliegende Brillenetuitasche,<br \/>\n3-fach Kappn\u00e4hte.<\/p>\n","protected":false},"excerpt":{"rendered":"<p>Restpostenverkauf vom Umtausch ausgeschlossen<\/p>\n","protected":false},"featured_media":88639,"comment_status":"open","ping_status":"closed","template":"","meta":[],"product_cat":[3866,823,3798],"product_tag":[3259,3330],"class_list":["post-118506","product","type-product","status-publish","has-post-thumbnail","hentry","product_cat-pka-serie-threeline-deluxe-pka-kollektion","product_cat-industrie-handwerk","product_cat-pka-kollektion","product_tag-latzhose","product_tag-pka","pa_auswahl-grau-schwarz-52","pa_auswahl-grau-schwarz-54","pa_auswahl-grau-schwarz-56","pa_auswahl-grau-schwarz-60","pa_auswahl-kornblau-grau-56","pa_auswahl-schwarz-grau-50","pa_auswahl-schwarz-grau-66","pa_auswahl-schwarz-orange-46","pa_hersteller-pka"],"_links":{"self":[{"href":"https:\/\/arbeitskleidung.de\/shop\/wp-json\/wp\/v2\/product\/118506"}],"collection":[{"href":"https:\/\/arbeitskleidung.de\/shop\/wp-json\/wp\/v2\/product"}],"about":[{"href":"https:\/\/arbeitskleidung.de\/shop\/wp-json\/wp\/v2\/types\/product"}],"replies":[{"embeddable":true,"href":"https:\/\/arbeitskleidung.de\/shop\/wp-json\/wp\/v2\/comments?post=118506"}],"wp:featuredmedia":[{"embeddable":true,"href":"https:\/\/arbeitskleidung.de\/shop\/wp-json\/wp\/v2\/media\/88639"}],"wp:attachment":[{"href":"https:\/\/arbeitskleidung.de\/shop\/wp-json\/wp\/v2\/media?parent=118506"}],"wp:term":[{"taxonomy":"product_cat","embeddable":true,"href":"https:\/\/arbeitskleidung.de\/shop\/wp-json\/wp\/v2\/product_cat?post=118506"},{"taxonomy":"product_tag","embeddable":true,"href":"https:\/\/arbeitskleidung.de\/shop\/wp-json\/wp\/v2\/product_tag?post=118506"}],"curies":[{"name":"wp","href":"https:\/\/api.w.org\/{rel}","templated":true}]}}