{"id":118821,"date":"2025-02-18T16:55:57","date_gmt":"2025-02-18T14:55:57","guid":{"rendered":"https:\/\/arbeitskleidung.de\/shop\/produkt\/pvc-sicherheitsstiefel-ca-38-cm"},"modified":"2025-02-18T16:55:59","modified_gmt":"2025-02-18T14:55:59","slug":"pvc-sicherheitsstiefel-ca-38-cm","status":"publish","type":"product","link":"https:\/\/arbeitskleidung.de\/shop\/produkt\/pvc-sicherheitsstiefel-ca-38-cm","title":{"rendered":"PVC- Sicherheitsstiefel ca. 38 cm"},"content":{"rendered":"<p><strong>PVC- Sicherheitsstiefel ca. 38 cm<\/strong><br \/>\nMit Stahlsohle und Stahlkappe<br \/>\nF\u00fcr Bau- Landwirtschaft<br \/>\nantistatisch, hohe Flexbilit\u00e4t auch bei<br \/>\nniedrigen Temperaturen, rutschhemmend,<br \/>\n\u00f6l, s\u00e4ure,- benzin und fettbest\u00e4ndig,<br \/>\nVerst\u00e4rkungsrippen auf dem Schaft<br \/>\nReflexpunkt an der Ferse<\/p>\n<p>Norm : EN 345 S 5<br \/>\nMaterial : Schaft : Gelb PVC<br \/>\nSohle : Schwarz : PVC \/ Nitril<br \/>\nFarbe : Schaft : Gelb<br \/>\nSohle : Schwarz<br \/>\nSchafth\u00f6he : ca. 38 cm<\/p>\n","protected":false},"excerpt":{"rendered":"<p>PVC- Sicherheitsstiefel ca. 38 cm Mit Stahlsohle und Stahlkappe F\u00fcr Bau- Landwirtschaft antistatisch, hohe Flexbilit\u00e4t auch bei niedrigen Temperaturen, rutschhemmend, \u00f6l, s\u00e4ure,- benzin und fettbest\u00e4ndig, Verst\u00e4rkungsrippen auf dem Schaft Reflexpunkt an der Ferse Norm : EN 345 S 5 Material : Schaft : Gelb PVC Sohle : Schwarz : PVC \/ Nitril Farbe : Schaft [&hellip;]<\/p>\n","protected":false},"featured_media":83266,"comment_status":"open","ping_status":"open","template":"","meta":[],"product_cat":[823,3277],"product_tag":[2791],"class_list":["post-118821","product","type-product","status-publish","has-post-thumbnail","hentry","product_cat-industrie-handwerk","product_cat-schlechtwetterkleidung","product_tag-arbeitskleidung","pa_farbe-gelb","pa_farbe-schwarz","pa_groesse-2936","pa_groesse-2875","pa_groesse-2897","pa_groesse-2876","pa_groesse-2898","pa_groesse-2877","pa_groesse-2899","pa_groesse-2878","pa_groesse-2900","pa_groesse-2891","pa_groesse-2901","pa_groesse-2939","pa_hersteller-arbeitskleidung"],"_links":{"self":[{"href":"https:\/\/arbeitskleidung.de\/shop\/wp-json\/wp\/v2\/product\/118821"}],"collection":[{"href":"https:\/\/arbeitskleidung.de\/shop\/wp-json\/wp\/v2\/product"}],"about":[{"href":"https:\/\/arbeitskleidung.de\/shop\/wp-json\/wp\/v2\/types\/product"}],"replies":[{"embeddable":true,"href":"https:\/\/arbeitskleidung.de\/shop\/wp-json\/wp\/v2\/comments?post=118821"}],"wp:featuredmedia":[{"embeddable":true,"href":"https:\/\/arbeitskleidung.de\/shop\/wp-json\/wp\/v2\/media\/83266"}],"wp:attachment":[{"href":"https:\/\/arbeitskleidung.de\/shop\/wp-json\/wp\/v2\/media?parent=118821"}],"wp:term":[{"taxonomy":"product_cat","embeddable":true,"href":"https:\/\/arbeitskleidung.de\/shop\/wp-json\/wp\/v2\/product_cat?post=118821"},{"taxonomy":"product_tag","embeddable":true,"href":"https:\/\/arbeitskleidung.de\/shop\/wp-json\/wp\/v2\/product_tag?post=118821"}],"curies":[{"name":"wp","href":"https:\/\/api.w.org\/{rel}","templated":true}]}}