{"id":119027,"date":"2025-11-04T16:54:12","date_gmt":"2025-11-04T14:54:12","guid":{"rendered":"https:\/\/arbeitskleidung.de\/shop\/produkt\/t-shirt-supergekaemmt"},"modified":"2025-11-04T16:54:17","modified_gmt":"2025-11-04T14:54:17","slug":"t-shirt-supergekaemmt","status":"publish","type":"product","link":"https:\/\/arbeitskleidung.de\/shop\/produkt\/t-shirt-supergekaemmt","title":{"rendered":"T-Shirt ( Supergek\u00e4mmt )"},"content":{"rendered":"<p><strong>T-Shirt ( Supergek\u00e4mmt )<\/strong><br \/>\nSingle-Jersey 100 % Baumwolle 210 g\/m\u00b2<br \/>\nRundhalsausschnitt mit Elasthan,<br \/>\nVerst\u00e4rkung durch Nackenband,<br \/>\nDoppeln\u00e4hte am Halsausschnitt<br \/>\nund am \u00c4rmel und Saum.<br \/>\n100 % Ringspinn- Baumwolle<br \/>\n( Supergek\u00e4mmt )<\/p>\n","protected":false},"excerpt":{"rendered":"<p>T-Shirt ( Supergek\u00e4mmt ) Single-Jersey 100 % Baumwolle 210 g\/m\u00b2 Rundhalsausschnitt mit Elasthan, Verst\u00e4rkung durch Nackenband, Doppeln\u00e4hte am Halsausschnitt und am \u00c4rmel und Saum. 100 % Ringspinn- Baumwolle ( Supergek\u00e4mmt )<\/p>\n","protected":false},"featured_media":83735,"comment_status":"open","ping_status":"open","template":"","meta":[],"product_cat":[3037,1025],"product_tag":[2857,2951],"class_list":["post-119027","product","type-product","status-publish","has-post-thumbnail","hentry","product_cat-oberbekleidung-fhb","product_cat-zunftbekleidung","product_tag-t-shirt","product_tag-fhb","pa_farbe-grau","pa_farbe-marine","pa_farbe-rot","pa_farbe-schwarz","pa_farbe-weiss","pa_groesse-3-xl","pa_groesse-l","pa_groesse-m","pa_groesse-s","pa_groesse-xl","pa_groesse-xxl","pa_hersteller-fhb"],"_links":{"self":[{"href":"https:\/\/arbeitskleidung.de\/shop\/wp-json\/wp\/v2\/product\/119027"}],"collection":[{"href":"https:\/\/arbeitskleidung.de\/shop\/wp-json\/wp\/v2\/product"}],"about":[{"href":"https:\/\/arbeitskleidung.de\/shop\/wp-json\/wp\/v2\/types\/product"}],"replies":[{"embeddable":true,"href":"https:\/\/arbeitskleidung.de\/shop\/wp-json\/wp\/v2\/comments?post=119027"}],"wp:featuredmedia":[{"embeddable":true,"href":"https:\/\/arbeitskleidung.de\/shop\/wp-json\/wp\/v2\/media\/83735"}],"wp:attachment":[{"href":"https:\/\/arbeitskleidung.de\/shop\/wp-json\/wp\/v2\/media?parent=119027"}],"wp:term":[{"taxonomy":"product_cat","embeddable":true,"href":"https:\/\/arbeitskleidung.de\/shop\/wp-json\/wp\/v2\/product_cat?post=119027"},{"taxonomy":"product_tag","embeddable":true,"href":"https:\/\/arbeitskleidung.de\/shop\/wp-json\/wp\/v2\/product_tag?post=119027"}],"curies":[{"name":"wp","href":"https:\/\/api.w.org\/{rel}","templated":true}]}}