{"id":81111,"date":"2025-11-27T11:15:31","date_gmt":"2025-11-27T09:15:31","guid":{"rendered":"https:\/\/arbeitskleidung.de\/shop\/produkt\/sweat-shirt"},"modified":"2025-12-02T16:55:51","modified_gmt":"2025-12-02T14:55:51","slug":"sweat-shirt","status":"publish","type":"product","link":"https:\/\/arbeitskleidung.de\/shop\/produkt\/sweat-shirt","title":{"rendered":"Sweat-Shirt"},"content":{"rendered":"<p><strong>Sweat-Shirt<\/strong><br \/>\n50 % BW \/ 50 % Polyester, ca. 340g\/m\u00b2,<br \/>\nDoppeln\u00e4hte,<br \/>\nRippstrick-B\u00fcndchen an \u00c4rmel und Bund,<br \/>\nb\u00fcgelleicht, 60\u00b0 waschbar,<br \/>\ntrocknergeeignet,<br \/>\ninnen angeraut.<\/p>\n","protected":false},"excerpt":{"rendered":"<p>Sweat-Shirt 50 % BW \/ 50 % Polyester, ca. 340g\/m\u00b2, Doppeln\u00e4hte, Rippstrick-B\u00fcndchen an \u00c4rmel und Bund, b\u00fcgelleicht, 60\u00b0 waschbar, trocknergeeignet, innen angeraut.<\/p>\n","protected":false},"featured_media":81208,"comment_status":"open","ping_status":"closed","template":"","meta":[],"product_cat":[3310,3309,823,2807,1027],"product_tag":[2833,2834,2857],"class_list":["post-81111","product","type-product","status-publish","has-post-thumbnail","hentry","product_cat-t-shirt-sweatshirt","product_cat-oberbekleidung","product_cat-industrie-handwerk","product_cat-herren-sweatshirt","product_cat-t-shirt-unterwaesche","product_tag-m-s","product_tag-sweat-shirt","product_tag-t-shirt","pa_farbe-apfelgruen","pa_farbe-braun","pa_farbe-flieder","pa_farbe-gelb","pa_farbe-gruen","pa_farbe-himmelblau","pa_farbe-lachs","pa_farbe-marineblau","pa_farbe-orange","pa_farbe-pink","pa_farbe-rot","pa_farbe-royalblau","pa_farbe-schwarz","pa_farbe-smaragd","pa_farbe-tuerkis","pa_farbe-weiss","pa_groesse-l","pa_groesse-m","pa_groesse-s","pa_groesse-xl","pa_groesse-xxl","pa_groesse-xxxl","pa_hersteller-m-s"],"_links":{"self":[{"href":"https:\/\/arbeitskleidung.de\/shop\/wp-json\/wp\/v2\/product\/81111"}],"collection":[{"href":"https:\/\/arbeitskleidung.de\/shop\/wp-json\/wp\/v2\/product"}],"about":[{"href":"https:\/\/arbeitskleidung.de\/shop\/wp-json\/wp\/v2\/types\/product"}],"replies":[{"embeddable":true,"href":"https:\/\/arbeitskleidung.de\/shop\/wp-json\/wp\/v2\/comments?post=81111"}],"wp:featuredmedia":[{"embeddable":true,"href":"https:\/\/arbeitskleidung.de\/shop\/wp-json\/wp\/v2\/media\/81208"}],"wp:attachment":[{"href":"https:\/\/arbeitskleidung.de\/shop\/wp-json\/wp\/v2\/media?parent=81111"}],"wp:term":[{"taxonomy":"product_cat","embeddable":true,"href":"https:\/\/arbeitskleidung.de\/shop\/wp-json\/wp\/v2\/product_cat?post=81111"},{"taxonomy":"product_tag","embeddable":true,"href":"https:\/\/arbeitskleidung.de\/shop\/wp-json\/wp\/v2\/product_tag?post=81111"}],"curies":[{"name":"wp","href":"https:\/\/api.w.org\/{rel}","templated":true}]}}