{"id":81592,"date":"2022-01-03T13:12:10","date_gmt":"2022-01-03T11:12:10","guid":{"rendered":"https:\/\/arbeitskleidung.de\/shop\/produkt\/polo-pique-shirt"},"modified":"2022-01-03T13:12:16","modified_gmt":"2022-01-03T11:12:16","slug":"polo-pique-shirt","status":"publish","type":"product","link":"https:\/\/arbeitskleidung.de\/shop\/produkt\/polo-pique-shirt","title":{"rendered":"Polo-Pique-Shirt"},"content":{"rendered":"<p><strong>Polo-Pique-Shirt<\/strong><br \/>\n50 % BW \/ 50 % Polyester, ca. 220g\/m\u00b2,<br \/>\n3-er Knopfreihe, Doppeln\u00e4hte,<br \/>\nKn\u00f6pfe in passender Farbe,<br \/>\nRippstrickkragen und -\u00e4rmel,<br \/>\nSeitenschlitze,<br \/>\nb\u00fcgelleicht, 60\u00b0 waschbar,<br \/>\ntrocknergeeignet.<\/p>\n","protected":false},"excerpt":{"rendered":"<p>Polo-Pique-Shirt 50 % BW \/ 50 % Polyester, ca. 220g\/m\u00b2, 3-er Knopfreihe, Doppeln\u00e4hte, Kn\u00f6pfe in passender Farbe, Rippstrickkragen und -\u00e4rmel, Seitenschlitze, b\u00fcgelleicht, 60\u00b0 waschbar, trocknergeeignet.<\/p>\n","protected":false},"featured_media":81677,"comment_status":"open","ping_status":"open","template":"","meta":[],"product_cat":[3311,2835,3309,823,1027],"product_tag":[2833,2836],"class_list":["post-81592","product","type-product","status-publish","has-post-thumbnail","hentry","product_cat-polos-pullover","product_cat-herren-t-shirt-polos","product_cat-oberbekleidung","product_cat-industrie-handwerk","product_cat-t-shirt-unterwaesche","product_tag-m-s","product_tag-polo","pa_farbe-apfelgruen","pa_farbe-braun","pa_farbe-flieder","pa_farbe-gelb","pa_farbe-gruen","pa_farbe-himmelblau","pa_farbe-marineblau","pa_farbe-orange","pa_farbe-pink","pa_farbe-rot","pa_farbe-royalblau","pa_farbe-schwarz","pa_farbe-tuerkis","pa_farbe-weiss","pa_groesse-l","pa_groesse-m","pa_groesse-s","pa_groesse-xl","pa_groesse-xxl","pa_groesse-xxxl","pa_hersteller-m-s"],"_links":{"self":[{"href":"https:\/\/arbeitskleidung.de\/shop\/wp-json\/wp\/v2\/product\/81592"}],"collection":[{"href":"https:\/\/arbeitskleidung.de\/shop\/wp-json\/wp\/v2\/product"}],"about":[{"href":"https:\/\/arbeitskleidung.de\/shop\/wp-json\/wp\/v2\/types\/product"}],"replies":[{"embeddable":true,"href":"https:\/\/arbeitskleidung.de\/shop\/wp-json\/wp\/v2\/comments?post=81592"}],"wp:featuredmedia":[{"embeddable":true,"href":"https:\/\/arbeitskleidung.de\/shop\/wp-json\/wp\/v2\/media\/81677"}],"wp:attachment":[{"href":"https:\/\/arbeitskleidung.de\/shop\/wp-json\/wp\/v2\/media?parent=81592"}],"wp:term":[{"taxonomy":"product_cat","embeddable":true,"href":"https:\/\/arbeitskleidung.de\/shop\/wp-json\/wp\/v2\/product_cat?post=81592"},{"taxonomy":"product_tag","embeddable":true,"href":"https:\/\/arbeitskleidung.de\/shop\/wp-json\/wp\/v2\/product_tag?post=81592"}],"curies":[{"name":"wp","href":"https:\/\/api.w.org\/{rel}","templated":true}]}}