{"id":82117,"date":"2022-01-03T13:07:32","date_gmt":"2022-01-03T11:07:32","guid":{"rendered":"https:\/\/arbeitskleidung.de\/shop\/produkt\/ladies-polo-pique-shirt"},"modified":"2022-01-03T13:07:39","modified_gmt":"2022-01-03T11:07:39","slug":"ladies-polo-pique-shirt","status":"publish","type":"product","link":"https:\/\/arbeitskleidung.de\/shop\/produkt\/ladies-polo-pique-shirt","title":{"rendered":"Ladies Polo-Pique-Shirt"},"content":{"rendered":"<p><strong>Ladies Polo-Pique-Shirt<\/strong><br \/>\n50 % BW \/ 50 % Polyester, ca. 220g\/m\u00b2,<br \/>\n3-er Knopfreihe, Doppeln\u00e4hte,<br \/>\nKn\u00f6pfe in passender Farbe,<br \/>\nRippstrickkragen und -\u00e4rmel,<br \/>\nSeitenschlitze, leicht tailiert,<br \/>\nb\u00fcgelleicht, 60\u00b0 waschbar,<br \/>\ntrocknergeeignet.<\/p>\n","protected":false},"excerpt":{"rendered":"<p>Ladies Polo-Pique-Shirt 50 % BW \/ 50 % Polyester, ca. 220g\/m\u00b2, 3-er Knopfreihe, Doppeln\u00e4hte, Kn\u00f6pfe in passender Farbe, Rippstrickkragen und -\u00e4rmel, Seitenschlitze, leicht tailiert, b\u00fcgelleicht, 60\u00b0 waschbar, trocknergeeignet.<\/p>\n","protected":false},"featured_media":82202,"comment_status":"open","ping_status":"open","template":"","meta":[],"product_cat":[3309,3311,823,1027,2808,3289],"product_tag":[2833,2836],"class_list":["post-82117","product","type-product","status-publish","has-post-thumbnail","hentry","product_cat-oberbekleidung","product_cat-polos-pullover","product_cat-industrie-handwerk","product_cat-t-shirt-unterwaesche","product_cat-damen-sweatshirt-polos","product_cat-damenberufskleidung","product_tag-m-s","product_tag-polo","pa_farbe-apfelgruen","pa_farbe-braun","pa_farbe-flieder","pa_farbe-gelb","pa_farbe-gruen","pa_farbe-himmelblau","pa_farbe-marineblau","pa_farbe-orange","pa_farbe-pink","pa_farbe-rot","pa_farbe-royalblau","pa_farbe-schwarz","pa_farbe-tuerkis","pa_farbe-weiss","pa_groesse-l","pa_groesse-m","pa_groesse-s","pa_groesse-xl","pa_groesse-xs","pa_groesse-xxl","pa_groesse-xxxl","pa_hersteller-m-s"],"_links":{"self":[{"href":"https:\/\/arbeitskleidung.de\/shop\/wp-json\/wp\/v2\/product\/82117"}],"collection":[{"href":"https:\/\/arbeitskleidung.de\/shop\/wp-json\/wp\/v2\/product"}],"about":[{"href":"https:\/\/arbeitskleidung.de\/shop\/wp-json\/wp\/v2\/types\/product"}],"replies":[{"embeddable":true,"href":"https:\/\/arbeitskleidung.de\/shop\/wp-json\/wp\/v2\/comments?post=82117"}],"wp:featuredmedia":[{"embeddable":true,"href":"https:\/\/arbeitskleidung.de\/shop\/wp-json\/wp\/v2\/media\/82202"}],"wp:attachment":[{"href":"https:\/\/arbeitskleidung.de\/shop\/wp-json\/wp\/v2\/media?parent=82117"}],"wp:term":[{"taxonomy":"product_cat","embeddable":true,"href":"https:\/\/arbeitskleidung.de\/shop\/wp-json\/wp\/v2\/product_cat?post=82117"},{"taxonomy":"product_tag","embeddable":true,"href":"https:\/\/arbeitskleidung.de\/shop\/wp-json\/wp\/v2\/product_tag?post=82117"}],"curies":[{"name":"wp","href":"https:\/\/api.w.org\/{rel}","templated":true}]}}