{"id":82460,"date":"2016-11-29T19:17:09","date_gmt":"2016-11-29T18:17:09","guid":{"rendered":"https:\/\/arbeitskleidung.de\/shop\/produkt\/cofra-unterwaescheshirt-bryne"},"modified":"2016-11-29T19:17:09","modified_gmt":"2016-11-29T18:17:09","slug":"cofra-unterwaescheshirt-bryne","status":"publish","type":"product","link":"https:\/\/arbeitskleidung.de\/shop\/produkt\/cofra-unterwaescheshirt-bryne","title":{"rendered":"COFRA Unterw\u00e4scheshirt Bryne"},"content":{"rendered":"<p><strong>COFRA Unterw\u00e4scheshirt Bryne<\/strong><br \/>\nDie benutzten Gespinste garantieren<br \/>\nexzellente Leistungen,<br \/>\ngute Schwei\u00dfaufnahme und halten den<br \/>\nK\u00f6rper trocken.<br \/>\nDie antibakterielle Behandlung verhindert<br \/>\ndie Bildung von Bakterien, Pilzen,<br \/>\nMikroorganismen, die unangenehme<br \/>\nGeruchsbildung verursache.<\/p>\n<p>GEWEBEZUSAMMENSETZUNG:<br \/>\n67 % Nylon &#8211; 23 % Polypropilen &#8211; 10 % Elasthan<br \/>\nGEWICHT: 270 g\/m\u00b2<br \/>\nFARBE: Anthrazit<\/p>\n<p>ANWENDUNGSBEREICHE:<br \/>\nBaugewerbe, Industrie, Logistik, f\u00fcr kalten<br \/>\nTemperaturen geeignet<\/p>\n<p>PERFORMANCE E PLUS: Winterschutz,<br \/>\nVON METALLDETEKTOREN NICHT FESTSTELLBAR<\/p>\n","protected":false},"excerpt":{"rendered":"<p>COFRA Unterw\u00e4scheshirt Bryne Die benutzten Gespinste garantieren exzellente Leistungen, gute Schwei\u00dfaufnahme und halten den K\u00f6rper trocken. Die antibakterielle Behandlung verhindert die Bildung von Bakterien, Pilzen, Mikroorganismen, die unangenehme Geruchsbildung verursache. GEWEBEZUSAMMENSETZUNG: 67 % Nylon &#8211; 23 % Polypropilen &#8211; 10 % Elasthan GEWICHT: 270 g\/m\u00b2 FARBE: Anthrazit ANWENDUNGSBEREICHE: Baugewerbe, Industrie, Logistik, f\u00fcr kalten Temperaturen geeignet [&hellip;]<\/p>\n","protected":false},"featured_media":82466,"comment_status":"open","ping_status":"open","template":"","meta":[],"product_cat":[2871,823,2863,1027,3278],"product_tag":[2866,2872],"class_list":["post-82460","product","type-product","status-publish","has-post-thumbnail","hentry","product_cat-serie-cofra","product_cat-industrie-handwerk","product_cat-damen-herren-thermo-unterwaesche","product_cat-t-shirt-unterwaesche","product_cat-winterbekleidung","product_tag-unterwaesche","product_tag-cofra","pa_groesse-l","pa_groesse-m","pa_groesse-s","pa_groesse-xl","pa_groesse-xxl","pa_hersteller-cofra"],"_links":{"self":[{"href":"https:\/\/arbeitskleidung.de\/shop\/wp-json\/wp\/v2\/product\/82460"}],"collection":[{"href":"https:\/\/arbeitskleidung.de\/shop\/wp-json\/wp\/v2\/product"}],"about":[{"href":"https:\/\/arbeitskleidung.de\/shop\/wp-json\/wp\/v2\/types\/product"}],"replies":[{"embeddable":true,"href":"https:\/\/arbeitskleidung.de\/shop\/wp-json\/wp\/v2\/comments?post=82460"}],"wp:featuredmedia":[{"embeddable":true,"href":"https:\/\/arbeitskleidung.de\/shop\/wp-json\/wp\/v2\/media\/82466"}],"wp:attachment":[{"href":"https:\/\/arbeitskleidung.de\/shop\/wp-json\/wp\/v2\/media?parent=82460"}],"wp:term":[{"taxonomy":"product_cat","embeddable":true,"href":"https:\/\/arbeitskleidung.de\/shop\/wp-json\/wp\/v2\/product_cat?post=82460"},{"taxonomy":"product_tag","embeddable":true,"href":"https:\/\/arbeitskleidung.de\/shop\/wp-json\/wp\/v2\/product_tag?post=82460"}],"curies":[{"name":"wp","href":"https:\/\/api.w.org\/{rel}","templated":true}]}}