{"id":83197,"date":"2020-10-08T15:47:00","date_gmt":"2020-10-08T13:47:00","guid":{"rendered":"https:\/\/arbeitskleidung.de\/shop\/produkt\/pvc-stiefel-ca-28-cm"},"modified":"2020-10-08T15:47:01","modified_gmt":"2020-10-08T13:47:01","slug":"pvc-stiefel-ca-28-cm","status":"publish","type":"product","link":"https:\/\/arbeitskleidung.de\/shop\/produkt\/pvc-stiefel-ca-28-cm","title":{"rendered":"PVC Stiefel ca.28 cm"},"content":{"rendered":"<p><strong>PVC Stiefel ca.28 cm<\/strong><br \/>\nTextilfutter, \u00f6l- benzin- und s\u00e4ure best\u00e4ndig <\/p>\n<p>Norm : EN 347 04<br \/>\nMaterial : Schaft : PVC<br \/>\nSohle : PVC<br \/>\nFarbe : Schaft : Schwarz<br \/>\nSohle : Schwarz<br \/>\nSchafth\u00f6he : ca. 28 cm<\/p>\n","protected":false},"excerpt":{"rendered":"<p>PVC Stiefel ca.28 cm Textilfutter, \u00f6l- benzin- und s\u00e4ure best\u00e4ndig Norm : EN 347 04 Material : Schaft : PVC Sohle : PVC Farbe : Schaft : Schwarz Sohle : Schwarz Schafth\u00f6he : ca. 28 cm<\/p>\n","protected":false},"featured_media":83210,"comment_status":"open","ping_status":"open","template":"","meta":[],"product_cat":[2905,823,3270,1026,3277],"product_tag":[2915,2791],"class_list":["post-83197","product","type-product","status-publish","has-post-thumbnail","hentry","product_cat-pvc-sicherheitsstiefel-pvc-stiefel","product_cat-industrie-handwerk","product_cat-pvc-stiefel","product_cat-berufsschuhe-schutzschuhe","product_cat-schlechtwetterkleidung","product_tag-stiefel","product_tag-arbeitskleidung","pa_groesse-2874","pa_groesse-2936","pa_groesse-2875","pa_groesse-2897","pa_groesse-2876","pa_groesse-2898","pa_groesse-2877","pa_groesse-2899","pa_groesse-2878","pa_groesse-2900","pa_groesse-2891","pa_groesse-2901","pa_hersteller-arbeitskleidung"],"_links":{"self":[{"href":"https:\/\/arbeitskleidung.de\/shop\/wp-json\/wp\/v2\/product\/83197"}],"collection":[{"href":"https:\/\/arbeitskleidung.de\/shop\/wp-json\/wp\/v2\/product"}],"about":[{"href":"https:\/\/arbeitskleidung.de\/shop\/wp-json\/wp\/v2\/types\/product"}],"replies":[{"embeddable":true,"href":"https:\/\/arbeitskleidung.de\/shop\/wp-json\/wp\/v2\/comments?post=83197"}],"wp:featuredmedia":[{"embeddable":true,"href":"https:\/\/arbeitskleidung.de\/shop\/wp-json\/wp\/v2\/media\/83210"}],"wp:attachment":[{"href":"https:\/\/arbeitskleidung.de\/shop\/wp-json\/wp\/v2\/media?parent=83197"}],"wp:term":[{"taxonomy":"product_cat","embeddable":true,"href":"https:\/\/arbeitskleidung.de\/shop\/wp-json\/wp\/v2\/product_cat?post=83197"},{"taxonomy":"product_tag","embeddable":true,"href":"https:\/\/arbeitskleidung.de\/shop\/wp-json\/wp\/v2\/product_tag?post=83197"}],"curies":[{"name":"wp","href":"https:\/\/api.w.org\/{rel}","templated":true}]}}