{"id":83226,"date":"2020-10-08T15:47:02","date_gmt":"2020-10-08T13:47:02","guid":{"rendered":"https:\/\/arbeitskleidung.de\/shop\/produkt\/pvc-stiefel-ca-38-cm-2"},"modified":"2020-10-08T15:47:05","modified_gmt":"2020-10-08T13:47:05","slug":"pvc-stiefel-ca-38-cm","status":"publish","type":"product","link":"https:\/\/arbeitskleidung.de\/shop\/produkt\/pvc-stiefel-ca-38-cm","title":{"rendered":"PVC- Stiefel ca. 38 cm"},"content":{"rendered":"<p><strong>PVC- Stiefel ca. 38 cm<\/strong><br \/>\nTextilfutter, \u00f6l- benzin- und s\u00e4ure best\u00e4ndig<\/p>\n<p>Norm : EN 347 04<br \/>\nMaterial : Schaft : PVC<br \/>\nSohle : PVC<br \/>\nFarbe : Schaft : Schwarz<br \/>\nSohle : Schwarz<br \/>\nSchafth\u00f6he : ca. 38 cm<\/p>\n","protected":false},"excerpt":{"rendered":"<p>PVC- Stiefel ca. 38 cm Textilfutter, \u00f6l- benzin- und s\u00e4ure best\u00e4ndig Norm : EN 347 04 Material : Schaft : PVC Sohle : PVC Farbe : Schaft : Schwarz Sohle : Schwarz Schafth\u00f6he : ca. 38 cm<\/p>\n","protected":false},"featured_media":83240,"comment_status":"open","ping_status":"open","template":"","meta":[],"product_cat":[2905,823,3270,1026,3277],"product_tag":[2791,2915],"class_list":["post-83226","product","type-product","status-publish","has-post-thumbnail","hentry","product_cat-pvc-sicherheitsstiefel-pvc-stiefel","product_cat-industrie-handwerk","product_cat-pvc-stiefel","product_cat-berufsschuhe-schutzschuhe","product_cat-schlechtwetterkleidung","product_tag-arbeitskleidung","product_tag-stiefel","pa_groesse-2874","pa_groesse-2936","pa_groesse-2875","pa_groesse-2897","pa_groesse-2876","pa_groesse-2898","pa_groesse-2877","pa_groesse-2899","pa_groesse-2878","pa_groesse-2900","pa_groesse-2891","pa_groesse-2901","pa_groesse-2939","pa_hersteller-arbeitskleidung"],"_links":{"self":[{"href":"https:\/\/arbeitskleidung.de\/shop\/wp-json\/wp\/v2\/product\/83226"}],"collection":[{"href":"https:\/\/arbeitskleidung.de\/shop\/wp-json\/wp\/v2\/product"}],"about":[{"href":"https:\/\/arbeitskleidung.de\/shop\/wp-json\/wp\/v2\/types\/product"}],"replies":[{"embeddable":true,"href":"https:\/\/arbeitskleidung.de\/shop\/wp-json\/wp\/v2\/comments?post=83226"}],"wp:featuredmedia":[{"embeddable":true,"href":"https:\/\/arbeitskleidung.de\/shop\/wp-json\/wp\/v2\/media\/83240"}],"wp:attachment":[{"href":"https:\/\/arbeitskleidung.de\/shop\/wp-json\/wp\/v2\/media?parent=83226"}],"wp:term":[{"taxonomy":"product_cat","embeddable":true,"href":"https:\/\/arbeitskleidung.de\/shop\/wp-json\/wp\/v2\/product_cat?post=83226"},{"taxonomy":"product_tag","embeddable":true,"href":"https:\/\/arbeitskleidung.de\/shop\/wp-json\/wp\/v2\/product_tag?post=83226"}],"curies":[{"name":"wp","href":"https:\/\/api.w.org\/{rel}","templated":true}]}}