{"id":83381,"date":"2016-11-29T18:44:25","date_gmt":"2016-11-29T17:44:25","guid":{"rendered":"https:\/\/arbeitskleidung.de\/shop\/produkt\/sandale-2"},"modified":"2025-10-17T09:58:56","modified_gmt":"2025-10-17T07:58:56","slug":"sandale-2","status":"publish","type":"product","link":"https:\/\/arbeitskleidung.de\/shop\/produkt\/sandale-2","title":{"rendered":"Sandale"},"content":{"rendered":"<p><strong>Sandale<\/strong><br \/>\nMit Stahlkappe<br \/>\nSchaft aus Nubutec, gepolsterter Schaftrand,<br \/>\nAnziehhilfe,<br \/>\ngepolsterte Drytop-gef\u00fctterte und<br \/>\nAirnet- kaschierte Zunge,<br \/>\nVerschluss durch Nylonriemen<br \/>\nmit Klettverschluss,<br \/>\nHinterkappenfutter aus Drytop,<br \/>\nBlattfutter aus Spaltleder,<br \/>\nherausnehmbares, antistatisches<br \/>\ntommi`s- Fu\u00dfbett,<br \/>\nantistatische und antibakterielle<br \/>\nBrandsohle,<br \/>\nantistatische, \u00f6l- und s\u00e4urefeste,<br \/>\nrutschhemmende<br \/>\n2- Schichten- PUR- Sohle<\/p>\n<p>Norm : EN 345 S 1<br \/>\nFarbe : Schwarz<br \/>\nSchuhweite : 10,5<\/p>\n","protected":false},"excerpt":{"rendered":"<p>Sandale Mit Stahlkappe Schaft aus Nubutec, gepolsterter Schaftrand, Anziehhilfe, gepolsterte Drytop-gef\u00fctterte und Airnet- kaschierte Zunge, Verschluss durch Nylonriemen mit Klettverschluss, Hinterkappenfutter aus Drytop, Blattfutter aus Spaltleder, herausnehmbares, antistatisches tommi`s- Fu\u00dfbett, antistatische und antibakterielle Brandsohle, antistatische, \u00f6l- und s\u00e4urefeste, rutschhemmende 2- Schichten- PUR- Sohle Norm : EN 345 S 1 Farbe : Schwarz Schuhweite : 10,5<\/p>\n","protected":false},"featured_media":83395,"comment_status":"open","ping_status":"closed","template":"","meta":[],"product_cat":[2908,2907,1026],"product_tag":[2791,2914],"class_list":["post-83381","product","type-product","status-publish","has-post-thumbnail","hentry","product_cat-sandalen-sicherheitsklasse-s1","product_cat-sicherheitsschuhe-fuer-industrie-u-handwerk","product_cat-berufsschuhe-schutzschuhe","product_tag-arbeitskleidung","product_tag-sicherheitsschuhe","pa_groesse-2942","pa_groesse-2874","pa_groesse-2936","pa_groesse-2875","pa_groesse-2897","pa_groesse-2876","pa_groesse-2898","pa_groesse-2877","pa_groesse-2899","pa_groesse-2878","pa_groesse-2900","pa_groesse-2891","pa_groesse-2901","pa_hersteller-arbeitskleidung"],"_links":{"self":[{"href":"https:\/\/arbeitskleidung.de\/shop\/wp-json\/wp\/v2\/product\/83381"}],"collection":[{"href":"https:\/\/arbeitskleidung.de\/shop\/wp-json\/wp\/v2\/product"}],"about":[{"href":"https:\/\/arbeitskleidung.de\/shop\/wp-json\/wp\/v2\/types\/product"}],"replies":[{"embeddable":true,"href":"https:\/\/arbeitskleidung.de\/shop\/wp-json\/wp\/v2\/comments?post=83381"}],"wp:featuredmedia":[{"embeddable":true,"href":"https:\/\/arbeitskleidung.de\/shop\/wp-json\/wp\/v2\/media\/83395"}],"wp:attachment":[{"href":"https:\/\/arbeitskleidung.de\/shop\/wp-json\/wp\/v2\/media?parent=83381"}],"wp:term":[{"taxonomy":"product_cat","embeddable":true,"href":"https:\/\/arbeitskleidung.de\/shop\/wp-json\/wp\/v2\/product_cat?post=83381"},{"taxonomy":"product_tag","embeddable":true,"href":"https:\/\/arbeitskleidung.de\/shop\/wp-json\/wp\/v2\/product_tag?post=83381"}],"curies":[{"name":"wp","href":"https:\/\/api.w.org\/{rel}","templated":true}]}}