{"id":83397,"date":"2020-10-08T15:47:11","date_gmt":"2020-10-08T13:47:11","guid":{"rendered":"https:\/\/arbeitskleidung.de\/shop\/produkt\/schnuerstiefel"},"modified":"2020-10-08T15:47:12","modified_gmt":"2020-10-08T13:47:12","slug":"sicherheitsstiefel-s3","status":"publish","type":"product","link":"https:\/\/arbeitskleidung.de\/shop\/produkt\/sicherheitsstiefel-s3","title":{"rendered":"Sicherheitsstiefel S3"},"content":{"rendered":"<p><strong>Sicherheitsstiefel S3<\/strong><br \/>\nSicherheitsschuhe mit K\u00e4lteschutz<br \/>\nNorm EN 345 S3<br \/>\nFarbe schwarz<br \/>\nSchafth\u00f6he ca. 23 cm<br \/>\nSchuhweite 10,5 <\/p>\n<p>Ausstattung:<br \/>\nSchaft aus leicht gepr\u00e4gtem, vollnarbigem Leder,<br \/>\ngepolsterter Kragen,<br \/>\nVerschluss durch Triangels,<br \/>\nangen\u00e4hte, gepolsterte und webpelzgef\u00fctterte Staublasche aus Leder,<br \/>\nHinterkappenfutter aus Webpelz,<br \/>\nwebpelzbedeckte Decksohle,<br \/>\nantistatische und antibakterielle Brandsohle,<br \/>\nkorrosionsfreie Stahlkappe und Stahlzwischensohle,<br \/>\nantistatische, \u00f6l- und s\u00e4urebest\u00e4ndige,<br \/>\nrutschhemmende 2-Schichten-PUR-Sohle.<\/p>\n","protected":false},"excerpt":{"rendered":"<p>Sicherheitsstiefel S3 Sicherheitsschuhe mit K\u00e4lteschutz Norm EN 345 S3 Farbe schwarz Schafth\u00f6he ca. 23 cm Schuhweite 10,5 Ausstattung: Schaft aus leicht gepr\u00e4gtem, vollnarbigem Leder, gepolsterter Kragen, Verschluss durch Triangels, angen\u00e4hte, gepolsterte und webpelzgef\u00fctterte Staublasche aus Leder, Hinterkappenfutter aus Webpelz, webpelzbedeckte Decksohle, antistatische und antibakterielle Brandsohle, korrosionsfreie Stahlkappe und Stahlzwischensohle, antistatische, \u00f6l- und s\u00e4urebest\u00e4ndige, rutschhemmende 2-Schichten-PUR-Sohle.<\/p>\n","protected":false},"featured_media":83408,"comment_status":"open","ping_status":"open","template":"","meta":[],"product_cat":[2909,2911,3273,823,2907,1026,3312,3272,3275,3277,3278],"product_tag":[2774,2791,2914,2916],"class_list":["post-83397","product","type-product","status-publish","has-post-thumbnail","hentry","product_cat-winterstiefel-sicherheitsklasse-s3","product_cat-preiswerte-sicherheitsschuhe","product_cat-elysee-winterstiefel","product_cat-industrie-handwerk","product_cat-sicherheitsschuhe-fuer-industrie-u-handwerk","product_cat-berufsschuhe-schutzschuhe","product_cat-highlights","product_cat-elysee-kollektion","product_cat-preiswerte-sicherheitsschuhe-industrie-handwerk","product_cat-schlechtwetterkleidung","product_cat-winterbekleidung","product_tag-elysee","product_tag-arbeitskleidung","product_tag-sicherheitsschuhe","product_tag-winterstiefel","pa_groesse-2897","pa_groesse-2876","pa_groesse-2898","pa_groesse-2877","pa_groesse-2899","pa_groesse-2878","pa_groesse-2900","pa_groesse-2891","pa_groesse-2901","pa_groesse-2939","pa_hersteller-arbeitskleidung"],"_links":{"self":[{"href":"https:\/\/arbeitskleidung.de\/shop\/wp-json\/wp\/v2\/product\/83397"}],"collection":[{"href":"https:\/\/arbeitskleidung.de\/shop\/wp-json\/wp\/v2\/product"}],"about":[{"href":"https:\/\/arbeitskleidung.de\/shop\/wp-json\/wp\/v2\/types\/product"}],"replies":[{"embeddable":true,"href":"https:\/\/arbeitskleidung.de\/shop\/wp-json\/wp\/v2\/comments?post=83397"}],"wp:featuredmedia":[{"embeddable":true,"href":"https:\/\/arbeitskleidung.de\/shop\/wp-json\/wp\/v2\/media\/83408"}],"wp:attachment":[{"href":"https:\/\/arbeitskleidung.de\/shop\/wp-json\/wp\/v2\/media?parent=83397"}],"wp:term":[{"taxonomy":"product_cat","embeddable":true,"href":"https:\/\/arbeitskleidung.de\/shop\/wp-json\/wp\/v2\/product_cat?post=83397"},{"taxonomy":"product_tag","embeddable":true,"href":"https:\/\/arbeitskleidung.de\/shop\/wp-json\/wp\/v2\/product_tag?post=83397"}],"curies":[{"name":"wp","href":"https:\/\/api.w.org\/{rel}","templated":true}]}}