{"id":83525,"date":"2022-02-16T17:24:08","date_gmt":"2022-02-16T15:24:08","guid":{"rendered":"https:\/\/arbeitskleidung.de\/shop\/produkt\/ueberschuhe-fuer-besucher"},"modified":"2022-02-16T17:24:08","modified_gmt":"2022-02-16T15:24:08","slug":"ueberschuhe-fuer-besucher","status":"publish","type":"product","link":"https:\/\/arbeitskleidung.de\/shop\/produkt\/ueberschuhe-fuer-besucher","title":{"rendered":"\u00dcberschuhe f\u00fcr Besucher"},"content":{"rendered":"<p><strong>\u00dcberschuhe f\u00fcr Besucher<\/strong><br \/>\nVerpackungeinheit 50 Paar<br \/>\nmit Gummizug und verschwei\u00dften<br \/>\nR\u00e4ndern.<br \/>\nFarbe : Blau<br \/>\nGr\u00f6\u00dfe : ca.<br \/>\n(L\u00e4nge 36 cm x H\u00f6he 15 cm)<br \/>\nMaterial : gepr\u00e4gtes Polyethylen<br \/>\nGewicht : 25 \u00b5<\/p>\n","protected":false},"excerpt":{"rendered":"<p>\u00dcberschuhe f\u00fcr Besucher Verpackungeinheit 50 Paar mit Gummizug und verschwei\u00dften R\u00e4ndern. Farbe : Blau Gr\u00f6\u00dfe : ca. (L\u00e4nge 36 cm x H\u00f6he 15 cm) Material : gepr\u00e4gtes Polyethylen Gewicht : 25 \u00b5<\/p>\n","protected":false},"featured_media":83526,"comment_status":"open","ping_status":"open","template":"","meta":[],"product_cat":[823,3186,779,2963,1026,3185,3420],"product_tag":[2964,2965,2966],"class_list":["post-83525","product","type-product","status-publish","has-post-thumbnail","hentry","product_cat-industrie-handwerk","product_cat-einwegkleidung-ueberschuhe","product_cat-gastronomie-klinik","product_cat-ueberschuhe-einwegkleidung","product_cat-berufsschuhe-schutzschuhe","product_cat-einweghygieneartikel","product_cat-einwegkleidung-ueberschuhe-einweghandschuhe","product_tag-franz-mensch","product_tag-einwegkleidung","product_tag-ueberschuhe","pa_hersteller-franz-mensch"],"_links":{"self":[{"href":"https:\/\/arbeitskleidung.de\/shop\/wp-json\/wp\/v2\/product\/83525"}],"collection":[{"href":"https:\/\/arbeitskleidung.de\/shop\/wp-json\/wp\/v2\/product"}],"about":[{"href":"https:\/\/arbeitskleidung.de\/shop\/wp-json\/wp\/v2\/types\/product"}],"replies":[{"embeddable":true,"href":"https:\/\/arbeitskleidung.de\/shop\/wp-json\/wp\/v2\/comments?post=83525"}],"wp:featuredmedia":[{"embeddable":true,"href":"https:\/\/arbeitskleidung.de\/shop\/wp-json\/wp\/v2\/media\/83526"}],"wp:attachment":[{"href":"https:\/\/arbeitskleidung.de\/shop\/wp-json\/wp\/v2\/media?parent=83525"}],"wp:term":[{"taxonomy":"product_cat","embeddable":true,"href":"https:\/\/arbeitskleidung.de\/shop\/wp-json\/wp\/v2\/product_cat?post=83525"},{"taxonomy":"product_tag","embeddable":true,"href":"https:\/\/arbeitskleidung.de\/shop\/wp-json\/wp\/v2\/product_tag?post=83525"}],"curies":[{"name":"wp","href":"https:\/\/api.w.org\/{rel}","templated":true}]}}