{"id":83527,"date":"2022-02-16T17:24:12","date_gmt":"2022-02-16T15:24:12","guid":{"rendered":"https:\/\/arbeitskleidung.de\/shop\/produkt\/ueberschuhe-rutschfest"},"modified":"2022-02-16T17:24:13","modified_gmt":"2022-02-16T15:24:13","slug":"ueberschuhe-rutschfest","status":"publish","type":"product","link":"https:\/\/arbeitskleidung.de\/shop\/produkt\/ueberschuhe-rutschfest","title":{"rendered":"\u00dcberschuhe rutschfest"},"content":{"rendered":"<p><strong>\u00dcberschuhe rutschfest<\/strong><br \/>\nmit Gummizug und Schwei\u00dfn\u00e4hten,<br \/>\nrutschfest und luftdurchl\u00e4ssig,<br \/>\nmit hoch wiederstandsf\u00e4higer Sohle.<br \/>\nGr\u00f6\u00dfe : ca.<br \/>\n(L\u00e4nge 40 cm x H\u00f6he 15,5 cm)<br \/>\nSohlenbreite : ca. 13 cm<br \/>\nMaterial : 100 % Polypropylen<br \/>\nSohle : gepr\u00e4gtes Polyethylen<br \/>\nSt\u00e4rke : 60 \u00b5<\/p>\n","protected":false},"excerpt":{"rendered":"<p>\u00dcberschuhe rutschfest mit Gummizug und Schwei\u00dfn\u00e4hten, rutschfest und luftdurchl\u00e4ssig, mit hoch wiederstandsf\u00e4higer Sohle. Gr\u00f6\u00dfe : ca. (L\u00e4nge 40 cm x H\u00f6he 15,5 cm) Sohlenbreite : ca. 13 cm Material : 100 % Polypropylen Sohle : gepr\u00e4gtes Polyethylen St\u00e4rke : 60 \u00b5<\/p>\n","protected":false},"featured_media":83533,"comment_status":"open","ping_status":"open","template":"","meta":[],"product_cat":[823,3186,779,2963,1026,3185,3420],"product_tag":[2964,2965,2966],"class_list":["post-83527","product","type-product","status-publish","has-post-thumbnail","hentry","product_cat-industrie-handwerk","product_cat-einwegkleidung-ueberschuhe","product_cat-gastronomie-klinik","product_cat-ueberschuhe-einwegkleidung","product_cat-berufsschuhe-schutzschuhe","product_cat-einweghygieneartikel","product_cat-einwegkleidung-ueberschuhe-einweghandschuhe","product_tag-franz-mensch","product_tag-einwegkleidung","product_tag-ueberschuhe","pa_auswahl-100-stueck","pa_auswahl-150-stueck","pa_auswahl-200-stueck","pa_auswahl-250-stueck","pa_auswahl-50-stueck","pa_hersteller-franz-mensch"],"_links":{"self":[{"href":"https:\/\/arbeitskleidung.de\/shop\/wp-json\/wp\/v2\/product\/83527"}],"collection":[{"href":"https:\/\/arbeitskleidung.de\/shop\/wp-json\/wp\/v2\/product"}],"about":[{"href":"https:\/\/arbeitskleidung.de\/shop\/wp-json\/wp\/v2\/types\/product"}],"replies":[{"embeddable":true,"href":"https:\/\/arbeitskleidung.de\/shop\/wp-json\/wp\/v2\/comments?post=83527"}],"wp:featuredmedia":[{"embeddable":true,"href":"https:\/\/arbeitskleidung.de\/shop\/wp-json\/wp\/v2\/media\/83533"}],"wp:attachment":[{"href":"https:\/\/arbeitskleidung.de\/shop\/wp-json\/wp\/v2\/media?parent=83527"}],"wp:term":[{"taxonomy":"product_cat","embeddable":true,"href":"https:\/\/arbeitskleidung.de\/shop\/wp-json\/wp\/v2\/product_cat?post=83527"},{"taxonomy":"product_tag","embeddable":true,"href":"https:\/\/arbeitskleidung.de\/shop\/wp-json\/wp\/v2\/product_tag?post=83527"}],"curies":[{"name":"wp","href":"https:\/\/api.w.org\/{rel}","templated":true}]}}