{"id":83555,"date":"2025-11-04T16:53:54","date_gmt":"2025-11-04T14:53:54","guid":{"rendered":"https:\/\/arbeitskleidung.de\/shop\/produkt\/rueckenstuetze"},"modified":"2025-11-04T16:53:55","modified_gmt":"2025-11-04T14:53:55","slug":"rueckenstuetze","status":"publish","type":"product","link":"https:\/\/arbeitskleidung.de\/shop\/produkt\/rueckenstuetze","title":{"rendered":"R\u00fcckenst\u00fctze"},"content":{"rendered":"<p><strong>R\u00fcckenst\u00fctze<\/strong><br \/>\nst\u00fctzt die R\u00fccken- und Bauchmuskulatur, die Lendenwirbel und das R\u00fcckgrat<br \/>\nVerspannungen und Verschlei\u00dferscheinungen werden gemindert<br \/>\nunterst\u00fctzt das richtige Tragen und Heben<br \/>\ndie bessere Haltung tr\u00e4gt zur Erhaltung der Gesundheit bei<br \/>\nder Klettverschluss bietet mehrfache Verstellm\u00f6glichkeiten und gibt sicheren Halt<br \/>\ndie Diagonal-Tr\u00e4ger verst\u00e4rken den Halt<br \/>\nder Safebelt l\u00e4sst sich angenehm \u00fcber oder unter der Arbeitsbekleidung tragen<br \/>\naus hochwertigem Elastikmaterial.<\/p>\n<p>Die t\u00e4gliche Praxis in Industrie, Handwerk und Gewerbe<br \/>\nist gekennzeichnet durch \u00dcberbelastungen,<br \/>\nunnat\u00fcrlichen K\u00f6rperbewegungen, wie sie durch<br \/>\nTragen und Heben schwerer Lasten,<br \/>\nstundenlanges Stehen und Gehen,<br \/>\nSitzen in angespannter Haltung hervorgerufen werden.<br \/>\nDurch falsche Bewegungen werden gerade die Bereiche Wirbels\u00e4ule,<br \/>\nLendenwirbel und R\u00fccken allgemein \u00fcberbelastet.<br \/>\nSchmerzen und schlie\u00dflich Krankheiten sind die negative Folge.<\/p>\n<p>Gr\u00f6\u00dfen\u00fcbersicht:<br \/>\nS 71 &#8211; 81 cm H\u00fcftumfang<br \/>\nM 81 &#8211; 96 cm H\u00fcftumfang<br \/>\nL 96 &#8211; 119 cm H\u00fcftumfang<br \/>\nXL 119 &#8211; 142 cm H\u00fcftumfang<br \/>\nXXL 142 &#8211; 170 cm H\u00fcftumfang<\/p>\n","protected":false},"excerpt":{"rendered":"<p>R\u00fcckenst\u00fctze st\u00fctzt die R\u00fccken- und Bauchmuskulatur, die Lendenwirbel und das R\u00fcckgrat Verspannungen und Verschlei\u00dferscheinungen werden gemindert unterst\u00fctzt das richtige Tragen und Heben die bessere Haltung tr\u00e4gt zur Erhaltung der Gesundheit bei der Klettverschluss bietet mehrfache Verstellm\u00f6glichkeiten und gibt sicheren Halt die Diagonal-Tr\u00e4ger verst\u00e4rken den Halt der Safebelt l\u00e4sst sich angenehm \u00fcber oder unter der Arbeitsbekleidung [&hellip;]<\/p>\n","protected":false},"featured_media":83561,"comment_status":"open","ping_status":"open","template":"","meta":[],"product_cat":[2989,3537,3357,2990,3563,823,3700,3391,2991,1025,2992,2993,3564,2994,2995,2996,2997,2998,2999,3000,3001,3002,2988,3418,3252],"product_tag":[2977,3003,3004,3005,3006,3007,3008,3009,3010,3127,3258,3392,2791,2951,2975],"class_list":["post-83555","product","type-product","status-publish","has-post-thumbnail","hentry","product_cat-fhb-damen-zunftbekleidung","product_cat-berufsbekleidung-einfarbig","product_cat-schweisserschutzbekleidung","product_cat-fhb-zunftwesten","product_cat-berufskleidung-grizzlyskin","product_cat-industrie-handwerk","product_cat-forstschutzkleidung-qualitex-arbeitskleidung","product_cat-berufsbekleidung-zweifarbig","product_cat-fhb-zunftshorts","product_cat-zunftbekleidung","product_cat-fhb-zunfthosen-mit-schlag","product_cat-fhb-cordura-zunfthosen-ohne-schlag","product_cat-berufskleidung-grizzlyskin-industrie-handwerk","product_cat-fhb-zunfthosen-ohne-schlag","product_cat-zunftaccessoires","product_cat-koppel-u-koppelzubehoer","product_cat-nageltaschen","product_cat-workerjeans-shorts","product_cat-zunftwesten-botticher-zunftkleidung","product_cat-gildehose-botticher-zunftkleidung","product_cat-meisterhose-boetticher-zunftkleidung","product_cat-sonderangebote","product_cat-fhb-workerjeans-arbeitshosen","product_cat-betriebsbedarf","product_cat-qualitex-arbeitskleidung","product_tag-zunfthose","product_tag-boetticher","product_tag-qualitex","product_tag-arbeitshose","product_tag-gildehose","product_tag-koppel","product_tag-meisterhose","product_tag-zunftbekleidung","product_tag-zunftkleidung","product_tag-nageltasche","product_tag-berufskleidung","product_tag-berufsbekleidung","product_tag-arbeitskleidung","product_tag-fhb","product_tag-zunftweste","pa_groesse-l","pa_groesse-m","pa_groesse-s","pa_groesse-xl","pa_groesse-xxl","pa_hersteller-qualitex"],"_links":{"self":[{"href":"https:\/\/arbeitskleidung.de\/shop\/wp-json\/wp\/v2\/product\/83555"}],"collection":[{"href":"https:\/\/arbeitskleidung.de\/shop\/wp-json\/wp\/v2\/product"}],"about":[{"href":"https:\/\/arbeitskleidung.de\/shop\/wp-json\/wp\/v2\/types\/product"}],"replies":[{"embeddable":true,"href":"https:\/\/arbeitskleidung.de\/shop\/wp-json\/wp\/v2\/comments?post=83555"}],"wp:featuredmedia":[{"embeddable":true,"href":"https:\/\/arbeitskleidung.de\/shop\/wp-json\/wp\/v2\/media\/83561"}],"wp:attachment":[{"href":"https:\/\/arbeitskleidung.de\/shop\/wp-json\/wp\/v2\/media?parent=83555"}],"wp:term":[{"taxonomy":"product_cat","embeddable":true,"href":"https:\/\/arbeitskleidung.de\/shop\/wp-json\/wp\/v2\/product_cat?post=83555"},{"taxonomy":"product_tag","embeddable":true,"href":"https:\/\/arbeitskleidung.de\/shop\/wp-json\/wp\/v2\/product_tag?post=83555"}],"curies":[{"name":"wp","href":"https:\/\/api.w.org\/{rel}","templated":true}]}}