{"id":84905,"date":"2025-11-04T16:56:41","date_gmt":"2025-11-04T14:56:41","guid":{"rendered":"https:\/\/arbeitskleidung.de\/shop\/produkt\/zunft-messertasche-kurz"},"modified":"2025-11-04T16:56:41","modified_gmt":"2025-11-04T14:56:41","slug":"zunft-messertasche-kurz","status":"publish","type":"product","link":"https:\/\/arbeitskleidung.de\/shop\/produkt\/zunft-messertasche-kurz","title":{"rendered":"Zunft-Messertasche kurz"},"content":{"rendered":"<p><strong>Zunft-Messertasche kurz<\/strong><br \/>\nR\u00fcckseite kr\u00e4ftiges Rindleder,<br \/>\nVorderseite Vollrindleder,<br \/>\n5- fach genietet<br \/>\nFarbe: Schwarz<br \/>\nMa\u00dfe: 6 x 19,5 x 3 cm (B x H x T)<\/p>\n","protected":false},"excerpt":{"rendered":"<p>Zunft-Messertasche kurz R\u00fcckseite kr\u00e4ftiges Rindleder, Vorderseite Vollrindleder, 5- fach genietet Farbe: Schwarz Ma\u00dfe: 6 x 19,5 x 3 cm (B x H x T)<\/p>\n","protected":false},"featured_media":84906,"comment_status":"open","ping_status":"open","template":"","meta":[],"product_cat":[1025,2996],"product_tag":[2951,3007],"class_list":["post-84905","product","type-product","status-publish","has-post-thumbnail","hentry","product_cat-zunftbekleidung","product_cat-koppel-u-koppelzubehoer","product_tag-fhb","product_tag-koppel","pa_hersteller-fhb"],"_links":{"self":[{"href":"https:\/\/arbeitskleidung.de\/shop\/wp-json\/wp\/v2\/product\/84905"}],"collection":[{"href":"https:\/\/arbeitskleidung.de\/shop\/wp-json\/wp\/v2\/product"}],"about":[{"href":"https:\/\/arbeitskleidung.de\/shop\/wp-json\/wp\/v2\/types\/product"}],"replies":[{"embeddable":true,"href":"https:\/\/arbeitskleidung.de\/shop\/wp-json\/wp\/v2\/comments?post=84905"}],"wp:featuredmedia":[{"embeddable":true,"href":"https:\/\/arbeitskleidung.de\/shop\/wp-json\/wp\/v2\/media\/84906"}],"wp:attachment":[{"href":"https:\/\/arbeitskleidung.de\/shop\/wp-json\/wp\/v2\/media?parent=84905"}],"wp:term":[{"taxonomy":"product_cat","embeddable":true,"href":"https:\/\/arbeitskleidung.de\/shop\/wp-json\/wp\/v2\/product_cat?post=84905"},{"taxonomy":"product_tag","embeddable":true,"href":"https:\/\/arbeitskleidung.de\/shop\/wp-json\/wp\/v2\/product_tag?post=84905"}],"curies":[{"name":"wp","href":"https:\/\/api.w.org\/{rel}","templated":true}]}}