{"id":84993,"date":"2025-11-04T16:56:50","date_gmt":"2025-11-04T14:56:50","guid":{"rendered":"https:\/\/arbeitskleidung.de\/shop\/produkt\/zunft-multifunktionstasche"},"modified":"2025-11-04T16:56:51","modified_gmt":"2025-11-04T14:56:51","slug":"zunft-multifunktionstasche","status":"publish","type":"product","link":"https:\/\/arbeitskleidung.de\/shop\/produkt\/zunft-multifunktionstasche","title":{"rendered":"Zunft-Multifunktionstasche"},"content":{"rendered":"<p><strong>Zunft-Multifunktionstasche<\/strong><br \/>\nMaterial:<br \/>\nVollrindleder, gen\u00e4ht und genietet, gro\u00dfes Innenfach,<br \/>\n2 Frontf\u00e4cher mit Hammerhalter<br \/>\nFarben: Schwarz<br \/>\nMa\u00dfe: 27 x 27 x 9 cm (B x H x T)<\/p>\n","protected":false},"excerpt":{"rendered":"<p>Zunft-Multifunktionstasche Material: Vollrindleder, gen\u00e4ht und genietet, gro\u00dfes Innenfach, 2 Frontf\u00e4cher mit Hammerhalter Farben: Schwarz Ma\u00dfe: 27 x 27 x 9 cm (B x H x T)<\/p>\n","protected":false},"featured_media":84994,"comment_status":"open","ping_status":"open","template":"","meta":[],"product_cat":[1025,2997],"product_tag":[2951,3127],"class_list":["post-84993","product","type-product","status-publish","has-post-thumbnail","hentry","product_cat-zunftbekleidung","product_cat-nageltaschen","product_tag-fhb","product_tag-nageltasche","pa_hersteller-fhb"],"_links":{"self":[{"href":"https:\/\/arbeitskleidung.de\/shop\/wp-json\/wp\/v2\/product\/84993"}],"collection":[{"href":"https:\/\/arbeitskleidung.de\/shop\/wp-json\/wp\/v2\/product"}],"about":[{"href":"https:\/\/arbeitskleidung.de\/shop\/wp-json\/wp\/v2\/types\/product"}],"replies":[{"embeddable":true,"href":"https:\/\/arbeitskleidung.de\/shop\/wp-json\/wp\/v2\/comments?post=84993"}],"wp:featuredmedia":[{"embeddable":true,"href":"https:\/\/arbeitskleidung.de\/shop\/wp-json\/wp\/v2\/media\/84994"}],"wp:attachment":[{"href":"https:\/\/arbeitskleidung.de\/shop\/wp-json\/wp\/v2\/media?parent=84993"}],"wp:term":[{"taxonomy":"product_cat","embeddable":true,"href":"https:\/\/arbeitskleidung.de\/shop\/wp-json\/wp\/v2\/product_cat?post=84993"},{"taxonomy":"product_tag","embeddable":true,"href":"https:\/\/arbeitskleidung.de\/shop\/wp-json\/wp\/v2\/product_tag?post=84993"}],"curies":[{"name":"wp","href":"https:\/\/api.w.org\/{rel}","templated":true}]}}