{"id":86096,"date":"2024-02-01T08:45:41","date_gmt":"2024-02-01T06:45:41","guid":{"rendered":"https:\/\/arbeitskleidung.de\/shop\/produkt\/bierbaum-proenen-koch-und-baeckerhose-2"},"modified":"2024-02-01T08:45:42","modified_gmt":"2024-02-01T06:45:42","slug":"bierbaum-proenen-koch-und-baeckerhose-2","status":"publish","type":"product","link":"https:\/\/arbeitskleidung.de\/shop\/produkt\/bierbaum-proenen-koch-und-baeckerhose-2","title":{"rendered":"Bierbaum-Proenen Koch- und B\u00e4ckerhose"},"content":{"rendered":"<p><strong>Bierbaum-Proenen Koch- und B\u00e4ckerhose<\/strong><br \/>\nGummizug im R\u00fccken, Bundfalten,<br \/>\n2 Seitentaschen,<br \/>\n1 verschlie\u00dfbare Ges\u00e4\u00dftasche<br \/>\n100 % Baumwolle,<br \/>\nchlorecht und kochfest.<\/p>\n<p>Dessin: Stresemann<\/p>\n<p>Qualit\u00e4t, die anzieht : Unsere Hosen<br \/>\naus hochwertigem Tuch zeichnen sich<br \/>\ndurch ihren leichten und soften<br \/>\nTragekomfort aus. <\/p>\n<p>Durch das spezielle F\u00e4rbeverfahren und<br \/>\ndie besonderen Garne sind sie zudem<br \/>\nchlorecht und kochfest.<\/p>\n","protected":false},"excerpt":{"rendered":"<p>Restpostenverkauf vom Umtausch ausgeschlossen<\/p>\n","protected":false},"featured_media":86099,"comment_status":"open","ping_status":"open","template":"","meta":[],"product_cat":[3144,779,3189],"product_tag":[2865,3146,3175,3190],"class_list":["post-86096","product","type-product","status-publish","has-post-thumbnail","hentry","product_cat-kuechenkleidung-servicekleidung","product_cat-gastronomie-klinik","product_cat-restposten-kuechenbekleidung","product_tag-hose","product_tag-kuechenkleidung","product_tag-bierbaum-proenen","product_tag-kuechenbekleidung","pa_groesse-3018","pa_hersteller-bierbaum-proenen"],"_links":{"self":[{"href":"https:\/\/arbeitskleidung.de\/shop\/wp-json\/wp\/v2\/product\/86096"}],"collection":[{"href":"https:\/\/arbeitskleidung.de\/shop\/wp-json\/wp\/v2\/product"}],"about":[{"href":"https:\/\/arbeitskleidung.de\/shop\/wp-json\/wp\/v2\/types\/product"}],"replies":[{"embeddable":true,"href":"https:\/\/arbeitskleidung.de\/shop\/wp-json\/wp\/v2\/comments?post=86096"}],"wp:featuredmedia":[{"embeddable":true,"href":"https:\/\/arbeitskleidung.de\/shop\/wp-json\/wp\/v2\/media\/86099"}],"wp:attachment":[{"href":"https:\/\/arbeitskleidung.de\/shop\/wp-json\/wp\/v2\/media?parent=86096"}],"wp:term":[{"taxonomy":"product_cat","embeddable":true,"href":"https:\/\/arbeitskleidung.de\/shop\/wp-json\/wp\/v2\/product_cat?post=86096"},{"taxonomy":"product_tag","embeddable":true,"href":"https:\/\/arbeitskleidung.de\/shop\/wp-json\/wp\/v2\/product_tag?post=86096"}],"curies":[{"name":"wp","href":"https:\/\/api.w.org\/{rel}","templated":true}]}}