{"id":86221,"date":"2021-04-21T15:15:51","date_gmt":"2021-04-21T13:15:51","guid":{"rendered":"https:\/\/arbeitskleidung.de\/shop\/produkt\/bierbaum-proenen-bundhose-triton"},"modified":"2023-11-09T14:06:23","modified_gmt":"2023-11-09T12:06:23","slug":"bierbaum-proenen-bundhose-triton","status":"publish","type":"product","link":"https:\/\/arbeitskleidung.de\/shop\/produkt\/bierbaum-proenen-bundhose-triton","title":{"rendered":"Bierbaum-Proenen Bundhose"},"content":{"rendered":"<p><strong>Bierbaum-Proenen Bundhose<\/strong><br \/>\nBundfalten,<br \/>\n2 Seitentaschen<br \/>\n2 Schenkeltaschen,<br \/>\n1 aufgesetzter Handytasche,<br \/>\n1 verschlie\u00dfbare Ges\u00e4\u00dftasche<br \/>\nL\u00e4nge 83 cm<br \/>\n100 % Baumwolle,<br \/>\nkochfest.<\/p>\n","protected":false},"excerpt":{"rendered":"<p>Restpostenverkauf vom Umtausch ausgeschlossen<\/p>\n","protected":false},"featured_media":86225,"comment_status":"open","ping_status":"closed","template":"","meta":[],"product_cat":[779,3198,3178],"product_tag":[3175,3199],"class_list":["post-86221","product","type-product","status-publish","has-post-thumbnail","hentry","product_cat-gastronomie-klinik","product_cat-herrenhosen","product_cat-restpostenverkauf-gastronomie-klinik","product_tag-bierbaum-proenen","product_tag-bundhose","pa_groesse-3201","pa_groesse-2939","pa_groesse-3089","pa_hersteller-bierbaum-proenen"],"_links":{"self":[{"href":"https:\/\/arbeitskleidung.de\/shop\/wp-json\/wp\/v2\/product\/86221"}],"collection":[{"href":"https:\/\/arbeitskleidung.de\/shop\/wp-json\/wp\/v2\/product"}],"about":[{"href":"https:\/\/arbeitskleidung.de\/shop\/wp-json\/wp\/v2\/types\/product"}],"replies":[{"embeddable":true,"href":"https:\/\/arbeitskleidung.de\/shop\/wp-json\/wp\/v2\/comments?post=86221"}],"wp:featuredmedia":[{"embeddable":true,"href":"https:\/\/arbeitskleidung.de\/shop\/wp-json\/wp\/v2\/media\/86225"}],"wp:attachment":[{"href":"https:\/\/arbeitskleidung.de\/shop\/wp-json\/wp\/v2\/media?parent=86221"}],"wp:term":[{"taxonomy":"product_cat","embeddable":true,"href":"https:\/\/arbeitskleidung.de\/shop\/wp-json\/wp\/v2\/product_cat?post=86221"},{"taxonomy":"product_tag","embeddable":true,"href":"https:\/\/arbeitskleidung.de\/shop\/wp-json\/wp\/v2\/product_tag?post=86221"}],"curies":[{"name":"wp","href":"https:\/\/api.w.org\/{rel}","templated":true}]}}