{"id":86285,"date":"2021-04-21T14:46:06","date_gmt":"2021-04-21T12:46:06","guid":{"rendered":"https:\/\/arbeitskleidung.de\/shop\/produkt\/bierbaum-proenen-berufshose-merkur"},"modified":"2023-11-09T13:57:51","modified_gmt":"2023-11-09T11:57:51","slug":"bierbaum-proenen-berufshose-merkur","status":"publish","type":"product","link":"https:\/\/arbeitskleidung.de\/shop\/produkt\/bierbaum-proenen-berufshose-merkur","title":{"rendered":"Bierbaum-Proenen Berufshose"},"content":{"rendered":"<p><strong>Bierbaum-Proenen Berufshose<\/strong><br \/>\nSchrittl\u00e4nge 78 cm<br \/>\nseitlicher Gummizug<br \/>\nbesonders geeignet f\u00fcr gro\u00dfe Gr\u00f6\u00dfen<br \/>\n100 % Baumwoll- K\u00f6per<\/p>\n","protected":false},"excerpt":{"rendered":"<p>Restpostenverkauf vom Umtausch ausgeschlossen<\/p>\n","protected":false},"featured_media":86287,"comment_status":"open","ping_status":"closed","template":"","meta":[],"product_cat":[779,3178,3203],"product_tag":[3175],"class_list":["post-86285","product","type-product","status-publish","has-post-thumbnail","hentry","product_cat-gastronomie-klinik","product_cat-restpostenverkauf-gastronomie-klinik","product_cat-damenhosen-restpostenverkauf-gastronomie-klinik","product_tag-bierbaum-proenen","pa_groesse-3016","pa_hersteller-bierbaum-proenen"],"_links":{"self":[{"href":"https:\/\/arbeitskleidung.de\/shop\/wp-json\/wp\/v2\/product\/86285"}],"collection":[{"href":"https:\/\/arbeitskleidung.de\/shop\/wp-json\/wp\/v2\/product"}],"about":[{"href":"https:\/\/arbeitskleidung.de\/shop\/wp-json\/wp\/v2\/types\/product"}],"replies":[{"embeddable":true,"href":"https:\/\/arbeitskleidung.de\/shop\/wp-json\/wp\/v2\/comments?post=86285"}],"wp:featuredmedia":[{"embeddable":true,"href":"https:\/\/arbeitskleidung.de\/shop\/wp-json\/wp\/v2\/media\/86287"}],"wp:attachment":[{"href":"https:\/\/arbeitskleidung.de\/shop\/wp-json\/wp\/v2\/media?parent=86285"}],"wp:term":[{"taxonomy":"product_cat","embeddable":true,"href":"https:\/\/arbeitskleidung.de\/shop\/wp-json\/wp\/v2\/product_cat?post=86285"},{"taxonomy":"product_tag","embeddable":true,"href":"https:\/\/arbeitskleidung.de\/shop\/wp-json\/wp\/v2\/product_tag?post=86285"}],"curies":[{"name":"wp","href":"https:\/\/api.w.org\/{rel}","templated":true}]}}