{"id":86391,"date":"2016-11-29T19:14:47","date_gmt":"2016-11-29T18:14:47","guid":{"rendered":"https:\/\/arbeitskleidung.de\/shop\/produkt\/schutzbrille"},"modified":"2016-11-29T19:14:47","modified_gmt":"2016-11-29T18:14:47","slug":"schutzbrille-beschlagfrei","status":"publish","type":"product","link":"https:\/\/arbeitskleidung.de\/shop\/produkt\/schutzbrille-beschlagfrei","title":{"rendered":"Schutzbrille beschlagfrei"},"content":{"rendered":"<p><strong>Schutzbrille beschlagfrei<\/strong><br \/>\nleicht, robust und chic, durch DX Beschichtung<br \/>\nbeschlagfrei, kratzfest, antistatisch, chemikalienbest\u00e4ndig,<br \/>\nhoch sto\u00dffeste Polycabonat- Scheibe,<br \/>\nhervorragender Rundumschutz, verstellbare B\u00fcgel<br \/>\nf\u00fcr komfortable Pa\u00dfform, Scheibe absorbiert 99,9 %<br \/>\nder UV- Strahlen<\/p>\n<p>Norm : EN 166<br \/>\nFarbe : Rahmen und B\u00fcgel Blau<\/p>\n","protected":false},"excerpt":{"rendered":"<p>Schutzbrille beschlagfrei leicht, robust und chic, durch DX Beschichtung beschlagfrei, kratzfest, antistatisch, chemikalienbest\u00e4ndig, hoch sto\u00dffeste Polycabonat- Scheibe, hervorragender Rundumschutz, verstellbare B\u00fcgel f\u00fcr komfortable Pa\u00dfform, Scheibe absorbiert 99,9 % der UV- Strahlen Norm : EN 166 Farbe : Rahmen und B\u00fcgel Blau<\/p>\n","protected":false},"featured_media":86392,"comment_status":"open","ping_status":"open","template":"","meta":[],"product_cat":[3210,823,779,3185,3362],"product_tag":[2791,3211,3416],"class_list":["post-86391","product","type-product","status-publish","has-post-thumbnail","hentry","product_cat-schutzbrillen","product_cat-industrie-handwerk","product_cat-gastronomie-klinik","product_cat-einweghygieneartikel","product_cat-kopfschutz","product_tag-arbeitskleidung","product_tag-schutzbrille","product_tag-kopfschutz","pa_hersteller-arbeitskleidung"],"_links":{"self":[{"href":"https:\/\/arbeitskleidung.de\/shop\/wp-json\/wp\/v2\/product\/86391"}],"collection":[{"href":"https:\/\/arbeitskleidung.de\/shop\/wp-json\/wp\/v2\/product"}],"about":[{"href":"https:\/\/arbeitskleidung.de\/shop\/wp-json\/wp\/v2\/types\/product"}],"replies":[{"embeddable":true,"href":"https:\/\/arbeitskleidung.de\/shop\/wp-json\/wp\/v2\/comments?post=86391"}],"wp:featuredmedia":[{"embeddable":true,"href":"https:\/\/arbeitskleidung.de\/shop\/wp-json\/wp\/v2\/media\/86392"}],"wp:attachment":[{"href":"https:\/\/arbeitskleidung.de\/shop\/wp-json\/wp\/v2\/media?parent=86391"}],"wp:term":[{"taxonomy":"product_cat","embeddable":true,"href":"https:\/\/arbeitskleidung.de\/shop\/wp-json\/wp\/v2\/product_cat?post=86391"},{"taxonomy":"product_tag","embeddable":true,"href":"https:\/\/arbeitskleidung.de\/shop\/wp-json\/wp\/v2\/product_tag?post=86391"}],"curies":[{"name":"wp","href":"https:\/\/api.w.org\/{rel}","templated":true}]}}