{"id":86492,"date":"2022-02-07T15:15:28","date_gmt":"2022-02-07T13:15:28","guid":{"rendered":"https:\/\/arbeitskleidung.de\/shop\/produkt\/latzschuerze-100-x-80-cm"},"modified":"2025-09-15T08:50:09","modified_gmt":"2025-09-15T06:50:09","slug":"latzschuerze-100-x-80-cm","status":"publish","type":"product","link":"https:\/\/arbeitskleidung.de\/shop\/produkt\/latzschuerze-100-x-80-cm","title":{"rendered":"Latzsch\u00fcrze"},"content":{"rendered":"<p><strong>Latzsch\u00fcrzecm<\/strong><br \/>\nMaterial : 65 % PL \/ 35 % BW<br \/>\ndurchgen\u00e4hte Stoffb\u00e4ndern. <\/p>\n<p>Wei\u00dfe Ware 100 % Baumwolle K\u00f6per<\/p>\n<p>Farben\u00fcbersicht siehe INFO<\/p>\n","protected":false},"excerpt":{"rendered":"<p>Latzsch\u00fcrzecm Material : 65 % PL \/ 35 % BW durchgen\u00e4hte Stoffb\u00e4ndern. Wei\u00dfe Ware 100 % Baumwolle K\u00f6per Farben\u00fcbersicht siehe INFO<\/p>\n","protected":false},"featured_media":86509,"comment_status":"open","ping_status":"closed","template":"","meta":[],"product_cat":[3144,3154,779],"product_tag":[2833,3146,3155],"class_list":["post-86492","product","type-product","status-publish","has-post-thumbnail","hentry","product_cat-kuechenkleidung-servicekleidung","product_cat-latzschuerzen","product_cat-gastronomie-klinik","product_tag-m-s","product_tag-kuechenkleidung","product_tag-latzschuerze","pa_farbe-apfelgruen","pa_farbe-beige","pa_farbe-bordeaux","pa_farbe-braun","pa_farbe-gelb","pa_farbe-gruen","pa_farbe-himmelblau","pa_farbe-marine","pa_farbe-orange","pa_farbe-pink","pa_farbe-rose","pa_farbe-rot","pa_farbe-royalblau","pa_farbe-schwarz","pa_farbe-silbergrau","pa_farbe-weiss","pa_hersteller-m-s"],"_links":{"self":[{"href":"https:\/\/arbeitskleidung.de\/shop\/wp-json\/wp\/v2\/product\/86492"}],"collection":[{"href":"https:\/\/arbeitskleidung.de\/shop\/wp-json\/wp\/v2\/product"}],"about":[{"href":"https:\/\/arbeitskleidung.de\/shop\/wp-json\/wp\/v2\/types\/product"}],"replies":[{"embeddable":true,"href":"https:\/\/arbeitskleidung.de\/shop\/wp-json\/wp\/v2\/comments?post=86492"}],"wp:featuredmedia":[{"embeddable":true,"href":"https:\/\/arbeitskleidung.de\/shop\/wp-json\/wp\/v2\/media\/86509"}],"wp:attachment":[{"href":"https:\/\/arbeitskleidung.de\/shop\/wp-json\/wp\/v2\/media?parent=86492"}],"wp:term":[{"taxonomy":"product_cat","embeddable":true,"href":"https:\/\/arbeitskleidung.de\/shop\/wp-json\/wp\/v2\/product_cat?post=86492"},{"taxonomy":"product_tag","embeddable":true,"href":"https:\/\/arbeitskleidung.de\/shop\/wp-json\/wp\/v2\/product_tag?post=86492"}],"curies":[{"name":"wp","href":"https:\/\/api.w.org\/{rel}","templated":true}]}}