{"id":86850,"date":"2023-01-31T12:23:28","date_gmt":"2023-01-31T10:23:28","guid":{"rendered":"https:\/\/arbeitskleidung.de\/shop\/produkt\/kochhose"},"modified":"2023-01-31T12:23:30","modified_gmt":"2023-01-31T10:23:30","slug":"kochhose","status":"publish","type":"product","link":"https:\/\/arbeitskleidung.de\/shop\/produkt\/kochhose","title":{"rendered":"Kochhose"},"content":{"rendered":"<p><strong>Kochhose<\/strong><br \/>\nSchwarz \/Wei\u00df Pepita, 100 % Baumwolle,<br \/>\nca. 240 g\/m\u00b2, mercerisiert,<br \/>\n2 Seitentaschen, 1 Ges\u00e4\u00dftasche,<br \/>\nSchlitzrei\u00dfverschlu\u00df, Bund mit Dehnzone,<br \/>\nG\u00fcrtelschaufen, 90\u00b0 waschbar<\/p>\n<p>Gr\u00f6\u00dfen: XS \/ S \/ M \/ L \/ XL \/ XXL \/ 3-XL \/ 4-XL \/ 5-XL<\/p>\n","protected":false},"excerpt":{"rendered":"<p>Kochhose Schwarz \/Wei\u00df Pepita, 100 % Baumwolle, ca. 240 g\/m\u00b2, mercerisiert, 2 Seitentaschen, 1 Ges\u00e4\u00dftasche, Schlitzrei\u00dfverschlu\u00df, Bund mit Dehnzone, G\u00fcrtelschaufen, 90\u00b0 waschbar Gr\u00f6\u00dfen: XS \/ S \/ M \/ L \/ XL \/ XXL \/ 3-XL \/ 4-XL \/ 5-XL<\/p>\n","protected":false},"featured_media":86860,"comment_status":"open","ping_status":"open","template":"","meta":[],"product_cat":[3144,779,3701,3164,3166],"product_tag":[2833,3146,3165],"class_list":["post-86850","product","type-product","status-publish","has-post-thumbnail","hentry","product_cat-kuechenkleidung-servicekleidung","product_cat-gastronomie-klinik","product_cat-sonderangebote-gastronomie-klinik","product_cat-kochhosen","product_cat-sonderangebote-kuechenkleidung-servicekleidung","product_tag-m-s","product_tag-kuechenkleidung","product_tag-kochhose","pa_groesse-3-xl","pa_groesse-4-xl","pa_groesse-5-xl","pa_groesse-l","pa_groesse-m","pa_groesse-s","pa_groesse-xl","pa_groesse-xs","pa_groesse-xxl","pa_hersteller-m-s"],"_links":{"self":[{"href":"https:\/\/arbeitskleidung.de\/shop\/wp-json\/wp\/v2\/product\/86850"}],"collection":[{"href":"https:\/\/arbeitskleidung.de\/shop\/wp-json\/wp\/v2\/product"}],"about":[{"href":"https:\/\/arbeitskleidung.de\/shop\/wp-json\/wp\/v2\/types\/product"}],"replies":[{"embeddable":true,"href":"https:\/\/arbeitskleidung.de\/shop\/wp-json\/wp\/v2\/comments?post=86850"}],"wp:featuredmedia":[{"embeddable":true,"href":"https:\/\/arbeitskleidung.de\/shop\/wp-json\/wp\/v2\/media\/86860"}],"wp:attachment":[{"href":"https:\/\/arbeitskleidung.de\/shop\/wp-json\/wp\/v2\/media?parent=86850"}],"wp:term":[{"taxonomy":"product_cat","embeddable":true,"href":"https:\/\/arbeitskleidung.de\/shop\/wp-json\/wp\/v2\/product_cat?post=86850"},{"taxonomy":"product_tag","embeddable":true,"href":"https:\/\/arbeitskleidung.de\/shop\/wp-json\/wp\/v2\/product_tag?post=86850"}],"curies":[{"name":"wp","href":"https:\/\/api.w.org\/{rel}","templated":true}]}}