{"id":86959,"date":"2022-01-14T11:03:05","date_gmt":"2022-01-14T09:03:05","guid":{"rendered":"https:\/\/arbeitskleidung.de\/shop\/produkt\/kochjacke-langarm"},"modified":"2022-01-20T08:50:54","modified_gmt":"2022-01-20T06:50:54","slug":"kochjacke-langarm","status":"publish","type":"product","link":"https:\/\/arbeitskleidung.de\/shop\/produkt\/kochjacke-langarm","title":{"rendered":"Kochjacke langarm"},"content":{"rendered":"<p><strong>Kochjacke langarm<\/strong><br \/>\n6-er Knopfreihe inkl. Kugelkn\u00f6pfe in wei\u00df,<br \/>\n100 % Baumwolle K\u00f6per,<br \/>\nca. 220 g\/m\u00b2<br \/>\nsanfor,<br \/>\nbequeme Schnittform,<br \/>\n1 Brusttasche.<\/p>\n<p>Gr\u00f6\u00dfen: XS \/ S \/ M \/ L \/ XL \/ XXL \/ 3-XL \/ 4-XL \/ 5-XL<\/p>\n","protected":false},"excerpt":{"rendered":"<p>Kochjacke langarm 6-er Knopfreihe inkl. Kugelkn\u00f6pfe in wei\u00df, 100 % Baumwolle K\u00f6per, ca. 220 g\/m\u00b2 sanfor, bequeme Schnittform, 1 Brusttasche. Gr\u00f6\u00dfen: XS \/ S \/ M \/ L \/ XL \/ XXL \/ 3-XL \/ 4-XL \/ 5-XL<\/p>\n","protected":false},"featured_media":86969,"comment_status":"open","ping_status":"open","template":"","meta":[],"product_cat":[3144,779,3701,3166],"product_tag":[2833,3146,3168],"class_list":["post-86959","product","type-product","status-publish","has-post-thumbnail","hentry","product_cat-kuechenkleidung-servicekleidung","product_cat-gastronomie-klinik","product_cat-sonderangebote-gastronomie-klinik","product_cat-sonderangebote-kuechenkleidung-servicekleidung","product_tag-m-s","product_tag-kuechenkleidung","product_tag-kochjacke","pa_groesse-3-xl","pa_groesse-4-xl","pa_groesse-5-xl","pa_groesse-l","pa_groesse-m","pa_groesse-s","pa_groesse-xl","pa_groesse-xs","pa_groesse-xxl","pa_hersteller-m-s"],"_links":{"self":[{"href":"https:\/\/arbeitskleidung.de\/shop\/wp-json\/wp\/v2\/product\/86959"}],"collection":[{"href":"https:\/\/arbeitskleidung.de\/shop\/wp-json\/wp\/v2\/product"}],"about":[{"href":"https:\/\/arbeitskleidung.de\/shop\/wp-json\/wp\/v2\/types\/product"}],"replies":[{"embeddable":true,"href":"https:\/\/arbeitskleidung.de\/shop\/wp-json\/wp\/v2\/comments?post=86959"}],"wp:featuredmedia":[{"embeddable":true,"href":"https:\/\/arbeitskleidung.de\/shop\/wp-json\/wp\/v2\/media\/86969"}],"wp:attachment":[{"href":"https:\/\/arbeitskleidung.de\/shop\/wp-json\/wp\/v2\/media?parent=86959"}],"wp:term":[{"taxonomy":"product_cat","embeddable":true,"href":"https:\/\/arbeitskleidung.de\/shop\/wp-json\/wp\/v2\/product_cat?post=86959"},{"taxonomy":"product_tag","embeddable":true,"href":"https:\/\/arbeitskleidung.de\/shop\/wp-json\/wp\/v2\/product_tag?post=86959"}],"curies":[{"name":"wp","href":"https:\/\/api.w.org\/{rel}","templated":true}]}}