{"id":87981,"date":"2018-03-12T14:34:18","date_gmt":"2018-03-12T13:34:18","guid":{"rendered":"https:\/\/arbeitskleidung.de\/shop\/produkt\/dassy-bundhose-kingston"},"modified":"2018-03-12T14:34:18","modified_gmt":"2018-03-12T13:34:18","slug":"dassy-bundhose-kingston","status":"publish","type":"product","link":"https:\/\/arbeitskleidung.de\/shop\/produkt\/dassy-bundhose-kingston","title":{"rendered":"DASSY Bundhose Kingston"},"content":{"rendered":"<p><strong>DASSY Bundhose Kingston<\/strong><br \/>\nMaterial: 60 % Baumwolle \/ 40 % Polyester<br \/>\n+\/-340 g\/m\u00b2<\/p>\n<p>Ausstattung:<br \/>\n2 Schubtaschen,<br \/>\n2 Ges\u00e4\u00dftaschen mit Patte und Klettverschluss,<br \/>\nSchenkeltasche links mit Patte und Klettverschluss,<br \/>\nHandytasche, Schenkeltasche<br \/>\nvorn mit Werkzeugf\u00e4chern,<br \/>\nTasche mit Rei\u00dfverschluss,<br \/>\nZollstocktasche,<br \/>\nverstellbare R\u00fcckenelastik,<br \/>\n3-fache Kappn\u00e4hte,<br \/>\nbreiter Saum (extra 5 cm)<br \/>\nHosenl\u00e4nge selbst ver\u00e4nderbar.<\/p>\n","protected":false},"excerpt":{"rendered":"<p>DASSY Bundhose Kingston Material: 60 % Baumwolle \/ 40 % Polyester +\/-340 g\/m\u00b2 Ausstattung: 2 Schubtaschen, 2 Ges\u00e4\u00dftaschen mit Patte und Klettverschluss, Schenkeltasche links mit Patte und Klettverschluss, Handytasche, Schenkeltasche vorn mit Werkzeugf\u00e4chern, Tasche mit Rei\u00dfverschluss, Zollstocktasche, verstellbare R\u00fcckenelastik, 3-fache Kappn\u00e4hte, breiter Saum (extra 5 cm) Hosenl\u00e4nge selbst ver\u00e4nderbar.<\/p>\n","protected":false},"featured_media":87994,"comment_status":"open","ping_status":"open","template":"","meta":[],"product_cat":[823,3303],"product_tag":[3199,3304],"class_list":["post-87981","product","type-product","status-publish","has-post-thumbnail","hentry","product_cat-industrie-handwerk","product_cat-dassy-workwear","product_tag-bundhose","product_tag-dassy","pa_groesse-2878","pa_groesse-2891","pa_groesse-2939","pa_groesse-3011","pa_groesse-3012","pa_groesse-3013","pa_groesse-3014","pa_groesse-3015","pa_groesse-3016","pa_groesse-3017","pa_groesse-3018","pa_groesse-3019","pa_hersteller-dassy"],"_links":{"self":[{"href":"https:\/\/arbeitskleidung.de\/shop\/wp-json\/wp\/v2\/product\/87981"}],"collection":[{"href":"https:\/\/arbeitskleidung.de\/shop\/wp-json\/wp\/v2\/product"}],"about":[{"href":"https:\/\/arbeitskleidung.de\/shop\/wp-json\/wp\/v2\/types\/product"}],"replies":[{"embeddable":true,"href":"https:\/\/arbeitskleidung.de\/shop\/wp-json\/wp\/v2\/comments?post=87981"}],"wp:featuredmedia":[{"embeddable":true,"href":"https:\/\/arbeitskleidung.de\/shop\/wp-json\/wp\/v2\/media\/87994"}],"wp:attachment":[{"href":"https:\/\/arbeitskleidung.de\/shop\/wp-json\/wp\/v2\/media?parent=87981"}],"wp:term":[{"taxonomy":"product_cat","embeddable":true,"href":"https:\/\/arbeitskleidung.de\/shop\/wp-json\/wp\/v2\/product_cat?post=87981"},{"taxonomy":"product_tag","embeddable":true,"href":"https:\/\/arbeitskleidung.de\/shop\/wp-json\/wp\/v2\/product_tag?post=87981"}],"curies":[{"name":"wp","href":"https:\/\/api.w.org\/{rel}","templated":true}]}}