{"id":87995,"date":"2018-03-12T14:34:23","date_gmt":"2018-03-12T13:34:23","guid":{"rendered":"https:\/\/arbeitskleidung.de\/shop\/produkt\/dassy-bundhose-miami"},"modified":"2018-03-12T14:34:23","modified_gmt":"2018-03-12T13:34:23","slug":"dassy-bundhose-miami","status":"publish","type":"product","link":"https:\/\/arbeitskleidung.de\/shop\/produkt\/dassy-bundhose-miami","title":{"rendered":"DASSY Bundhose Miami"},"content":{"rendered":"<p><strong>DASSY Bundhose Miami<\/strong><br \/>\nMaterial:<br \/>\n100 % Baumwolle 340 g\/m\u00b2<br \/>\nVerst\u00e4rkung Nylon Cordura\u00ae<\/p>\n<p>Austtattung:<br \/>\n2 Schubtaschen,<br \/>\n2 Ges\u00e4\u00dftaschen mit Patte und Klettverschluss,<br \/>\nSchenkeltasche mit Patte und Klettverschluss,<br \/>\nSchenkeltasche rechts mit Werkzeug- und Stiftef\u00e4chern ,<br \/>\nZollstocktasche, Handytasche,<br \/>\nextra Tasche f\u00fcr Geldbeutel,<br \/>\nverstellbare Cordura\u00ae Kniepolstertaschen,<br \/>\nverstellbare R\u00fcckenelastik,<br \/>\nbreiter Saum (extra 5 cm)<br \/>\nHosenl\u00e4nge selbst ver\u00e4nderbar<\/p>\n","protected":false},"excerpt":{"rendered":"<p>DASSY Bundhose Miami Material: 100 % Baumwolle 340 g\/m\u00b2 Verst\u00e4rkung Nylon Cordura\u00ae Austtattung: 2 Schubtaschen, 2 Ges\u00e4\u00dftaschen mit Patte und Klettverschluss, Schenkeltasche mit Patte und Klettverschluss, Schenkeltasche rechts mit Werkzeug- und Stiftef\u00e4chern , Zollstocktasche, Handytasche, extra Tasche f\u00fcr Geldbeutel, verstellbare Cordura\u00ae Kniepolstertaschen, verstellbare R\u00fcckenelastik, breiter Saum (extra 5 cm) Hosenl\u00e4nge selbst ver\u00e4nderbar<\/p>\n","protected":false},"featured_media":88032,"comment_status":"open","ping_status":"open","template":"","meta":[],"product_cat":[823,3303],"product_tag":[3199,3304],"class_list":["post-87995","product","type-product","status-publish","has-post-thumbnail","hentry","product_cat-industrie-handwerk","product_cat-dassy-workwear","product_tag-bundhose","product_tag-dassy","pa_farbe-dunkelblau","pa_farbe-grau","pa_farbe-schwarz","pa_groesse-2878","pa_groesse-2891","pa_groesse-2939","pa_groesse-3011","pa_groesse-3012","pa_groesse-3013","pa_groesse-3014","pa_groesse-3015","pa_groesse-3016","pa_groesse-3017","pa_groesse-3018","pa_groesse-3019","pa_hersteller-dassy"],"_links":{"self":[{"href":"https:\/\/arbeitskleidung.de\/shop\/wp-json\/wp\/v2\/product\/87995"}],"collection":[{"href":"https:\/\/arbeitskleidung.de\/shop\/wp-json\/wp\/v2\/product"}],"about":[{"href":"https:\/\/arbeitskleidung.de\/shop\/wp-json\/wp\/v2\/types\/product"}],"replies":[{"embeddable":true,"href":"https:\/\/arbeitskleidung.de\/shop\/wp-json\/wp\/v2\/comments?post=87995"}],"wp:featuredmedia":[{"embeddable":true,"href":"https:\/\/arbeitskleidung.de\/shop\/wp-json\/wp\/v2\/media\/88032"}],"wp:attachment":[{"href":"https:\/\/arbeitskleidung.de\/shop\/wp-json\/wp\/v2\/media?parent=87995"}],"wp:term":[{"taxonomy":"product_cat","embeddable":true,"href":"https:\/\/arbeitskleidung.de\/shop\/wp-json\/wp\/v2\/product_cat?post=87995"},{"taxonomy":"product_tag","embeddable":true,"href":"https:\/\/arbeitskleidung.de\/shop\/wp-json\/wp\/v2\/product_tag?post=87995"}],"curies":[{"name":"wp","href":"https:\/\/api.w.org\/{rel}","templated":true}]}}